{"id":101,"date":"2020-11-18T20:27:25","date_gmt":"2020-11-18T20:27:25","guid":{"rendered":"http:\/\/ectpro.wpengine.com\/?page_id=101"},"modified":"2022-01-20T19:17:39","modified_gmt":"2022-01-20T19:17:39","slug":"sherwyn-schwartz","status":"publish","type":"page","link":"https:\/\/endeavorct.com\/es\/about\/our-team\/sherwyn-schwartz\/","title":{"rendered":"Dra. Sherwyn Schwartz"},"content":{"rendered":"<div data-elementor-type=\"wp-page\" data-elementor-id=\"101\" class=\"elementor elementor-101\" data-elementor-post-type=\"page\">\n\t\t\t\t\t\t<section class=\"elementor-section elementor-top-section elementor-element elementor-element-08df00b elementor-section-boxed elementor-section-height-default elementor-section-height-default\" data-id=\"08df00b\" data-element_type=\"section\" data-e-type=\"section\">\n\t\t\t\t\t\t<div class=\"elementor-container elementor-column-gap-wider\">\n\t\t\t\t\t<div class=\"elementor-column elementor-col-33 elementor-top-column elementor-element elementor-element-1a3caaf\" data-id=\"1a3caaf\" data-element_type=\"column\" data-e-type=\"column\">\n\t\t\t<div class=\"elementor-widget-wrap elementor-element-populated\">\n\t\t\t\t\t\t<div class=\"elementor-element elementor-element-a7f46d6 elementor-widget elementor-widget-image\" data-id=\"a7f46d6\" data-element_type=\"widget\" data-e-type=\"widget\" data-widget_type=\"image.default\">\n\t\t\t\t\t\t\t\t\t\t\t\t<figure class=\"wp-caption\">\n\t\t\t\t\t\t\t\t\t\t<img fetchpriority=\"high\" decoding=\"async\" width=\"300\" height=\"435\" src=\"https:\/\/endeavorct.com\/wp-content\/uploads\/2021\/04\/DrSchwartz.png\" class=\"attachment-medium_large size-medium_large wp-image-846\" alt=\"Dr Schwartz\" srcset=\"https:\/\/endeavorct.com\/wp-content\/uploads\/2021\/04\/DrSchwartz.png 300w, https:\/\/endeavorct.com\/wp-content\/uploads\/2021\/04\/DrSchwartz-207x300.png 207w\" sizes=\"(max-width: 300px) 100vw, 300px\" \/>\t\t\t\t\t\t\t\t\t\t\t<figcaption class=\"widget-image-caption wp-caption-text\">Dra. Sherwyn Schwartz<\/figcaption>\n\t\t\t\t\t\t\t\t\t\t<\/figure>\n\t\t\t\t\t\t\t\t\t<\/div>\n\t\t\t\t\t<\/div>\n\t\t<\/div>\n\t\t\t\t<div class=\"elementor-column elementor-col-66 elementor-top-column elementor-element elementor-element-854a387\" data-id=\"854a387\" data-element_type=\"column\" data-e-type=\"column\">\n\t\t\t<div class=\"elementor-widget-wrap elementor-element-populated\">\n\t\t\t\t\t\t<div class=\"elementor-element elementor-element-876c754 elementor-widget elementor-widget-heading\" data-id=\"876c754\" data-element_type=\"widget\" data-e-type=\"widget\" data-widget_type=\"heading.default\">\n\t\t\t\t\t<h1 class=\"elementor-heading-title elementor-size-default\">Dra. Sherwyn Schwartz<\/h1>\t\t\t\t<\/div>\n\t\t\t\t<div class=\"elementor-element elementor-element-c8b9f88 elementor-widget elementor-widget-heading\" data-id=\"c8b9f88\" data-element_type=\"widget\" data-e-type=\"widget\" data-widget_type=\"heading.default\">\n\t\t\t\t\t<h2 class=\"elementor-heading-title elementor-size-default\">Especialista en Endocrinolog\u00eda, Diabetes y Metabolismo<\/h2>\t\t\t\t<\/div>\n\t\t\t\t<div class=\"elementor-element elementor-element-ddae710 elementor-widget elementor-widget-text-editor\" data-id=\"ddae710\" data-element_type=\"widget\" data-e-type=\"widget\" data-widget_type=\"text-editor.default\">\n\t\t\t\t\t\t\t\t\tEl Dr. Sherwyn Schwartz es el fundador y exdirector ejecutivo de la cl\u00ednica DGD y del centro de investigaci\u00f3n DGD. Mientras dirig\u00eda la primera, la cl\u00ednica atend\u00eda a 450 pacientes por d\u00eda con resultados que superaban a los de la cl\u00ednica de Cleveland. Tambi\u00e9n atendi\u00f3 personalmente a unos 125 pacientes por semana durante 37 a\u00f1os. En este puesto, tambi\u00e9n interactu\u00f3 con los pagadores y conoc\u00eda las necesidades del mercado.\n<br\/><br\/>\nDGD Research contaba con 350 empleados cuando se vendi\u00f3 a una empresa de capital privado en 2006. Su nombre figura en 1200 1572 y ha publicado 225 art\u00edculos. Fue la persona principal encargada del desarrollo empresarial y en un momento dado interactu\u00f3 con 80 empresas. Sus interacciones a veces ayudaron a redactar protocolos y otras veces con agencias de financiaci\u00f3n como las de capital riesgo para conseguir dinero para que las empresas pudieran seguir adelante con sus estudios.\n<br\/><br\/>\n\nEl Dr. Schwartz puede actuar como profesional, investigador, l\u00edder de opini\u00f3n clave, recaudador de fondos e intermediario con los pagadores.\t\t\t\t\t\t\t\t<\/div>\n\t\t\t\t\t<\/div>\n\t\t<\/div>\n\t\t\t\t\t<\/div>\n\t\t<\/section>\n\t\t\t\t<\/div>","protected":false},"excerpt":{"rendered":"<p>El Dr. Sherwyn Schwartz, especialista en endocrinolog\u00eda, diabetes y metabolismo, es el fundador y exdirector ejecutivo de la cl\u00ednica DGD y del centro de investigaci\u00f3n DGD. Mientras dirig\u00eda la primera, la cl\u00ednica atend\u00eda a 450 pacientes por d\u00eda con resultados que superaban a los de la cl\u00ednica de Cleveland. Tambi\u00e9n atendi\u00f3 personalmente a unos 125 pacientes por semana durante 37 a\u00f1os. En este puesto, \u2026 <\/p>\n<p class=\"read-more-container\"><a title=\"Dra. Sherwyn Schwartz\" class=\"read-more button\" href=\"https:\/\/endeavorct.com\/es\/about\/our-team\/sherwyn-schwartz\/#more-101\" aria-label=\"Leer m\u00e1s sobre Sherwyn Schwartz, MD\">Leer m\u00e1s<\/a><\/p>","protected":false},"author":1,"featured_media":0,"parent":17,"menu_order":0,"comment_status":"closed","ping_status":"closed","template":"","meta":{"footnotes":""},"class_list":["post-101","page","type-page","status-publish"],"yoast_head":"<!-- This site is optimized with the Yoast SEO plugin v27.3 - https:\/\/yoast.com\/product\/yoast-seo-wordpress\/ -->\n<title>Dr. Sherwyn Schwartz | Endeavor Clinical Trials in San Antonio, TX<\/title>\n<meta name=\"description\" content=\"Dr. Sherwyn Schwartz - Learn more about Dr. Sherwyn Schwartz, Endocrinology, Diabetes &amp; Metabolism Specialist at ECT in San Antonio, Texas.\" \/>\n<meta name=\"robots\" content=\"index, follow, max-snippet:-1, max-image-preview:large, max-video-preview:-1\" \/>\n<link rel=\"canonical\" href=\"https:\/\/endeavorct.com\/es\/about\/our-team\/sherwyn-schwartz\/\" \/>\n<meta property=\"og:locale\" content=\"es_MX\" \/>\n<meta property=\"og:type\" content=\"article\" \/>\n<meta property=\"og:title\" content=\"Dr. Sherwyn Schwartz | Endeavor Clinical Trials in San Antonio, TX\" \/>\n<meta property=\"og:description\" content=\"Dr. Sherwyn Schwartz - Learn more about Dr. Sherwyn Schwartz, Endocrinology, Diabetes &amp; Metabolism Specialist at ECT in San Antonio, Texas.\" \/>\n<meta property=\"og:url\" content=\"https:\/\/endeavorct.com\/es\/about\/our-team\/sherwyn-schwartz\/\" \/>\n<meta property=\"og:site_name\" content=\"Endeavor Clinical Trials\" \/>\n<meta property=\"article:modified_time\" content=\"2022-01-20T19:17:39+00:00\" \/>\n<meta property=\"og:image\" content=\"https:\/\/ectpro.wpengine.com\/wp-content\/uploads\/2021\/04\/DrSchwartz.png\" \/>\n<meta name=\"twitter:card\" content=\"summary_large_image\" \/>\n<meta name=\"twitter:label1\" content=\"Tiempo de lectura\" \/>\n\t<meta name=\"twitter:data1\" content=\"1 minuto\" \/>\n<script type=\"application\/ld+json\" class=\"yoast-schema-graph\">{\"@context\":\"https:\\\/\\\/schema.org\",\"@graph\":[{\"@type\":\"WebPage\",\"@id\":\"https:\\\/\\\/endeavorct.com\\\/about\\\/our-team\\\/sherwyn-schwartz\\\/\",\"url\":\"https:\\\/\\\/endeavorct.com\\\/about\\\/our-team\\\/sherwyn-schwartz\\\/\",\"name\":\"Dr. Sherwyn Schwartz | Endeavor Clinical Trials in San Antonio, TX\",\"isPartOf\":{\"@id\":\"https:\\\/\\\/endeavorct.com\\\/#website\"},\"primaryImageOfPage\":{\"@id\":\"https:\\\/\\\/endeavorct.com\\\/about\\\/our-team\\\/sherwyn-schwartz\\\/#primaryimage\"},\"image\":{\"@id\":\"https:\\\/\\\/endeavorct.com\\\/about\\\/our-team\\\/sherwyn-schwartz\\\/#primaryimage\"},\"thumbnailUrl\":\"https:\\\/\\\/ectpro.wpengine.com\\\/wp-content\\\/uploads\\\/2021\\\/04\\\/DrSchwartz.png\",\"datePublished\":\"2020-11-18T20:27:25+00:00\",\"dateModified\":\"2022-01-20T19:17:39+00:00\",\"description\":\"Dr. Sherwyn Schwartz - Learn more about Dr. Sherwyn Schwartz, Endocrinology, Diabetes & Metabolism Specialist at ECT in San Antonio, Texas.\",\"breadcrumb\":{\"@id\":\"https:\\\/\\\/endeavorct.com\\\/about\\\/our-team\\\/sherwyn-schwartz\\\/#breadcrumb\"},\"inLanguage\":\"es\",\"potentialAction\":[{\"@type\":\"ReadAction\",\"target\":[\"https:\\\/\\\/endeavorct.com\\\/about\\\/our-team\\\/sherwyn-schwartz\\\/\"]}]},{\"@type\":\"ImageObject\",\"inLanguage\":\"es\",\"@id\":\"https:\\\/\\\/endeavorct.com\\\/about\\\/our-team\\\/sherwyn-schwartz\\\/#primaryimage\",\"url\":\"https:\\\/\\\/ectpro.wpengine.com\\\/wp-content\\\/uploads\\\/2021\\\/04\\\/DrSchwartz.png\",\"contentUrl\":\"https:\\\/\\\/ectpro.wpengine.com\\\/wp-content\\\/uploads\\\/2021\\\/04\\\/DrSchwartz.png\"},{\"@type\":\"BreadcrumbList\",\"@id\":\"https:\\\/\\\/endeavorct.com\\\/about\\\/our-team\\\/sherwyn-schwartz\\\/#breadcrumb\",\"itemListElement\":[{\"@type\":\"ListItem\",\"position\":1,\"name\":\"Home\",\"item\":\"https:\\\/\\\/endeavorct.com\\\/\"},{\"@type\":\"ListItem\",\"position\":2,\"name\":\"About Endeavor Clinical Trials\",\"item\":\"https:\\\/\\\/endeavorct.com\\\/about\\\/\"},{\"@type\":\"ListItem\",\"position\":3,\"name\":\"Our Team\",\"item\":\"https:\\\/\\\/endeavorct.com\\\/about\\\/our-team\\\/\"},{\"@type\":\"ListItem\",\"position\":4,\"name\":\"Sherwyn Schwartz, M.D.\"}]},{\"@type\":\"WebSite\",\"@id\":\"https:\\\/\\\/endeavorct.com\\\/#website\",\"url\":\"https:\\\/\\\/endeavorct.com\\\/\",\"name\":\"Endeavor Clinical Trials\",\"description\":\"Clinical research in San Antonio, TX\",\"publisher\":{\"@id\":\"https:\\\/\\\/endeavorct.com\\\/#organization\"},\"potentialAction\":[{\"@type\":\"SearchAction\",\"target\":{\"@type\":\"EntryPoint\",\"urlTemplate\":\"https:\\\/\\\/endeavorct.com\\\/?s={search_term_string}\"},\"query-input\":{\"@type\":\"PropertyValueSpecification\",\"valueRequired\":true,\"valueName\":\"search_term_string\"}}],\"inLanguage\":\"es\"},{\"@type\":\"Organization\",\"@id\":\"https:\\\/\\\/endeavorct.com\\\/#organization\",\"name\":\"Endeavor Clinical Trials\",\"url\":\"https:\\\/\\\/endeavorct.com\\\/\",\"logo\":{\"@type\":\"ImageObject\",\"inLanguage\":\"es\",\"@id\":\"https:\\\/\\\/endeavorct.com\\\/#\\\/schema\\\/logo\\\/image\\\/\",\"url\":\"https:\\\/\\\/endeavorct.com\\\/wp-content\\\/uploads\\\/2026\\\/02\\\/ECT-Blue-Logo-300x159-1-copy.webp\",\"contentUrl\":\"https:\\\/\\\/endeavorct.com\\\/wp-content\\\/uploads\\\/2026\\\/02\\\/ECT-Blue-Logo-300x159-1-copy.webp\",\"width\":300,\"height\":159,\"caption\":\"Endeavor Clinical Trials\"},\"image\":{\"@id\":\"https:\\\/\\\/endeavorct.com\\\/#\\\/schema\\\/logo\\\/image\\\/\"}}]}<\/script>\n<!-- \/ Yoast SEO plugin. -->","yoast_head_json":{"title":"Dra. Sherwyn Schwartz | Ensayos Cl\u00ednicos Endeavor en San Antonio, Texas","description":"Dra. Sherwyn Schwartz - Obtenga m\u00e1s informaci\u00f3n sobre la Dra. Sherwyn Schwartz, especialista en endocrinolog\u00eda, diabetes y metabolismo en ECT en San Antonio, Texas.","robots":{"index":"index","follow":"follow","max-snippet":"max-snippet:-1","max-image-preview":"max-image-preview:large","max-video-preview":"max-video-preview:-1"},"canonical":"https:\/\/endeavorct.com\/es\/about\/our-team\/sherwyn-schwartz\/","og_locale":"es_MX","og_type":"article","og_title":"Dr. Sherwyn Schwartz | Endeavor Clinical Trials in San Antonio, TX","og_description":"Dr. Sherwyn Schwartz - Learn more about Dr. Sherwyn Schwartz, Endocrinology, Diabetes & Metabolism Specialist at ECT in San Antonio, Texas.","og_url":"https:\/\/endeavorct.com\/es\/about\/our-team\/sherwyn-schwartz\/","og_site_name":"Endeavor Clinical Trials","article_modified_time":"2022-01-20T19:17:39+00:00","og_image":[{"url":"https:\/\/ectpro.wpengine.com\/wp-content\/uploads\/2021\/04\/DrSchwartz.png","type":"","width":"","height":""}],"twitter_card":"summary_large_image","twitter_misc":{"Tiempo de lectura":"1 minuto"},"schema":{"@context":"https:\/\/schema.org","@graph":[{"@type":"WebPage","@id":"https:\/\/endeavorct.com\/about\/our-team\/sherwyn-schwartz\/","url":"https:\/\/endeavorct.com\/about\/our-team\/sherwyn-schwartz\/","name":"Dra. Sherwyn Schwartz | Ensayos Cl\u00ednicos Endeavor en San Antonio, Texas","isPartOf":{"@id":"https:\/\/endeavorct.com\/#website"},"primaryImageOfPage":{"@id":"https:\/\/endeavorct.com\/about\/our-team\/sherwyn-schwartz\/#primaryimage"},"image":{"@id":"https:\/\/endeavorct.com\/about\/our-team\/sherwyn-schwartz\/#primaryimage"},"thumbnailUrl":"https:\/\/ectpro.wpengine.com\/wp-content\/uploads\/2021\/04\/DrSchwartz.png","datePublished":"2020-11-18T20:27:25+00:00","dateModified":"2022-01-20T19:17:39+00:00","description":"Dra. Sherwyn Schwartz - Obtenga m\u00e1s informaci\u00f3n sobre la Dra. Sherwyn Schwartz, especialista en endocrinolog\u00eda, diabetes y metabolismo en ECT en San Antonio, Texas.","breadcrumb":{"@id":"https:\/\/endeavorct.com\/about\/our-team\/sherwyn-schwartz\/#breadcrumb"},"inLanguage":"es","potentialAction":[{"@type":"ReadAction","target":["https:\/\/endeavorct.com\/about\/our-team\/sherwyn-schwartz\/"]}]},{"@type":"ImageObject","inLanguage":"es","@id":"https:\/\/endeavorct.com\/about\/our-team\/sherwyn-schwartz\/#primaryimage","url":"https:\/\/ectpro.wpengine.com\/wp-content\/uploads\/2021\/04\/DrSchwartz.png","contentUrl":"https:\/\/ectpro.wpengine.com\/wp-content\/uploads\/2021\/04\/DrSchwartz.png"},{"@type":"BreadcrumbList","@id":"https:\/\/endeavorct.com\/about\/our-team\/sherwyn-schwartz\/#breadcrumb","itemListElement":[{"@type":"ListItem","position":1,"name":"Home","item":"https:\/\/endeavorct.com\/"},{"@type":"ListItem","position":2,"name":"About Endeavor Clinical Trials","item":"https:\/\/endeavorct.com\/about\/"},{"@type":"ListItem","position":3,"name":"Our Team","item":"https:\/\/endeavorct.com\/about\/our-team\/"},{"@type":"ListItem","position":4,"name":"Sherwyn Schwartz, M.D."}]},{"@type":"WebSite","@id":"https:\/\/endeavorct.com\/#website","url":"https:\/\/endeavorct.com\/","name":"Ensayos cl\u00ednicos de esfuerzo","description":"Investigaci\u00f3n cl\u00ednica en San Antonio, TX","publisher":{"@id":"https:\/\/endeavorct.com\/#organization"},"potentialAction":[{"@type":"SearchAction","target":{"@type":"EntryPoint","urlTemplate":"https:\/\/endeavorct.com\/?s={search_term_string}"},"query-input":{"@type":"PropertyValueSpecification","valueRequired":true,"valueName":"search_term_string"}}],"inLanguage":"es"},{"@type":"Organization","@id":"https:\/\/endeavorct.com\/#organization","name":"Ensayos cl\u00ednicos de esfuerzo","url":"https:\/\/endeavorct.com\/","logo":{"@type":"ImageObject","inLanguage":"es","@id":"https:\/\/endeavorct.com\/#\/schema\/logo\/image\/","url":"https:\/\/endeavorct.com\/wp-content\/uploads\/2026\/02\/ECT-Blue-Logo-300x159-1-copy.webp","contentUrl":"https:\/\/endeavorct.com\/wp-content\/uploads\/2026\/02\/ECT-Blue-Logo-300x159-1-copy.webp","width":300,"height":159,"caption":"Endeavor Clinical Trials"},"image":{"@id":"https:\/\/endeavorct.com\/#\/schema\/logo\/image\/"}}]}},"_links":{"self":[{"href":"https:\/\/endeavorct.com\/es\/wp-json\/wp\/v2\/pages\/101","targetHints":{"allow":["GET"]}}],"collection":[{"href":"https:\/\/endeavorct.com\/es\/wp-json\/wp\/v2\/pages"}],"about":[{"href":"https:\/\/endeavorct.com\/es\/wp-json\/wp\/v2\/types\/page"}],"author":[{"embeddable":true,"href":"https:\/\/endeavorct.com\/es\/wp-json\/wp\/v2\/users\/1"}],"replies":[{"embeddable":true,"href":"https:\/\/endeavorct.com\/es\/wp-json\/wp\/v2\/comments?post=101"}],"version-history":[{"count":0,"href":"https:\/\/endeavorct.com\/es\/wp-json\/wp\/v2\/pages\/101\/revisions"}],"up":[{"embeddable":true,"href":"https:\/\/endeavorct.com\/es\/wp-json\/wp\/v2\/pages\/17"}],"wp:attachment":[{"href":"https:\/\/endeavorct.com\/es\/wp-json\/wp\/v2\/media?parent=101"}],"curies":[{"name":"gracias","href":"https:\/\/api.w.org\/{rel}","templated":true}]}}