{"id":1202,"date":"2022-10-27T21:31:28","date_gmt":"2022-10-27T21:31:28","guid":{"rendered":"https:\/\/endeavorct.com\/?page_id=1202"},"modified":"2022-10-27T21:35:56","modified_gmt":"2022-10-27T21:35:56","slug":"thank-you","status":"publish","type":"page","link":"https:\/\/endeavorct.com\/es\/studies\/thank-you\/","title":{"rendered":"\u00a1Gracias!"},"content":{"rendered":"<div data-elementor-type=\"wp-page\" data-elementor-id=\"1202\" class=\"elementor elementor-1202\" data-elementor-post-type=\"page\">\n\t\t\t\t\t\t<section class=\"elementor-section elementor-top-section elementor-element elementor-element-7faa13b elementor-section-content-middle elementor-section-boxed elementor-section-height-default elementor-section-height-default\" data-id=\"7faa13b\" data-element_type=\"section\" data-e-type=\"section\">\n\t\t\t\t\t\t<div class=\"elementor-container elementor-column-gap-default\">\n\t\t\t\t\t<div class=\"elementor-column elementor-col-50 elementor-top-column elementor-element elementor-element-55db9ae\" data-id=\"55db9ae\" data-element_type=\"column\" data-e-type=\"column\">\n\t\t\t<div class=\"elementor-widget-wrap elementor-element-populated\">\n\t\t\t\t\t\t<div class=\"elementor-element elementor-element-c5876fd elementor-widget elementor-widget-image\" data-id=\"c5876fd\" data-element_type=\"widget\" data-e-type=\"widget\" data-widget_type=\"image.default\">\n\t\t\t\t\t\t\t\t\t\t\t\t\t\t\t<img fetchpriority=\"high\" decoding=\"async\" width=\"768\" height=\"444\" src=\"https:\/\/endeavorct.com\/wp-content\/uploads\/2021\/01\/thankyou-768x444.jpg\" class=\"attachment-medium_large size-medium_large wp-image-269\" alt=\"\" srcset=\"https:\/\/endeavorct.com\/wp-content\/uploads\/2021\/01\/thankyou-768x444.jpg 768w, https:\/\/endeavorct.com\/wp-content\/uploads\/2021\/01\/thankyou-300x174.jpg 300w, https:\/\/endeavorct.com\/wp-content\/uploads\/2021\/01\/thankyou-1024x592.jpg 1024w, https:\/\/endeavorct.com\/wp-content\/uploads\/2021\/01\/thankyou-16x9.jpg 16w, https:\/\/endeavorct.com\/wp-content\/uploads\/2021\/01\/thankyou.jpg 1200w\" sizes=\"(max-width: 768px) 100vw, 768px\" \/>\t\t\t\t\t\t\t\t\t\t\t\t\t\t\t<\/div>\n\t\t\t\t\t<\/div>\n\t\t<\/div>\n\t\t\t\t<div class=\"elementor-column elementor-col-50 elementor-top-column elementor-element elementor-element-691dd1f\" data-id=\"691dd1f\" data-element_type=\"column\" data-e-type=\"column\">\n\t\t\t<div class=\"elementor-widget-wrap elementor-element-populated\">\n\t\t\t\t\t\t<div class=\"elementor-element elementor-element-7c7bd3a elementor-widget elementor-widget-heading\" data-id=\"7c7bd3a\" data-element_type=\"widget\" data-e-type=\"widget\" data-widget_type=\"heading.default\">\n\t\t\t\t\t<h1 class=\"elementor-heading-title elementor-size-default\">\u00a1Gracias!<\/h1>\t\t\t\t<\/div>\n\t\t\t\t<div class=\"elementor-element elementor-element-3bbe9a5 elementor-widget elementor-widget-heading\" data-id=\"3bbe9a5\" data-element_type=\"widget\" data-e-type=\"widget\" data-widget_type=\"heading.default\">\n\t\t\t\t\t<h2 class=\"elementor-heading-title elementor-size-default\">Gracias por su inter\u00e9s en la investigaci\u00f3n de Endeavor Clinical Trials. Un representante se comunicar\u00e1 con usted pronto para brindarle m\u00e1s informaci\u00f3n si re\u00fane los requisitos para participar.<\/h2>\t\t\t\t<\/div>\n\t\t\t\t\t<\/div>\n\t\t<\/div>\n\t\t\t\t\t<\/div>\n\t\t<\/section>\n\t\t\t\t<\/div>","protected":false},"excerpt":{"rendered":"<p>\u00a1Gracias! Gracias por su inter\u00e9s en la investigaci\u00f3n de Endeavor Clinical Trials. Un representante se pondr\u00e1 en contacto con usted pr\u00f3ximamente para brindarle m\u00e1s informaci\u00f3n si cumple con los requisitos para participar.<\/p>","protected":false},"author":1,"featured_media":0,"parent":18,"menu_order":0,"comment_status":"closed","ping_status":"closed","template":"","meta":{"footnotes":""},"class_list":["post-1202","page","type-page","status-publish"],"yoast_head":"<!-- This site is optimized with the Yoast SEO plugin v27.4 - https:\/\/yoast.com\/product\/yoast-seo-wordpress\/ -->\n<title>Thank You! - Endeavor Clinical Trials<\/title>\n<meta name=\"robots\" content=\"index, follow, max-snippet:-1, max-image-preview:large, max-video-preview:-1\" \/>\n<link rel=\"canonical\" href=\"https:\/\/endeavorct.com\/es\/studies\/thank-you\/\" \/>\n<meta property=\"og:locale\" content=\"es_MX\" \/>\n<meta property=\"og:type\" content=\"article\" \/>\n<meta property=\"og:title\" content=\"Thank You! - Endeavor Clinical Trials\" \/>\n<meta property=\"og:description\" content=\"Thank you! Thank you for your interest in research at Endeavor Clinical Trials. A representative will contact you soon with more information if you qualify to participate.\" \/>\n<meta property=\"og:url\" content=\"https:\/\/endeavorct.com\/es\/studies\/thank-you\/\" \/>\n<meta property=\"og:site_name\" content=\"Endeavor Clinical Trials\" \/>\n<meta property=\"article:modified_time\" content=\"2022-10-27T21:35:56+00:00\" \/>\n<meta property=\"og:image\" content=\"https:\/\/endeavorct.com\/wp-content\/uploads\/2021\/01\/thankyou-768x444.jpg\" \/>\n<meta name=\"twitter:card\" content=\"summary_large_image\" \/>\n<meta name=\"twitter:label1\" content=\"Tiempo de lectura\" \/>\n\t<meta name=\"twitter:data1\" content=\"1 minuto\" \/>\n<script type=\"application\/ld+json\" class=\"yoast-schema-graph\">{\"@context\":\"https:\\\/\\\/schema.org\",\"@graph\":[{\"@type\":\"WebPage\",\"@id\":\"https:\\\/\\\/endeavorct.com\\\/studies\\\/thank-you\\\/\",\"url\":\"https:\\\/\\\/endeavorct.com\\\/studies\\\/thank-you\\\/\",\"name\":\"Thank You! - Endeavor Clinical Trials\",\"isPartOf\":{\"@id\":\"https:\\\/\\\/endeavorct.com\\\/#website\"},\"primaryImageOfPage\":{\"@id\":\"https:\\\/\\\/endeavorct.com\\\/studies\\\/thank-you\\\/#primaryimage\"},\"image\":{\"@id\":\"https:\\\/\\\/endeavorct.com\\\/studies\\\/thank-you\\\/#primaryimage\"},\"thumbnailUrl\":\"https:\\\/\\\/endeavorct.com\\\/wp-content\\\/uploads\\\/2021\\\/01\\\/thankyou-768x444.jpg\",\"datePublished\":\"2022-10-27T21:31:28+00:00\",\"dateModified\":\"2022-10-27T21:35:56+00:00\",\"breadcrumb\":{\"@id\":\"https:\\\/\\\/endeavorct.com\\\/studies\\\/thank-you\\\/#breadcrumb\"},\"inLanguage\":\"es\",\"potentialAction\":[{\"@type\":\"ReadAction\",\"target\":[\"https:\\\/\\\/endeavorct.com\\\/studies\\\/thank-you\\\/\"]}]},{\"@type\":\"ImageObject\",\"inLanguage\":\"es\",\"@id\":\"https:\\\/\\\/endeavorct.com\\\/studies\\\/thank-you\\\/#primaryimage\",\"url\":\"https:\\\/\\\/endeavorct.com\\\/wp-content\\\/uploads\\\/2021\\\/01\\\/thankyou-768x444.jpg\",\"contentUrl\":\"https:\\\/\\\/endeavorct.com\\\/wp-content\\\/uploads\\\/2021\\\/01\\\/thankyou-768x444.jpg\"},{\"@type\":\"BreadcrumbList\",\"@id\":\"https:\\\/\\\/endeavorct.com\\\/studies\\\/thank-you\\\/#breadcrumb\",\"itemListElement\":[{\"@type\":\"ListItem\",\"position\":1,\"name\":\"Home\",\"item\":\"https:\\\/\\\/endeavorct.com\\\/\"},{\"@type\":\"ListItem\",\"position\":2,\"name\":\"Currently Enrolling Studies\",\"item\":\"https:\\\/\\\/endeavorct.com\\\/studies\\\/\"},{\"@type\":\"ListItem\",\"position\":3,\"name\":\"Thank You!\"}]},{\"@type\":\"WebSite\",\"@id\":\"https:\\\/\\\/endeavorct.com\\\/#website\",\"url\":\"https:\\\/\\\/endeavorct.com\\\/\",\"name\":\"Endeavor Clinical Trials\",\"description\":\"Clinical research in San Antonio, TX\",\"publisher\":{\"@id\":\"https:\\\/\\\/endeavorct.com\\\/#organization\"},\"potentialAction\":[{\"@type\":\"SearchAction\",\"target\":{\"@type\":\"EntryPoint\",\"urlTemplate\":\"https:\\\/\\\/endeavorct.com\\\/?s={search_term_string}\"},\"query-input\":{\"@type\":\"PropertyValueSpecification\",\"valueRequired\":true,\"valueName\":\"search_term_string\"}}],\"inLanguage\":\"es\"},{\"@type\":\"Organization\",\"@id\":\"https:\\\/\\\/endeavorct.com\\\/#organization\",\"name\":\"Endeavor Clinical Trials\",\"url\":\"https:\\\/\\\/endeavorct.com\\\/\",\"logo\":{\"@type\":\"ImageObject\",\"inLanguage\":\"es\",\"@id\":\"https:\\\/\\\/endeavorct.com\\\/#\\\/schema\\\/logo\\\/image\\\/\",\"url\":\"https:\\\/\\\/endeavorct.com\\\/wp-content\\\/uploads\\\/2026\\\/02\\\/ECT-Blue-Logo-300x159-1-copy.webp\",\"contentUrl\":\"https:\\\/\\\/endeavorct.com\\\/wp-content\\\/uploads\\\/2026\\\/02\\\/ECT-Blue-Logo-300x159-1-copy.webp\",\"width\":300,\"height\":159,\"caption\":\"Endeavor Clinical Trials\"},\"image\":{\"@id\":\"https:\\\/\\\/endeavorct.com\\\/#\\\/schema\\\/logo\\\/image\\\/\"}}]}<\/script>\n<!-- \/ Yoast SEO plugin. -->","yoast_head_json":{"title":"\u00a1Gracias! - Endeavor Clinical Trials","robots":{"index":"index","follow":"follow","max-snippet":"max-snippet:-1","max-image-preview":"max-image-preview:large","max-video-preview":"max-video-preview:-1"},"canonical":"https:\/\/endeavorct.com\/es\/studies\/thank-you\/","og_locale":"es_MX","og_type":"article","og_title":"Thank You! - Endeavor Clinical Trials","og_description":"Thank you! Thank you for your interest in research at Endeavor Clinical Trials. A representative will contact you soon with more information if you qualify to participate.","og_url":"https:\/\/endeavorct.com\/es\/studies\/thank-you\/","og_site_name":"Endeavor Clinical Trials","article_modified_time":"2022-10-27T21:35:56+00:00","og_image":[{"url":"https:\/\/endeavorct.com\/wp-content\/uploads\/2021\/01\/thankyou-768x444.jpg","type":"","width":"","height":""}],"twitter_card":"summary_large_image","twitter_misc":{"Tiempo de lectura":"1 minuto"},"schema":{"@context":"https:\/\/schema.org","@graph":[{"@type":"WebPage","@id":"https:\/\/endeavorct.com\/studies\/thank-you\/","url":"https:\/\/endeavorct.com\/studies\/thank-you\/","name":"\u00a1Gracias! - Endeavor Clinical Trials","isPartOf":{"@id":"https:\/\/endeavorct.com\/#website"},"primaryImageOfPage":{"@id":"https:\/\/endeavorct.com\/studies\/thank-you\/#primaryimage"},"image":{"@id":"https:\/\/endeavorct.com\/studies\/thank-you\/#primaryimage"},"thumbnailUrl":"https:\/\/endeavorct.com\/wp-content\/uploads\/2021\/01\/thankyou-768x444.jpg","datePublished":"2022-10-27T21:31:28+00:00","dateModified":"2022-10-27T21:35:56+00:00","breadcrumb":{"@id":"https:\/\/endeavorct.com\/studies\/thank-you\/#breadcrumb"},"inLanguage":"es","potentialAction":[{"@type":"ReadAction","target":["https:\/\/endeavorct.com\/studies\/thank-you\/"]}]},{"@type":"ImageObject","inLanguage":"es","@id":"https:\/\/endeavorct.com\/studies\/thank-you\/#primaryimage","url":"https:\/\/endeavorct.com\/wp-content\/uploads\/2021\/01\/thankyou-768x444.jpg","contentUrl":"https:\/\/endeavorct.com\/wp-content\/uploads\/2021\/01\/thankyou-768x444.jpg"},{"@type":"BreadcrumbList","@id":"https:\/\/endeavorct.com\/studies\/thank-you\/#breadcrumb","itemListElement":[{"@type":"ListItem","position":1,"name":"Home","item":"https:\/\/endeavorct.com\/"},{"@type":"ListItem","position":2,"name":"Currently Enrolling Studies","item":"https:\/\/endeavorct.com\/studies\/"},{"@type":"ListItem","position":3,"name":"Thank You!"}]},{"@type":"WebSite","@id":"https:\/\/endeavorct.com\/#website","url":"https:\/\/endeavorct.com\/","name":"Ensayos cl\u00ednicos de esfuerzo","description":"Investigaci\u00f3n cl\u00ednica en San Antonio, TX","publisher":{"@id":"https:\/\/endeavorct.com\/#organization"},"potentialAction":[{"@type":"SearchAction","target":{"@type":"EntryPoint","urlTemplate":"https:\/\/endeavorct.com\/?s={search_term_string}"},"query-input":{"@type":"PropertyValueSpecification","valueRequired":true,"valueName":"search_term_string"}}],"inLanguage":"es"},{"@type":"Organization","@id":"https:\/\/endeavorct.com\/#organization","name":"Ensayos cl\u00ednicos de esfuerzo","url":"https:\/\/endeavorct.com\/","logo":{"@type":"ImageObject","inLanguage":"es","@id":"https:\/\/endeavorct.com\/#\/schema\/logo\/image\/","url":"https:\/\/endeavorct.com\/wp-content\/uploads\/2026\/02\/ECT-Blue-Logo-300x159-1-copy.webp","contentUrl":"https:\/\/endeavorct.com\/wp-content\/uploads\/2026\/02\/ECT-Blue-Logo-300x159-1-copy.webp","width":300,"height":159,"caption":"Endeavor Clinical Trials"},"image":{"@id":"https:\/\/endeavorct.com\/#\/schema\/logo\/image\/"}}]}},"_links":{"self":[{"href":"https:\/\/endeavorct.com\/es\/wp-json\/wp\/v2\/pages\/1202","targetHints":{"allow":["GET"]}}],"collection":[{"href":"https:\/\/endeavorct.com\/es\/wp-json\/wp\/v2\/pages"}],"about":[{"href":"https:\/\/endeavorct.com\/es\/wp-json\/wp\/v2\/types\/page"}],"author":[{"embeddable":true,"href":"https:\/\/endeavorct.com\/es\/wp-json\/wp\/v2\/users\/1"}],"replies":[{"embeddable":true,"href":"https:\/\/endeavorct.com\/es\/wp-json\/wp\/v2\/comments?post=1202"}],"version-history":[{"count":0,"href":"https:\/\/endeavorct.com\/es\/wp-json\/wp\/v2\/pages\/1202\/revisions"}],"up":[{"embeddable":true,"href":"https:\/\/endeavorct.com\/es\/wp-json\/wp\/v2\/pages\/18"}],"wp:attachment":[{"href":"https:\/\/endeavorct.com\/es\/wp-json\/wp\/v2\/media?parent=1202"}],"curies":[{"name":"gracias","href":"https:\/\/api.w.org\/{rel}","templated":true}]}}