{"id":1243,"date":"2023-08-18T20:10:09","date_gmt":"2023-08-18T20:10:09","guid":{"rendered":"https:\/\/endeavorct.com\/?page_id=1243"},"modified":"2024-08-28T12:12:06","modified_gmt":"2024-08-28T17:12:06","slug":"dennis-ruff-md","status":"publish","type":"page","link":"https:\/\/endeavorct.com\/es\/about\/our-team\/dennis-ruff-md\/","title":{"rendered":"Dr. Dennis Ruff"},"content":{"rendered":"<div data-elementor-type=\"wp-page\" data-elementor-id=\"1243\" class=\"elementor elementor-1243\" data-elementor-post-type=\"page\">\n\t\t\t\t\t\t<section class=\"elementor-section elementor-top-section elementor-element elementor-element-08df00b elementor-section-boxed elementor-section-height-default elementor-section-height-default\" data-id=\"08df00b\" data-element_type=\"section\" data-e-type=\"section\">\n\t\t\t\t\t\t<div class=\"elementor-container elementor-column-gap-wider\">\n\t\t\t\t\t<div class=\"elementor-column elementor-col-33 elementor-top-column elementor-element elementor-element-1a3caaf\" data-id=\"1a3caaf\" data-element_type=\"column\" data-e-type=\"column\">\n\t\t\t<div class=\"elementor-widget-wrap elementor-element-populated\">\n\t\t\t\t\t\t<div class=\"elementor-element elementor-element-a7f46d6 elementor-widget elementor-widget-image\" data-id=\"a7f46d6\" data-element_type=\"widget\" data-e-type=\"widget\" data-widget_type=\"image.default\">\n\t\t\t\t\t\t\t\t\t\t\t\t<figure class=\"wp-caption\">\n\t\t\t\t\t\t\t\t\t\t<img fetchpriority=\"high\" decoding=\"async\" width=\"768\" height=\"818\" src=\"https:\/\/endeavorct.com\/wp-content\/uploads\/2024\/03\/Dr.-Dennis-Ruff-768x818.png\" class=\"attachment-medium_large size-medium_large wp-image-1340\" alt=\"\" srcset=\"https:\/\/endeavorct.com\/wp-content\/uploads\/2024\/03\/Dr.-Dennis-Ruff-768x818.png 768w, https:\/\/endeavorct.com\/wp-content\/uploads\/2024\/03\/Dr.-Dennis-Ruff-282x300.png 282w, https:\/\/endeavorct.com\/wp-content\/uploads\/2024\/03\/Dr.-Dennis-Ruff-962x1024.png 962w, https:\/\/endeavorct.com\/wp-content\/uploads\/2024\/03\/Dr.-Dennis-Ruff-1443x1536.png 1443w, https:\/\/endeavorct.com\/wp-content\/uploads\/2024\/03\/Dr.-Dennis-Ruff.png 1503w\" sizes=\"(max-width: 768px) 100vw, 768px\" \/>\t\t\t\t\t\t\t\t\t\t\t<figcaption class=\"widget-image-caption wp-caption-text\">Dr. Dennis Ruff<\/figcaption>\n\t\t\t\t\t\t\t\t\t\t<\/figure>\n\t\t\t\t\t\t\t\t\t<\/div>\n\t\t\t\t\t<\/div>\n\t\t<\/div>\n\t\t\t\t<div class=\"elementor-column elementor-col-66 elementor-top-column elementor-element elementor-element-854a387\" data-id=\"854a387\" data-element_type=\"column\" data-e-type=\"column\">\n\t\t\t<div class=\"elementor-widget-wrap elementor-element-populated\">\n\t\t\t\t\t\t<div class=\"elementor-element elementor-element-876c754 elementor-widget elementor-widget-heading\" data-id=\"876c754\" data-element_type=\"widget\" data-e-type=\"widget\" data-widget_type=\"heading.default\">\n\t\t\t\t\t<h1 class=\"elementor-heading-title elementor-size-default\">Dr. Dennis Ruff<\/h1>\t\t\t\t<\/div>\n\t\t\t\t<div class=\"elementor-element elementor-element-c8b9f88 elementor-widget elementor-widget-heading\" data-id=\"c8b9f88\" data-element_type=\"widget\" data-e-type=\"widget\" data-widget_type=\"heading.default\">\n\t\t\t\t\t<h2 class=\"elementor-heading-title elementor-size-default\">Investigador principal<\/h2>\t\t\t\t<\/div>\n\t\t\t\t<div class=\"elementor-element elementor-element-ddae710 elementor-widget elementor-widget-text-editor\" data-id=\"ddae710\" data-element_type=\"widget\" data-e-type=\"widget\" data-widget_type=\"text-editor.default\">\n\t\t\t\t\t\t\t\t\t<p>Conozca al Dr. Ruff, un distinguido experto m\u00e9dico con una trayectoria notable en el \u00e1mbito de la atenci\u00f3n m\u00e9dica. Certificado por la Junta de Medicina Interna, el Dr. Ruff aporta una gran cantidad de conocimientos acumulados durante m\u00e1s de 35 a\u00f1os de pr\u00e1ctica cl\u00ednica. Con una dedicaci\u00f3n inquebrantable al avance de la ciencia m\u00e9dica, ha dedicado m\u00e1s de 32 a\u00f1os a la investigaci\u00f3n cl\u00ednica, estableci\u00e9ndose como un verdadero pionero en el campo. Como investigador principal en m\u00e1s de 475 ensayos, el Dr. Ruff ha desempe\u00f1ado un papel fundamental en la conformaci\u00f3n de avances m\u00e9dicos y la mejora de la atenci\u00f3n al paciente. Su legado de compromiso con la excelencia contin\u00faa inspirando y elevando los \u00e1mbitos de la medicina y la investigaci\u00f3n.<\/p>\t\t\t\t\t\t\t\t<\/div>\n\t\t\t\t\t<\/div>\n\t\t<\/div>\n\t\t\t\t\t<\/div>\n\t\t<\/section>\n\t\t\t\t<\/div>","protected":false},"excerpt":{"rendered":"<p>Investigador principal Conozca al Dr. Ruff, un distinguido experto m\u00e9dico con una trayectoria notable en el \u00e1mbito de la atenci\u00f3n m\u00e9dica. Certificado por la Junta en Medicina Interna, el Dr. Ruff aporta una gran cantidad de conocimientos acumulados durante m\u00e1s de 35 a\u00f1os de pr\u00e1ctica cl\u00ednica. Con una dedicaci\u00f3n inquebrantable al avance de la ciencia m\u00e9dica, ha dedicado m\u00e1s de 32 a\u00f1os a la investigaci\u00f3n cl\u00ednica, estableci\u00e9ndose como\u2026 <\/p>\n<p class=\"read-more-container\"><a title=\"Dr. Dennis Ruff\" class=\"read-more button\" href=\"https:\/\/endeavorct.com\/es\/about\/our-team\/dennis-ruff-md\/#more-1243\" aria-label=\"Leer m\u00e1s sobre Dennis Ruff, MD\">Leer m\u00e1s<\/a><\/p>","protected":false},"author":14,"featured_media":0,"parent":17,"menu_order":0,"comment_status":"closed","ping_status":"closed","template":"","meta":{"footnotes":""},"class_list":["post-1243","page","type-page","status-publish"],"yoast_head":"<!-- This site is optimized with the Yoast SEO plugin v27.4 - https:\/\/yoast.com\/product\/yoast-seo-wordpress\/ -->\n<title>Dennis Ruff, MD | Endeavor Clinical Trials in San Antonio, TX<\/title>\n<meta name=\"description\" content=\"Dennis Ruff, MD - Learn more about Dennis Ruff, MD at ECT in San Antonio, Texas.\" \/>\n<meta name=\"robots\" content=\"index, follow, max-snippet:-1, max-image-preview:large, max-video-preview:-1\" \/>\n<link rel=\"canonical\" href=\"https:\/\/endeavorct.com\/es\/about\/our-team\/dennis-ruff-md\/\" \/>\n<meta property=\"og:locale\" content=\"es_MX\" \/>\n<meta property=\"og:type\" content=\"article\" \/>\n<meta property=\"og:title\" content=\"Dennis Ruff, MD | Endeavor Clinical Trials in San Antonio, TX\" \/>\n<meta property=\"og:description\" content=\"Dennis Ruff, MD - Learn more about Dennis Ruff, MD at ECT in San Antonio, Texas.\" \/>\n<meta property=\"og:url\" content=\"https:\/\/endeavorct.com\/es\/about\/our-team\/dennis-ruff-md\/\" \/>\n<meta property=\"og:site_name\" content=\"Endeavor Clinical Trials\" \/>\n<meta property=\"article:modified_time\" content=\"2024-08-28T17:12:06+00:00\" \/>\n<meta property=\"og:image\" content=\"https:\/\/endeavorct.com\/wp-content\/uploads\/2024\/03\/Dr.-Dennis-Ruff-768x818.png\" \/>\n<meta name=\"twitter:card\" content=\"summary_large_image\" \/>\n<meta name=\"twitter:label1\" content=\"Tiempo de lectura\" \/>\n\t<meta name=\"twitter:data1\" content=\"1 minuto\" \/>\n<script type=\"application\/ld+json\" class=\"yoast-schema-graph\">{\"@context\":\"https:\\\/\\\/schema.org\",\"@graph\":[{\"@type\":\"WebPage\",\"@id\":\"https:\\\/\\\/endeavorct.com\\\/about\\\/our-team\\\/dennis-ruff-md\\\/\",\"url\":\"https:\\\/\\\/endeavorct.com\\\/about\\\/our-team\\\/dennis-ruff-md\\\/\",\"name\":\"Dennis Ruff, MD | Endeavor Clinical Trials in San Antonio, TX\",\"isPartOf\":{\"@id\":\"https:\\\/\\\/endeavorct.com\\\/#website\"},\"primaryImageOfPage\":{\"@id\":\"https:\\\/\\\/endeavorct.com\\\/about\\\/our-team\\\/dennis-ruff-md\\\/#primaryimage\"},\"image\":{\"@id\":\"https:\\\/\\\/endeavorct.com\\\/about\\\/our-team\\\/dennis-ruff-md\\\/#primaryimage\"},\"thumbnailUrl\":\"https:\\\/\\\/endeavorct.com\\\/wp-content\\\/uploads\\\/2024\\\/03\\\/Dr.-Dennis-Ruff-768x818.png\",\"datePublished\":\"2023-08-18T20:10:09+00:00\",\"dateModified\":\"2024-08-28T17:12:06+00:00\",\"description\":\"Dennis Ruff, MD - Learn more about Dennis Ruff, MD at ECT in San Antonio, Texas.\",\"breadcrumb\":{\"@id\":\"https:\\\/\\\/endeavorct.com\\\/about\\\/our-team\\\/dennis-ruff-md\\\/#breadcrumb\"},\"inLanguage\":\"es\",\"potentialAction\":[{\"@type\":\"ReadAction\",\"target\":[\"https:\\\/\\\/endeavorct.com\\\/about\\\/our-team\\\/dennis-ruff-md\\\/\"]}]},{\"@type\":\"ImageObject\",\"inLanguage\":\"es\",\"@id\":\"https:\\\/\\\/endeavorct.com\\\/about\\\/our-team\\\/dennis-ruff-md\\\/#primaryimage\",\"url\":\"https:\\\/\\\/endeavorct.com\\\/wp-content\\\/uploads\\\/2024\\\/03\\\/Dr.-Dennis-Ruff-768x818.png\",\"contentUrl\":\"https:\\\/\\\/endeavorct.com\\\/wp-content\\\/uploads\\\/2024\\\/03\\\/Dr.-Dennis-Ruff-768x818.png\"},{\"@type\":\"BreadcrumbList\",\"@id\":\"https:\\\/\\\/endeavorct.com\\\/about\\\/our-team\\\/dennis-ruff-md\\\/#breadcrumb\",\"itemListElement\":[{\"@type\":\"ListItem\",\"position\":1,\"name\":\"Home\",\"item\":\"https:\\\/\\\/endeavorct.com\\\/\"},{\"@type\":\"ListItem\",\"position\":2,\"name\":\"About Endeavor Clinical Trials\",\"item\":\"https:\\\/\\\/endeavorct.com\\\/about\\\/\"},{\"@type\":\"ListItem\",\"position\":3,\"name\":\"Our Team\",\"item\":\"https:\\\/\\\/endeavorct.com\\\/about\\\/our-team\\\/\"},{\"@type\":\"ListItem\",\"position\":4,\"name\":\"Dennis Ruff, MD\"}]},{\"@type\":\"WebSite\",\"@id\":\"https:\\\/\\\/endeavorct.com\\\/#website\",\"url\":\"https:\\\/\\\/endeavorct.com\\\/\",\"name\":\"Endeavor Clinical Trials\",\"description\":\"Clinical research in San Antonio, TX\",\"publisher\":{\"@id\":\"https:\\\/\\\/endeavorct.com\\\/#organization\"},\"potentialAction\":[{\"@type\":\"SearchAction\",\"target\":{\"@type\":\"EntryPoint\",\"urlTemplate\":\"https:\\\/\\\/endeavorct.com\\\/?s={search_term_string}\"},\"query-input\":{\"@type\":\"PropertyValueSpecification\",\"valueRequired\":true,\"valueName\":\"search_term_string\"}}],\"inLanguage\":\"es\"},{\"@type\":\"Organization\",\"@id\":\"https:\\\/\\\/endeavorct.com\\\/#organization\",\"name\":\"Endeavor Clinical Trials\",\"url\":\"https:\\\/\\\/endeavorct.com\\\/\",\"logo\":{\"@type\":\"ImageObject\",\"inLanguage\":\"es\",\"@id\":\"https:\\\/\\\/endeavorct.com\\\/#\\\/schema\\\/logo\\\/image\\\/\",\"url\":\"https:\\\/\\\/endeavorct.com\\\/wp-content\\\/uploads\\\/2026\\\/02\\\/ECT-Blue-Logo-300x159-1-copy.webp\",\"contentUrl\":\"https:\\\/\\\/endeavorct.com\\\/wp-content\\\/uploads\\\/2026\\\/02\\\/ECT-Blue-Logo-300x159-1-copy.webp\",\"width\":300,\"height\":159,\"caption\":\"Endeavor Clinical Trials\"},\"image\":{\"@id\":\"https:\\\/\\\/endeavorct.com\\\/#\\\/schema\\\/logo\\\/image\\\/\"}}]}<\/script>\n<!-- \/ Yoast SEO plugin. -->","yoast_head_json":{"title":"Dr. Dennis Ruff | Ensayos Cl\u00ednicos Endeavor en San Antonio, Texas","description":"Dennis Ruff, MD - Obtenga m\u00e1s informaci\u00f3n sobre Dennis Ruff, MD en ECT en San Antonio, Texas.","robots":{"index":"index","follow":"follow","max-snippet":"max-snippet:-1","max-image-preview":"max-image-preview:large","max-video-preview":"max-video-preview:-1"},"canonical":"https:\/\/endeavorct.com\/es\/about\/our-team\/dennis-ruff-md\/","og_locale":"es_MX","og_type":"article","og_title":"Dennis Ruff, MD | Endeavor Clinical Trials in San Antonio, TX","og_description":"Dennis Ruff, MD - Learn more about Dennis Ruff, MD at ECT in San Antonio, Texas.","og_url":"https:\/\/endeavorct.com\/es\/about\/our-team\/dennis-ruff-md\/","og_site_name":"Endeavor Clinical Trials","article_modified_time":"2024-08-28T17:12:06+00:00","og_image":[{"url":"https:\/\/endeavorct.com\/wp-content\/uploads\/2024\/03\/Dr.-Dennis-Ruff-768x818.png","type":"","width":"","height":""}],"twitter_card":"summary_large_image","twitter_misc":{"Tiempo de lectura":"1 minuto"},"schema":{"@context":"https:\/\/schema.org","@graph":[{"@type":"WebPage","@id":"https:\/\/endeavorct.com\/about\/our-team\/dennis-ruff-md\/","url":"https:\/\/endeavorct.com\/about\/our-team\/dennis-ruff-md\/","name":"Dr. Dennis Ruff | Ensayos Cl\u00ednicos Endeavor en San Antonio, Texas","isPartOf":{"@id":"https:\/\/endeavorct.com\/#website"},"primaryImageOfPage":{"@id":"https:\/\/endeavorct.com\/about\/our-team\/dennis-ruff-md\/#primaryimage"},"image":{"@id":"https:\/\/endeavorct.com\/about\/our-team\/dennis-ruff-md\/#primaryimage"},"thumbnailUrl":"https:\/\/endeavorct.com\/wp-content\/uploads\/2024\/03\/Dr.-Dennis-Ruff-768x818.png","datePublished":"2023-08-18T20:10:09+00:00","dateModified":"2024-08-28T17:12:06+00:00","description":"Dennis Ruff, MD - Obtenga m\u00e1s informaci\u00f3n sobre Dennis Ruff, MD en ECT en San Antonio, Texas.","breadcrumb":{"@id":"https:\/\/endeavorct.com\/about\/our-team\/dennis-ruff-md\/#breadcrumb"},"inLanguage":"es","potentialAction":[{"@type":"ReadAction","target":["https:\/\/endeavorct.com\/about\/our-team\/dennis-ruff-md\/"]}]},{"@type":"ImageObject","inLanguage":"es","@id":"https:\/\/endeavorct.com\/about\/our-team\/dennis-ruff-md\/#primaryimage","url":"https:\/\/endeavorct.com\/wp-content\/uploads\/2024\/03\/Dr.-Dennis-Ruff-768x818.png","contentUrl":"https:\/\/endeavorct.com\/wp-content\/uploads\/2024\/03\/Dr.-Dennis-Ruff-768x818.png"},{"@type":"BreadcrumbList","@id":"https:\/\/endeavorct.com\/about\/our-team\/dennis-ruff-md\/#breadcrumb","itemListElement":[{"@type":"ListItem","position":1,"name":"Home","item":"https:\/\/endeavorct.com\/"},{"@type":"ListItem","position":2,"name":"About Endeavor Clinical Trials","item":"https:\/\/endeavorct.com\/about\/"},{"@type":"ListItem","position":3,"name":"Our Team","item":"https:\/\/endeavorct.com\/about\/our-team\/"},{"@type":"ListItem","position":4,"name":"Dennis Ruff, MD"}]},{"@type":"WebSite","@id":"https:\/\/endeavorct.com\/#website","url":"https:\/\/endeavorct.com\/","name":"Ensayos cl\u00ednicos de esfuerzo","description":"Investigaci\u00f3n cl\u00ednica en San Antonio, TX","publisher":{"@id":"https:\/\/endeavorct.com\/#organization"},"potentialAction":[{"@type":"SearchAction","target":{"@type":"EntryPoint","urlTemplate":"https:\/\/endeavorct.com\/?s={search_term_string}"},"query-input":{"@type":"PropertyValueSpecification","valueRequired":true,"valueName":"search_term_string"}}],"inLanguage":"es"},{"@type":"Organization","@id":"https:\/\/endeavorct.com\/#organization","name":"Ensayos cl\u00ednicos de esfuerzo","url":"https:\/\/endeavorct.com\/","logo":{"@type":"ImageObject","inLanguage":"es","@id":"https:\/\/endeavorct.com\/#\/schema\/logo\/image\/","url":"https:\/\/endeavorct.com\/wp-content\/uploads\/2026\/02\/ECT-Blue-Logo-300x159-1-copy.webp","contentUrl":"https:\/\/endeavorct.com\/wp-content\/uploads\/2026\/02\/ECT-Blue-Logo-300x159-1-copy.webp","width":300,"height":159,"caption":"Endeavor Clinical Trials"},"image":{"@id":"https:\/\/endeavorct.com\/#\/schema\/logo\/image\/"}}]}},"_links":{"self":[{"href":"https:\/\/endeavorct.com\/es\/wp-json\/wp\/v2\/pages\/1243","targetHints":{"allow":["GET"]}}],"collection":[{"href":"https:\/\/endeavorct.com\/es\/wp-json\/wp\/v2\/pages"}],"about":[{"href":"https:\/\/endeavorct.com\/es\/wp-json\/wp\/v2\/types\/page"}],"author":[{"embeddable":true,"href":"https:\/\/endeavorct.com\/es\/wp-json\/wp\/v2\/users\/14"}],"replies":[{"embeddable":true,"href":"https:\/\/endeavorct.com\/es\/wp-json\/wp\/v2\/comments?post=1243"}],"version-history":[{"count":0,"href":"https:\/\/endeavorct.com\/es\/wp-json\/wp\/v2\/pages\/1243\/revisions"}],"up":[{"embeddable":true,"href":"https:\/\/endeavorct.com\/es\/wp-json\/wp\/v2\/pages\/17"}],"wp:attachment":[{"href":"https:\/\/endeavorct.com\/es\/wp-json\/wp\/v2\/media?parent=1243"}],"curies":[{"name":"gracias","href":"https:\/\/api.w.org\/{rel}","templated":true}]}}