{"id":1244,"date":"2023-08-18T20:28:55","date_gmt":"2023-08-18T20:28:55","guid":{"rendered":"https:\/\/endeavorct.com\/?page_id=1244"},"modified":"2024-08-28T12:12:37","modified_gmt":"2024-08-28T17:12:37","slug":"nitendra-agarwal-md","status":"publish","type":"page","link":"https:\/\/endeavorct.com\/es\/about\/our-team\/nitendra-agarwal-md\/","title":{"rendered":"Dra. Nitendra Agarwal"},"content":{"rendered":"<div data-elementor-type=\"wp-page\" data-elementor-id=\"1244\" class=\"elementor elementor-1244\" data-elementor-post-type=\"page\">\n\t\t\t\t\t\t<section class=\"elementor-section elementor-top-section elementor-element elementor-element-08df00b elementor-section-boxed elementor-section-height-default elementor-section-height-default\" data-id=\"08df00b\" data-element_type=\"section\" data-e-type=\"section\">\n\t\t\t\t\t\t<div class=\"elementor-container elementor-column-gap-wider\">\n\t\t\t\t\t<div class=\"elementor-column elementor-col-33 elementor-top-column elementor-element elementor-element-1a3caaf\" data-id=\"1a3caaf\" data-element_type=\"column\" data-e-type=\"column\">\n\t\t\t<div class=\"elementor-widget-wrap elementor-element-populated\">\n\t\t\t\t\t\t<div class=\"elementor-element elementor-element-a7f46d6 elementor-widget elementor-widget-image\" data-id=\"a7f46d6\" data-element_type=\"widget\" data-e-type=\"widget\" data-widget_type=\"image.default\">\n\t\t\t\t\t\t\t\t\t\t\t\t<figure class=\"wp-caption\">\n\t\t\t\t\t\t\t\t\t\t<img fetchpriority=\"high\" decoding=\"async\" width=\"768\" height=\"1024\" src=\"https:\/\/endeavorct.com\/wp-content\/uploads\/2024\/03\/Nitendra-Agarwal-768x1024.png\" class=\"attachment-medium_large size-medium_large wp-image-1342\" alt=\"\" srcset=\"https:\/\/endeavorct.com\/wp-content\/uploads\/2024\/03\/Nitendra-Agarwal-768x1024.png 768w, https:\/\/endeavorct.com\/wp-content\/uploads\/2024\/03\/Nitendra-Agarwal-225x300.png 225w, https:\/\/endeavorct.com\/wp-content\/uploads\/2024\/03\/Nitendra-Agarwal-1152x1536.png 1152w, https:\/\/endeavorct.com\/wp-content\/uploads\/2024\/03\/Nitendra-Agarwal-1536x2048.png 1536w\" sizes=\"(max-width: 768px) 100vw, 768px\" \/>\t\t\t\t\t\t\t\t\t\t\t<figcaption class=\"widget-image-caption wp-caption-text\">Dra. Nitendra Agarwal<\/figcaption>\n\t\t\t\t\t\t\t\t\t\t<\/figure>\n\t\t\t\t\t\t\t\t\t<\/div>\n\t\t\t\t\t<\/div>\n\t\t<\/div>\n\t\t\t\t<div class=\"elementor-column elementor-col-66 elementor-top-column elementor-element elementor-element-854a387\" data-id=\"854a387\" data-element_type=\"column\" data-e-type=\"column\">\n\t\t\t<div class=\"elementor-widget-wrap elementor-element-populated\">\n\t\t\t\t\t\t<div class=\"elementor-element elementor-element-876c754 elementor-widget elementor-widget-heading\" data-id=\"876c754\" data-element_type=\"widget\" data-e-type=\"widget\" data-widget_type=\"heading.default\">\n\t\t\t\t\t<h1 class=\"elementor-heading-title elementor-size-default\">Dra. Nitendra Agarwal<\/h1>\t\t\t\t<\/div>\n\t\t\t\t<div class=\"elementor-element elementor-element-c8b9f88 elementor-widget elementor-widget-heading\" data-id=\"c8b9f88\" data-element_type=\"widget\" data-e-type=\"widget\" data-widget_type=\"heading.default\">\n\t\t\t\t\t<h2 class=\"elementor-heading-title elementor-size-default\">Investigador principal<\/h2>\t\t\t\t<\/div>\n\t\t\t\t<div class=\"elementor-element elementor-element-ddae710 elementor-widget elementor-widget-text-editor\" data-id=\"ddae710\" data-element_type=\"widget\" data-e-type=\"widget\" data-widget_type=\"text-editor.default\">\n\t\t\t\t\t\t\t\t\t<p>El Dr. Agarwal es un distinguido profesional m\u00e9dico, que posee una prestigiosa Certificaci\u00f3n de la Junta en Medicina Interna. Con una trayectoria de una d\u00e9cada como m\u00e9dico hospitalista y profesor asistente cl\u00ednico, ha contribuido significativamente a la atenci\u00f3n al paciente y la educaci\u00f3n m\u00e9dica. La pasi\u00f3n del Dr. Agarwal por avanzar en el conocimiento m\u00e9dico se ejemplifica a\u00fan m\u00e1s con sus impresionantes m\u00e1s de 10 a\u00f1os de experiencia en investigaci\u00f3n en el \u00e1mbito acad\u00e9mico. Como investigador experimentado e investigador principal, ha encabezado estudios importantes, dejando una marca indeleble en el panorama de la investigaci\u00f3n m\u00e9dica. Impulsado por un compromiso inquebrantable con la excelencia, el Dr. Agarwal contin\u00faa uniendo los \u00e1mbitos de la pr\u00e1ctica cl\u00ednica y el acad\u00e9mico, dando forma al futuro de la atenci\u00f3n m\u00e9dica a trav\u00e9s de su experiencia multifac\u00e9tica.<\/p>\t\t\t\t\t\t\t\t<\/div>\n\t\t\t\t\t<\/div>\n\t\t<\/div>\n\t\t\t\t\t<\/div>\n\t\t<\/section>\n\t\t\t\t<\/div>","protected":false},"excerpt":{"rendered":"<p>El investigador principal, el Dr. Agarwal, es un distinguido profesional m\u00e9dico que cuenta con una prestigiosa certificaci\u00f3n de la Junta en Medicina Interna. Con una trayectoria de una d\u00e9cada como m\u00e9dico hospitalista y profesor asistente cl\u00ednico, ha contribuido significativamente a la atenci\u00f3n al paciente y la educaci\u00f3n m\u00e9dica. La pasi\u00f3n del Dr. Agarwal por promover el conocimiento m\u00e9dico se ejemplifica a\u00fan m\u00e1s con sus impresionantes m\u00e1s de 10 a\u00f1os de experiencia en investigaci\u00f3n... <\/p>\n<p class=\"read-more-container\"><a title=\"Dra. Nitendra Agarwal\" class=\"read-more button\" href=\"https:\/\/endeavorct.com\/es\/about\/our-team\/nitendra-agarwal-md\/#more-1244\" aria-label=\"Leer m\u00e1s sobre Nitendra Agarwal, MD\">Leer m\u00e1s<\/a><\/p>","protected":false},"author":14,"featured_media":0,"parent":17,"menu_order":0,"comment_status":"closed","ping_status":"closed","template":"","meta":{"footnotes":""},"class_list":["post-1244","page","type-page","status-publish"],"yoast_head":"<!-- This site is optimized with the Yoast SEO plugin v27.4 - https:\/\/yoast.com\/product\/yoast-seo-wordpress\/ -->\n<title>Nitendra Agarwal, MD | Endeavor Clinical Trials in San Antonio, TX<\/title>\n<meta name=\"description\" content=\"Nitendra Agarwal, MD - Learn more about Nitendra Agarwal, MD at ECT in San Antonio, Texas.\" \/>\n<meta name=\"robots\" content=\"index, follow, max-snippet:-1, max-image-preview:large, max-video-preview:-1\" \/>\n<link rel=\"canonical\" href=\"https:\/\/endeavorct.com\/es\/about\/our-team\/nitendra-agarwal-md\/\" \/>\n<meta property=\"og:locale\" content=\"es_MX\" \/>\n<meta property=\"og:type\" content=\"article\" \/>\n<meta property=\"og:title\" content=\"Nitendra Agarwal, MD | Endeavor Clinical Trials in San Antonio, TX\" \/>\n<meta property=\"og:description\" content=\"Nitendra Agarwal, MD - Learn more about Nitendra Agarwal, MD at ECT in San Antonio, Texas.\" \/>\n<meta property=\"og:url\" content=\"https:\/\/endeavorct.com\/es\/about\/our-team\/nitendra-agarwal-md\/\" \/>\n<meta property=\"og:site_name\" content=\"Endeavor Clinical Trials\" \/>\n<meta property=\"article:modified_time\" content=\"2024-08-28T17:12:37+00:00\" \/>\n<meta property=\"og:image\" content=\"https:\/\/endeavorct.com\/wp-content\/uploads\/2024\/03\/Nitendra-Agarwal-768x1024.png\" \/>\n<meta name=\"twitter:card\" content=\"summary_large_image\" \/>\n<meta name=\"twitter:label1\" content=\"Tiempo de lectura\" \/>\n\t<meta name=\"twitter:data1\" content=\"1 minuto\" \/>\n<script type=\"application\/ld+json\" class=\"yoast-schema-graph\">{\"@context\":\"https:\\\/\\\/schema.org\",\"@graph\":[{\"@type\":\"WebPage\",\"@id\":\"https:\\\/\\\/endeavorct.com\\\/about\\\/our-team\\\/nitendra-agarwal-md\\\/\",\"url\":\"https:\\\/\\\/endeavorct.com\\\/about\\\/our-team\\\/nitendra-agarwal-md\\\/\",\"name\":\"Nitendra Agarwal, MD | Endeavor Clinical Trials in San Antonio, TX\",\"isPartOf\":{\"@id\":\"https:\\\/\\\/endeavorct.com\\\/#website\"},\"primaryImageOfPage\":{\"@id\":\"https:\\\/\\\/endeavorct.com\\\/about\\\/our-team\\\/nitendra-agarwal-md\\\/#primaryimage\"},\"image\":{\"@id\":\"https:\\\/\\\/endeavorct.com\\\/about\\\/our-team\\\/nitendra-agarwal-md\\\/#primaryimage\"},\"thumbnailUrl\":\"https:\\\/\\\/endeavorct.com\\\/wp-content\\\/uploads\\\/2024\\\/03\\\/Nitendra-Agarwal-768x1024.png\",\"datePublished\":\"2023-08-18T20:28:55+00:00\",\"dateModified\":\"2024-08-28T17:12:37+00:00\",\"description\":\"Nitendra Agarwal, MD - Learn more about Nitendra Agarwal, MD at ECT in San Antonio, Texas.\",\"breadcrumb\":{\"@id\":\"https:\\\/\\\/endeavorct.com\\\/about\\\/our-team\\\/nitendra-agarwal-md\\\/#breadcrumb\"},\"inLanguage\":\"es\",\"potentialAction\":[{\"@type\":\"ReadAction\",\"target\":[\"https:\\\/\\\/endeavorct.com\\\/about\\\/our-team\\\/nitendra-agarwal-md\\\/\"]}]},{\"@type\":\"ImageObject\",\"inLanguage\":\"es\",\"@id\":\"https:\\\/\\\/endeavorct.com\\\/about\\\/our-team\\\/nitendra-agarwal-md\\\/#primaryimage\",\"url\":\"https:\\\/\\\/endeavorct.com\\\/wp-content\\\/uploads\\\/2024\\\/03\\\/Nitendra-Agarwal-768x1024.png\",\"contentUrl\":\"https:\\\/\\\/endeavorct.com\\\/wp-content\\\/uploads\\\/2024\\\/03\\\/Nitendra-Agarwal-768x1024.png\"},{\"@type\":\"BreadcrumbList\",\"@id\":\"https:\\\/\\\/endeavorct.com\\\/about\\\/our-team\\\/nitendra-agarwal-md\\\/#breadcrumb\",\"itemListElement\":[{\"@type\":\"ListItem\",\"position\":1,\"name\":\"Home\",\"item\":\"https:\\\/\\\/endeavorct.com\\\/\"},{\"@type\":\"ListItem\",\"position\":2,\"name\":\"About Endeavor Clinical Trials\",\"item\":\"https:\\\/\\\/endeavorct.com\\\/about\\\/\"},{\"@type\":\"ListItem\",\"position\":3,\"name\":\"Our Team\",\"item\":\"https:\\\/\\\/endeavorct.com\\\/about\\\/our-team\\\/\"},{\"@type\":\"ListItem\",\"position\":4,\"name\":\"Nitendra Agarwal, MD\"}]},{\"@type\":\"WebSite\",\"@id\":\"https:\\\/\\\/endeavorct.com\\\/#website\",\"url\":\"https:\\\/\\\/endeavorct.com\\\/\",\"name\":\"Endeavor Clinical Trials\",\"description\":\"Clinical research in San Antonio, TX\",\"publisher\":{\"@id\":\"https:\\\/\\\/endeavorct.com\\\/#organization\"},\"potentialAction\":[{\"@type\":\"SearchAction\",\"target\":{\"@type\":\"EntryPoint\",\"urlTemplate\":\"https:\\\/\\\/endeavorct.com\\\/?s={search_term_string}\"},\"query-input\":{\"@type\":\"PropertyValueSpecification\",\"valueRequired\":true,\"valueName\":\"search_term_string\"}}],\"inLanguage\":\"es\"},{\"@type\":\"Organization\",\"@id\":\"https:\\\/\\\/endeavorct.com\\\/#organization\",\"name\":\"Endeavor Clinical Trials\",\"url\":\"https:\\\/\\\/endeavorct.com\\\/\",\"logo\":{\"@type\":\"ImageObject\",\"inLanguage\":\"es\",\"@id\":\"https:\\\/\\\/endeavorct.com\\\/#\\\/schema\\\/logo\\\/image\\\/\",\"url\":\"https:\\\/\\\/endeavorct.com\\\/wp-content\\\/uploads\\\/2026\\\/02\\\/ECT-Blue-Logo-300x159-1-copy.webp\",\"contentUrl\":\"https:\\\/\\\/endeavorct.com\\\/wp-content\\\/uploads\\\/2026\\\/02\\\/ECT-Blue-Logo-300x159-1-copy.webp\",\"width\":300,\"height\":159,\"caption\":\"Endeavor Clinical Trials\"},\"image\":{\"@id\":\"https:\\\/\\\/endeavorct.com\\\/#\\\/schema\\\/logo\\\/image\\\/\"}}]}<\/script>\n<!-- \/ Yoast SEO plugin. -->","yoast_head_json":{"title":"Nitendra Agarwal, MD | Ensayos cl\u00ednicos de Endeavour en San Antonio, TX","description":"Nitendra Agarwal, MD: obtenga m\u00e1s informaci\u00f3n sobre Nitendra Agarwal, MD en ECT en San Antonio, Texas.","robots":{"index":"index","follow":"follow","max-snippet":"max-snippet:-1","max-image-preview":"max-image-preview:large","max-video-preview":"max-video-preview:-1"},"canonical":"https:\/\/endeavorct.com\/es\/about\/our-team\/nitendra-agarwal-md\/","og_locale":"es_MX","og_type":"article","og_title":"Nitendra Agarwal, MD | Endeavor Clinical Trials in San Antonio, TX","og_description":"Nitendra Agarwal, MD - Learn more about Nitendra Agarwal, MD at ECT in San Antonio, Texas.","og_url":"https:\/\/endeavorct.com\/es\/about\/our-team\/nitendra-agarwal-md\/","og_site_name":"Endeavor Clinical Trials","article_modified_time":"2024-08-28T17:12:37+00:00","og_image":[{"url":"https:\/\/endeavorct.com\/wp-content\/uploads\/2024\/03\/Nitendra-Agarwal-768x1024.png","type":"","width":"","height":""}],"twitter_card":"summary_large_image","twitter_misc":{"Tiempo de lectura":"1 minuto"},"schema":{"@context":"https:\/\/schema.org","@graph":[{"@type":"WebPage","@id":"https:\/\/endeavorct.com\/about\/our-team\/nitendra-agarwal-md\/","url":"https:\/\/endeavorct.com\/about\/our-team\/nitendra-agarwal-md\/","name":"Nitendra Agarwal, MD | Ensayos cl\u00ednicos de Endeavour en San Antonio, TX","isPartOf":{"@id":"https:\/\/endeavorct.com\/#website"},"primaryImageOfPage":{"@id":"https:\/\/endeavorct.com\/about\/our-team\/nitendra-agarwal-md\/#primaryimage"},"image":{"@id":"https:\/\/endeavorct.com\/about\/our-team\/nitendra-agarwal-md\/#primaryimage"},"thumbnailUrl":"https:\/\/endeavorct.com\/wp-content\/uploads\/2024\/03\/Nitendra-Agarwal-768x1024.png","datePublished":"2023-08-18T20:28:55+00:00","dateModified":"2024-08-28T17:12:37+00:00","description":"Nitendra Agarwal, MD: obtenga m\u00e1s informaci\u00f3n sobre Nitendra Agarwal, MD en ECT en San Antonio, Texas.","breadcrumb":{"@id":"https:\/\/endeavorct.com\/about\/our-team\/nitendra-agarwal-md\/#breadcrumb"},"inLanguage":"es","potentialAction":[{"@type":"ReadAction","target":["https:\/\/endeavorct.com\/about\/our-team\/nitendra-agarwal-md\/"]}]},{"@type":"ImageObject","inLanguage":"es","@id":"https:\/\/endeavorct.com\/about\/our-team\/nitendra-agarwal-md\/#primaryimage","url":"https:\/\/endeavorct.com\/wp-content\/uploads\/2024\/03\/Nitendra-Agarwal-768x1024.png","contentUrl":"https:\/\/endeavorct.com\/wp-content\/uploads\/2024\/03\/Nitendra-Agarwal-768x1024.png"},{"@type":"BreadcrumbList","@id":"https:\/\/endeavorct.com\/about\/our-team\/nitendra-agarwal-md\/#breadcrumb","itemListElement":[{"@type":"ListItem","position":1,"name":"Home","item":"https:\/\/endeavorct.com\/"},{"@type":"ListItem","position":2,"name":"About Endeavor Clinical Trials","item":"https:\/\/endeavorct.com\/about\/"},{"@type":"ListItem","position":3,"name":"Our Team","item":"https:\/\/endeavorct.com\/about\/our-team\/"},{"@type":"ListItem","position":4,"name":"Nitendra Agarwal, MD"}]},{"@type":"WebSite","@id":"https:\/\/endeavorct.com\/#website","url":"https:\/\/endeavorct.com\/","name":"Ensayos cl\u00ednicos de esfuerzo","description":"Investigaci\u00f3n cl\u00ednica en San Antonio, TX","publisher":{"@id":"https:\/\/endeavorct.com\/#organization"},"potentialAction":[{"@type":"SearchAction","target":{"@type":"EntryPoint","urlTemplate":"https:\/\/endeavorct.com\/?s={search_term_string}"},"query-input":{"@type":"PropertyValueSpecification","valueRequired":true,"valueName":"search_term_string"}}],"inLanguage":"es"},{"@type":"Organization","@id":"https:\/\/endeavorct.com\/#organization","name":"Ensayos cl\u00ednicos de esfuerzo","url":"https:\/\/endeavorct.com\/","logo":{"@type":"ImageObject","inLanguage":"es","@id":"https:\/\/endeavorct.com\/#\/schema\/logo\/image\/","url":"https:\/\/endeavorct.com\/wp-content\/uploads\/2026\/02\/ECT-Blue-Logo-300x159-1-copy.webp","contentUrl":"https:\/\/endeavorct.com\/wp-content\/uploads\/2026\/02\/ECT-Blue-Logo-300x159-1-copy.webp","width":300,"height":159,"caption":"Endeavor Clinical Trials"},"image":{"@id":"https:\/\/endeavorct.com\/#\/schema\/logo\/image\/"}}]}},"_links":{"self":[{"href":"https:\/\/endeavorct.com\/es\/wp-json\/wp\/v2\/pages\/1244","targetHints":{"allow":["GET"]}}],"collection":[{"href":"https:\/\/endeavorct.com\/es\/wp-json\/wp\/v2\/pages"}],"about":[{"href":"https:\/\/endeavorct.com\/es\/wp-json\/wp\/v2\/types\/page"}],"author":[{"embeddable":true,"href":"https:\/\/endeavorct.com\/es\/wp-json\/wp\/v2\/users\/14"}],"replies":[{"embeddable":true,"href":"https:\/\/endeavorct.com\/es\/wp-json\/wp\/v2\/comments?post=1244"}],"version-history":[{"count":0,"href":"https:\/\/endeavorct.com\/es\/wp-json\/wp\/v2\/pages\/1244\/revisions"}],"up":[{"embeddable":true,"href":"https:\/\/endeavorct.com\/es\/wp-json\/wp\/v2\/pages\/17"}],"wp:attachment":[{"href":"https:\/\/endeavorct.com\/es\/wp-json\/wp\/v2\/media?parent=1244"}],"curies":[{"name":"gracias","href":"https:\/\/api.w.org\/{rel}","templated":true}]}}