{"id":3,"date":"2020-11-16T16:51:26","date_gmt":"2020-11-16T16:51:26","guid":{"rendered":"http:\/\/ectpro.wpengine.com\/?page_id=3"},"modified":"2023-04-06T22:49:55","modified_gmt":"2023-04-06T22:49:55","slug":"privacy-policy","status":"publish","type":"page","link":"https:\/\/endeavorct.com\/es\/privacy-policy\/","title":{"rendered":"Pol\u00edtica de privacidad"},"content":{"rendered":"<p>Proteger su informaci\u00f3n privada es nuestra prioridad. Esta Declaraci\u00f3n de Privacidad se aplica a <b>Este sitio <\/b>y <strong>Ensayos cl\u00ednicos Endeavor (ECT) <\/strong>y rige la recopilaci\u00f3n y el uso de datos. A los efectos de esta Pol\u00edtica de privacidad, a menos que se indique lo contrario, todas las referencias a <strong>ECT<\/strong> incluir <strong><a href=\"http:\/\/clinicalpharmacologyofmiami.com\/\">Este sitio<\/a><\/strong>. El <strong>ECT<\/strong> El sitio web es el sitio de una agencia de comunicaciones digitales de servicio completo. Al utilizar el sitio <strong>ECT<\/strong> Al utilizar este sitio web, usted acepta las pr\u00e1cticas de datos descritas en esta declaraci\u00f3n.<\/p>\r\n\r\n\r\n\r\n<p><strong>Recopilaci\u00f3n de su informaci\u00f3n personal<\/strong><\/p>\r\n\r\n\r\n\r\n<p>Con el fin de brindarle mejor los productos y servicios ofrecidos en nuestro Sitio, <strong>ECT<\/strong> puede recopilar informaci\u00f3n de identificaci\u00f3n personal, como su:<\/p>\r\n\r\n\r\n\r\n<ul class=\"wp-block-list\">\r\n<li>Nombre y apellido<\/li>\r\n<li>Direcci\u00f3n de correo electr\u00f3nico<\/li>\r\n<li>Empleador<\/li>\r\n<\/ul>\r\n\r\n\r\n\r\n<p>No recopilamos ninguna informaci\u00f3n personal sobre usted a menos que nos la proporcione voluntariamente. Sin embargo, es posible que se le solicite que nos proporcione cierta informaci\u00f3n personal cuando elija utilizar ciertos productos o servicios disponibles en el Sitio. Estos pueden incluir: (a) registrarse para obtener una cuenta en nuestro Sitio; (b) participar en un sorteo o concurso patrocinado por nosotros o uno de nuestros socios; (c) registrarse para recibir ofertas especiales de terceros seleccionados; (d) enviarnos un mensaje de correo electr\u00f3nico; (e) enviar su tarjeta de cr\u00e9dito u otra informaci\u00f3n de pago al solicitar y comprar productos y servicios en nuestro Sitio. Es decir, utilizaremos su informaci\u00f3n para, entre otros, comunicarnos con usted en relaci\u00f3n con los servicios y\/o productos que nos haya solicitado. Tambi\u00e9n podemos recopilar informaci\u00f3n personal o no personal adicional en el futuro.<\/p>\r\n\r\n\r\n\r\n<p><strong>Uso de su informaci\u00f3n personal<\/strong><\/p>\r\n\r\n\r\n\r\n<p><strong>ECT<\/strong> recopila y utiliza su informaci\u00f3n personal para operar sus sitios web y brindar los servicios que ha solicitado.<\/p>\r\n\r\n\r\n\r\n<p><strong>ECT<\/strong> Tambi\u00e9n podemos utilizar su informaci\u00f3n de identificaci\u00f3n personal para informarle sobre otros productos o servicios disponibles en <strong>ECT<\/strong> y sus afiliados.<\/p>\r\n\r\n\r\n\r\n<p><strong>Compartir informaci\u00f3n con terceros<\/strong><\/p>\r\n\r\n\r\n\r\n<p><strong>ECT<\/strong> no vende, alquila ni arrienda sus listas de clientes a terceros.<\/p>\r\n\r\n\r\n\r\n<p><strong>ECT<\/strong> Puede compartir datos con socios de confianza para realizar an\u00e1lisis estad\u00edsticos, enviarle correos electr\u00f3nicos o correo postal, brindarle atenci\u00f3n al cliente o coordinar entregas. Todos estos terceros tienen prohibido usar su informaci\u00f3n personal excepto para brindar estos servicios a Lumentus, y est\u00e1n obligados a mantener la confidencialidad de su informaci\u00f3n.<\/p>\r\n\r\n\r\n\r\n<p><strong>ECT<\/strong> puede divulgar su informaci\u00f3n personal, sin previo aviso, si as\u00ed lo exige la ley o cree de buena fe que dicha acci\u00f3n es necesaria para: (a) cumplir con los edictos de la ley o cumplir con el proceso legal notificado <strong>ECT<\/strong> o el sitio; (b) proteger y defender los derechos o la propiedad de Lumentus; y\/o (c) actuar en circunstancias exigentes para proteger la seguridad personal de los usuarios de Lumentus o del p\u00fablico.<\/p>\r\n\r\n\r\n\r\n<p><strong>Informaci\u00f3n recopilada autom\u00e1ticamente<\/strong><\/p>\r\n\r\n\r\n\r\n<p>Lumentus puede recopilar autom\u00e1ticamente informaci\u00f3n sobre el hardware y el software de su computadora. Esta informaci\u00f3n puede incluir: su direcci\u00f3n IP, tipo de navegador, nombres de dominio, tiempos de acceso y direcciones de sitios web de referencia. Esta informaci\u00f3n se utiliza para el funcionamiento del servicio, para mantener la calidad del servicio y para proporcionar estad\u00edsticas generales sobre el uso del sitio web. <strong>ECT<\/strong> sitio web.<\/p>\r\n\r\n\r\n\r\n<p><strong>Campo de golf<\/strong><\/p>\r\n\r\n\r\n\r\n<p>Este sitio web contiene enlaces a otros sitios. Tenga en cuenta que no somos responsables del contenido ni de las pr\u00e1cticas de privacidad de dichos sitios. Recomendamos a nuestros usuarios que tengan cuidado cuando abandonen nuestro sitio y que lean las declaraciones de privacidad de cualquier otro sitio que recopile informaci\u00f3n de identificaci\u00f3n personal.<\/p>\r\n\r\n\r\n\r\n<p><strong>Ni\u00f1os menores de trece a\u00f1os<\/strong><\/p>\r\n\r\n\r\n\r\n<p><strong>ECT<\/strong> no recopila deliberadamente informaci\u00f3n personal identificable de ni\u00f1os menores de trece a\u00f1os. Si tienes menos de trece a\u00f1os, debes pedir permiso a tus padres o tutores para usar este sitio web.<\/p>\r\n\r\n\r\n\r\n<p><strong>Comunicaciones por correo electr\u00f3nico<\/strong><\/p>\r\n\r\n\r\n\r\n<p>De vez en cuando, <strong>ECT<\/strong> puede comunicarse con usted por correo electr\u00f3nico con el fin de proporcionarle anuncios, ofertas promocionales, alertas, confirmaciones, encuestas y\/u otra comunicaci\u00f3n general.<\/p>\r\n\r\n\r\n\r\n<p><strong>Cambios a esta Declaraci\u00f3n<\/strong><\/p>\r\n\r\n\r\n\r\n<p><strong>ECT<\/strong> se reserva el derecho de modificar esta Pol\u00edtica de privacidad de vez en cuando. Le notificaremos sobre cambios significativos en la forma en que tratamos la informaci\u00f3n personal envi\u00e1ndole un aviso a la direcci\u00f3n de correo electr\u00f3nico principal especificada en su cuenta, colocando un aviso destacado en nuestro sitio y\/o actualizando cualquier informaci\u00f3n de privacidad en esta p\u00e1gina. Su uso continuo del Sitio y\/o los Servicios disponibles a trav\u00e9s de este Sitio despu\u00e9s de dichas modificaciones constituir\u00e1 su: (a) reconocimiento de la Pol\u00edtica de privacidad modificada; y (b) aceptaci\u00f3n de cumplir y estar sujeto a esa Pol\u00edtica.<\/p>\r\n\r\n\r\n\r\n<p><strong>Informaci\u00f3n del contacto<\/strong><\/p>\r\n\r\n\r\n\r\n<p><strong>ECT<\/strong> agradece sus preguntas o comentarios con respecto a esta Declaraci\u00f3n de Privacidad. Si usted cree que <strong>ECT<\/strong> no se ha adherido a esta Declaraci\u00f3n, por favor p\u00f3ngase en contacto con <strong>ECT<\/strong> en:<\/p>\r\n\r\n\r\n\r\n<p><strong>Ensayos cl\u00ednicos de esfuerzo<\/strong><br \/><a href=\"https:\/\/goo.gl\/maps\/sEgmPrr2fe1jwv2cA\" target=\"_blank\" rel=\"noreferrer noopener\">9150 Huebner Road, Suite 345<br \/>San Antonio, TX 78240<\/a><\/p>\r\n\r\n\r\n\r\n<p><strong>Direcci\u00f3n de correo electr\u00f3nico:<br \/><\/strong>info@ErgClinical.com<\/p>\r\n\r\n\r\n\r\n<p><strong>N\u00famero telef\u00f3nico:<br \/><\/strong>(210) 949-0807<\/p>\r\n\r\n\r\n\r\n<p>Vigente a partir del 3 de abril de 2019<\/p>","protected":false},"excerpt":{"rendered":"<p>Proteger su informaci\u00f3n privada es nuestra prioridad. Esta Declaraci\u00f3n de privacidad se aplica a este sitio y a Endeavor Clinical Trials (ECT) y rige la recopilaci\u00f3n y el uso de datos. A los efectos de esta Pol\u00edtica de privacidad, a menos que se indique lo contrario, todas las referencias a ECT incluyen este sitio. El sitio web de ECT es un sitio de una agencia de comunicaciones digitales de servicio completo. Por\u2026 <\/p>\n<p class=\"read-more-container\"><a title=\"Pol\u00edtica de privacidad\" class=\"read-more button\" href=\"https:\/\/endeavorct.com\/es\/privacy-policy\/#more-3\" aria-label=\"Leer m\u00e1s sobre Pol\u00edtica de Privacidad\">Leer m\u00e1s<\/a><\/p>","protected":false},"author":1,"featured_media":0,"parent":0,"menu_order":0,"comment_status":"closed","ping_status":"closed","template":"","meta":{"footnotes":""},"class_list":["post-3","page","type-page","status-publish"],"yoast_head":"<!-- This site is optimized with the Yoast SEO plugin v27.3 - https:\/\/yoast.com\/product\/yoast-seo-wordpress\/ -->\n<title>Privacy Policy | Endeavor Clinical Trials in San Antonio, Texas<\/title>\n<meta name=\"description\" content=\"This privacy policy describes how we collect and use the information you provide to us. Reach out to us to find more about clinical trials.\" \/>\n<meta name=\"robots\" content=\"index, follow, max-snippet:-1, max-image-preview:large, max-video-preview:-1\" \/>\n<link rel=\"canonical\" href=\"https:\/\/endeavorct.com\/es\/privacy-policy\/\" \/>\n<meta property=\"og:locale\" content=\"es_MX\" \/>\n<meta property=\"og:type\" content=\"article\" \/>\n<meta property=\"og:title\" content=\"Privacy Policy | Endeavor Clinical Trials in San Antonio, Texas\" \/>\n<meta property=\"og:description\" content=\"This privacy policy describes how we collect and use the information you provide to us. Reach out to us to find more about clinical trials.\" \/>\n<meta property=\"og:url\" content=\"https:\/\/endeavorct.com\/es\/privacy-policy\/\" \/>\n<meta property=\"og:site_name\" content=\"Endeavor Clinical Trials\" \/>\n<meta property=\"article:modified_time\" content=\"2023-04-06T22:49:55+00:00\" \/>\n<meta name=\"twitter:card\" content=\"summary_large_image\" \/>\n<meta name=\"twitter:label1\" content=\"Tiempo de lectura\" \/>\n\t<meta name=\"twitter:data1\" content=\"4 minutos\" \/>\n<script type=\"application\/ld+json\" class=\"yoast-schema-graph\">{\"@context\":\"https:\\\/\\\/schema.org\",\"@graph\":[{\"@type\":\"WebPage\",\"@id\":\"https:\\\/\\\/endeavorct.com\\\/privacy-policy\\\/\",\"url\":\"https:\\\/\\\/endeavorct.com\\\/privacy-policy\\\/\",\"name\":\"Privacy Policy | Endeavor Clinical Trials in San Antonio, Texas\",\"isPartOf\":{\"@id\":\"https:\\\/\\\/endeavorct.com\\\/#website\"},\"datePublished\":\"2020-11-16T16:51:26+00:00\",\"dateModified\":\"2023-04-06T22:49:55+00:00\",\"description\":\"This privacy policy describes how we collect and use the information you provide to us. Reach out to us to find more about clinical trials.\",\"breadcrumb\":{\"@id\":\"https:\\\/\\\/endeavorct.com\\\/privacy-policy\\\/#breadcrumb\"},\"inLanguage\":\"es\",\"potentialAction\":[{\"@type\":\"ReadAction\",\"target\":[\"https:\\\/\\\/endeavorct.com\\\/privacy-policy\\\/\"]}]},{\"@type\":\"BreadcrumbList\",\"@id\":\"https:\\\/\\\/endeavorct.com\\\/privacy-policy\\\/#breadcrumb\",\"itemListElement\":[{\"@type\":\"ListItem\",\"position\":1,\"name\":\"Home\",\"item\":\"https:\\\/\\\/endeavorct.com\\\/\"},{\"@type\":\"ListItem\",\"position\":2,\"name\":\"Privacy Policy\"}]},{\"@type\":\"WebSite\",\"@id\":\"https:\\\/\\\/endeavorct.com\\\/#website\",\"url\":\"https:\\\/\\\/endeavorct.com\\\/\",\"name\":\"Endeavor Clinical Trials\",\"description\":\"Clinical research in San Antonio, TX\",\"publisher\":{\"@id\":\"https:\\\/\\\/endeavorct.com\\\/#organization\"},\"potentialAction\":[{\"@type\":\"SearchAction\",\"target\":{\"@type\":\"EntryPoint\",\"urlTemplate\":\"https:\\\/\\\/endeavorct.com\\\/?s={search_term_string}\"},\"query-input\":{\"@type\":\"PropertyValueSpecification\",\"valueRequired\":true,\"valueName\":\"search_term_string\"}}],\"inLanguage\":\"es\"},{\"@type\":\"Organization\",\"@id\":\"https:\\\/\\\/endeavorct.com\\\/#organization\",\"name\":\"Endeavor Clinical Trials\",\"url\":\"https:\\\/\\\/endeavorct.com\\\/\",\"logo\":{\"@type\":\"ImageObject\",\"inLanguage\":\"es\",\"@id\":\"https:\\\/\\\/endeavorct.com\\\/#\\\/schema\\\/logo\\\/image\\\/\",\"url\":\"https:\\\/\\\/endeavorct.com\\\/wp-content\\\/uploads\\\/2026\\\/02\\\/ECT-Blue-Logo-300x159-1-copy.webp\",\"contentUrl\":\"https:\\\/\\\/endeavorct.com\\\/wp-content\\\/uploads\\\/2026\\\/02\\\/ECT-Blue-Logo-300x159-1-copy.webp\",\"width\":300,\"height\":159,\"caption\":\"Endeavor Clinical Trials\"},\"image\":{\"@id\":\"https:\\\/\\\/endeavorct.com\\\/#\\\/schema\\\/logo\\\/image\\\/\"}}]}<\/script>\n<!-- \/ Yoast SEO plugin. -->","yoast_head_json":{"title":"Pol\u00edtica de privacidad | Endeavor Clinical Trials en San Antonio, Texas","description":"Esta pol\u00edtica de privacidad describe c\u00f3mo recopilamos y utilizamos la informaci\u00f3n que nos proporciona. Cont\u00e1ctenos para obtener m\u00e1s informaci\u00f3n sobre ensayos cl\u00ednicos.","robots":{"index":"index","follow":"follow","max-snippet":"max-snippet:-1","max-image-preview":"max-image-preview:large","max-video-preview":"max-video-preview:-1"},"canonical":"https:\/\/endeavorct.com\/es\/privacy-policy\/","og_locale":"es_MX","og_type":"article","og_title":"Privacy Policy | Endeavor Clinical Trials in San Antonio, Texas","og_description":"This privacy policy describes how we collect and use the information you provide to us. Reach out to us to find more about clinical trials.","og_url":"https:\/\/endeavorct.com\/es\/privacy-policy\/","og_site_name":"Endeavor Clinical Trials","article_modified_time":"2023-04-06T22:49:55+00:00","twitter_card":"summary_large_image","twitter_misc":{"Tiempo de lectura":"4 minutos"},"schema":{"@context":"https:\/\/schema.org","@graph":[{"@type":"WebPage","@id":"https:\/\/endeavorct.com\/privacy-policy\/","url":"https:\/\/endeavorct.com\/privacy-policy\/","name":"Pol\u00edtica de privacidad | Endeavor Clinical Trials en San Antonio, Texas","isPartOf":{"@id":"https:\/\/endeavorct.com\/#website"},"datePublished":"2020-11-16T16:51:26+00:00","dateModified":"2023-04-06T22:49:55+00:00","description":"Esta pol\u00edtica de privacidad describe c\u00f3mo recopilamos y utilizamos la informaci\u00f3n que nos proporciona. Cont\u00e1ctenos para obtener m\u00e1s informaci\u00f3n sobre ensayos cl\u00ednicos.","breadcrumb":{"@id":"https:\/\/endeavorct.com\/privacy-policy\/#breadcrumb"},"inLanguage":"es","potentialAction":[{"@type":"ReadAction","target":["https:\/\/endeavorct.com\/privacy-policy\/"]}]},{"@type":"BreadcrumbList","@id":"https:\/\/endeavorct.com\/privacy-policy\/#breadcrumb","itemListElement":[{"@type":"ListItem","position":1,"name":"Home","item":"https:\/\/endeavorct.com\/"},{"@type":"ListItem","position":2,"name":"Privacy Policy"}]},{"@type":"WebSite","@id":"https:\/\/endeavorct.com\/#website","url":"https:\/\/endeavorct.com\/","name":"Ensayos cl\u00ednicos de esfuerzo","description":"Investigaci\u00f3n cl\u00ednica en San Antonio, TX","publisher":{"@id":"https:\/\/endeavorct.com\/#organization"},"potentialAction":[{"@type":"SearchAction","target":{"@type":"EntryPoint","urlTemplate":"https:\/\/endeavorct.com\/?s={search_term_string}"},"query-input":{"@type":"PropertyValueSpecification","valueRequired":true,"valueName":"search_term_string"}}],"inLanguage":"es"},{"@type":"Organization","@id":"https:\/\/endeavorct.com\/#organization","name":"Ensayos cl\u00ednicos de esfuerzo","url":"https:\/\/endeavorct.com\/","logo":{"@type":"ImageObject","inLanguage":"es","@id":"https:\/\/endeavorct.com\/#\/schema\/logo\/image\/","url":"https:\/\/endeavorct.com\/wp-content\/uploads\/2026\/02\/ECT-Blue-Logo-300x159-1-copy.webp","contentUrl":"https:\/\/endeavorct.com\/wp-content\/uploads\/2026\/02\/ECT-Blue-Logo-300x159-1-copy.webp","width":300,"height":159,"caption":"Endeavor Clinical Trials"},"image":{"@id":"https:\/\/endeavorct.com\/#\/schema\/logo\/image\/"}}]}},"_links":{"self":[{"href":"https:\/\/endeavorct.com\/es\/wp-json\/wp\/v2\/pages\/3","targetHints":{"allow":["GET"]}}],"collection":[{"href":"https:\/\/endeavorct.com\/es\/wp-json\/wp\/v2\/pages"}],"about":[{"href":"https:\/\/endeavorct.com\/es\/wp-json\/wp\/v2\/types\/page"}],"author":[{"embeddable":true,"href":"https:\/\/endeavorct.com\/es\/wp-json\/wp\/v2\/users\/1"}],"replies":[{"embeddable":true,"href":"https:\/\/endeavorct.com\/es\/wp-json\/wp\/v2\/comments?post=3"}],"version-history":[{"count":0,"href":"https:\/\/endeavorct.com\/es\/wp-json\/wp\/v2\/pages\/3\/revisions"}],"wp:attachment":[{"href":"https:\/\/endeavorct.com\/es\/wp-json\/wp\/v2\/media?parent=3"}],"curies":[{"name":"gracias","href":"https:\/\/api.w.org\/{rel}","templated":true}]}}