{"id":304,"date":"2021-02-12T16:35:53","date_gmt":"2021-02-12T16:35:53","guid":{"rendered":"https:\/\/ectpro.wpengine.com\/?page_id=304"},"modified":"2021-02-12T16:38:36","modified_gmt":"2021-02-12T16:38:36","slug":"test-auto-translate","status":"publish","type":"page","link":"https:\/\/endeavorct.com\/es\/test-auto-translate\/","title":{"rendered":"Prueba de traducci\u00f3n autom\u00e1tica"},"content":{"rendered":"<div data-elementor-type=\"wp-page\" data-elementor-id=\"304\" class=\"elementor elementor-304\" data-elementor-post-type=\"page\">\n\t\t\t\t\t\t<section class=\"elementor-section elementor-top-section elementor-element elementor-element-093be8e elementor-section-boxed elementor-section-height-default elementor-section-height-default\" data-id=\"093be8e\" data-element_type=\"section\" data-e-type=\"section\">\n\t\t\t\t\t\t<div class=\"elementor-container elementor-column-gap-default\">\n\t\t\t\t\t<div class=\"elementor-column elementor-col-100 elementor-top-column elementor-element elementor-element-3384590\" data-id=\"3384590\" data-element_type=\"column\" data-e-type=\"column\">\n\t\t\t<div class=\"elementor-widget-wrap elementor-element-populated\">\n\t\t\t\t\t\t<div class=\"elementor-element elementor-element-b3e0f31 elementor-widget elementor-widget-heading\" data-id=\"b3e0f31\" data-element_type=\"widget\" data-e-type=\"widget\" data-widget_type=\"heading.default\">\n\t\t\t\t\t<h2 class=\"elementor-heading-title elementor-size-default\">Esta es una prueba de traducci\u00f3n autom\u00e1tica<\/h2>\t\t\t\t<\/div>\n\t\t\t\t\t<\/div>\n\t\t<\/div>\n\t\t\t\t\t<\/div>\n\t\t<\/section>\n\t\t\t\t<section class=\"elementor-section elementor-top-section elementor-element elementor-element-be4ea47 elementor-section-boxed elementor-section-height-default elementor-section-height-default\" data-id=\"be4ea47\" data-element_type=\"section\" data-e-type=\"section\">\n\t\t\t\t\t\t<div class=\"elementor-container elementor-column-gap-default\">\n\t\t\t\t\t<div class=\"elementor-column elementor-col-100 elementor-top-column elementor-element elementor-element-a636b15\" data-id=\"a636b15\" data-element_type=\"column\" data-e-type=\"column\">\n\t\t\t<div class=\"elementor-widget-wrap elementor-element-populated\">\n\t\t\t\t\t\t<div class=\"elementor-element elementor-element-14f7ee1 elementor-widget elementor-widget-text-editor\" data-id=\"14f7ee1\" data-element_type=\"widget\" data-e-type=\"widget\" data-widget_type=\"text-editor.default\">\n\t\t\t\t\t\t\t\t\t<p>Extra\u00f1os recuerdos de esta noche nerviosa en Las Vegas. \u00bfCinco a\u00f1os despu\u00e9s? \u00bfSeis? Parece toda una vida, o al menos una Era Principal, el tipo de pico que nunca vuelve a ocurrir. San Francisco a mediados de los sesenta era un momento y un lugar muy especial para ser parte. Quiz\u00e1s signific\u00f3 algo. Quiz\u00e1s no, a largo plazo. . . pero ninguna explicaci\u00f3n, ninguna mezcla de palabras, m\u00fasica o recuerdos puede tocar esa sensaci\u00f3n de saber que estabas ah\u00ed y vivo en ese rinc\u00f3n del tiempo y del mundo. Lo que sea que signifique. . . .<\/p><p>La historia es dif\u00edcil de saber, debido a todas las tonter\u00edas contratadas, pero incluso sin estar seguro de la &quot;historia&quot;, parece completamente razonable pensar que de vez en cuando la energ\u00eda de toda una generaci\u00f3n llega a un punto cr\u00edtico en un largo y fino destello, porque razones que nadie entiende realmente en ese momento y que nunca explican, en retrospectiva, lo que realmente sucedi\u00f3.<\/p><p>Mi recuerdo central de esa \u00e9poca parece colgar en una o cinco o tal vez cuarenta noches, o muy temprano en la ma\u00f1ana, cuando dej\u00e9 el Fillmore medio loco y, en lugar de ir a casa, apunt\u00e9 el gran 650 Lightning a trav\u00e9s del Bay Bridge a cien millas por hora vistiendo shorts LL Bean y una chaqueta de pastor de Butte. . . retumbando a trav\u00e9s del t\u00fanel de Treasure Island en las luces de Oakland y Berkeley y Richmond, sin estar muy seguro de qu\u00e9 desv\u00edo tomar cuando llegu\u00e9 al otro extremo (siempre parado en la puerta de peaje, demasiado retorcido para encontrar neutral mientras buscaba a tientas cambio) . . . pero estando absolutamente seguro de que no importaba por d\u00f3nde fuera, llegar\u00eda a un lugar donde la gente era tan alta y salvaje como yo: no hay duda de eso. . . .<\/p><p>Hab\u00eda locura en cualquier direcci\u00f3n, a cualquier hora. Si no est\u00e1 al otro lado de la bah\u00eda, suba por Golden Gate o baje la 101 hasta Los Altos o La Honda. . . . Podr\u00edas lanzar chispas en cualquier lugar. Hab\u00eda una sensaci\u00f3n universal fant\u00e1stica de que todo lo que est\u00e1bamos haciendo estaba bien, de que est\u00e1bamos ganando. . . .<\/p><p>Y ese, creo, fue el mango, esa sensaci\u00f3n de victoria inevitable sobre las fuerzas del Viejo y del Mal. No en ning\u00fan sentido militar o medio; no lo necesit\u00e1bamos. Nuestra energ\u00eda simplemente prevalecer\u00eda. No ten\u00eda sentido luchar, ni de nuestro lado ni del de ellos. Tuvimos todo el impulso; est\u00e1bamos montando la cresta de una ola alta y hermosa. . . .<\/p><p>As\u00ed que ahora, menos de cinco a\u00f1os despu\u00e9s, puedes subir a una colina empinada en Las Vegas y mirar hacia el oeste, y con los ojos adecuados casi puedes ver la marca de la marea alta, ese lugar donde la ola finalmente rompi\u00f3 y rod\u00f3. espalda.<\/p>\t\t\t\t\t\t\t\t<\/div>\n\t\t\t\t\t<\/div>\n\t\t<\/div>\n\t\t\t\t\t<\/div>\n\t\t<\/section>\n\t\t\t\t<\/div>","protected":false},"excerpt":{"rendered":"<p>This is a test of auto translate Strange memories on this nervous night in Las Vegas. Five years later? Six? It seems like a lifetime, or at least a Main Era\u2014the kind of peak that never comes again. San Francisco in the middle sixties was a very special time and place to be a part &#8230; <\/p>\n<p class=\"read-more-container\"><a title=\"Prueba de traducci\u00f3n autom\u00e1tica\" class=\"read-more button\" href=\"https:\/\/endeavorct.com\/es\/test-auto-translate\/#more-304\" aria-label=\"Leer m\u00e1s sobre Test Auto Translate\">Leer m\u00e1s<\/a><\/p>","protected":false},"author":1,"featured_media":0,"parent":0,"menu_order":0,"comment_status":"closed","ping_status":"closed","template":"","meta":{"footnotes":""},"class_list":["post-304","page","type-page","status-publish"],"yoast_head":"<!-- This site is optimized with the Yoast SEO plugin v27.3 - https:\/\/yoast.com\/product\/yoast-seo-wordpress\/ -->\n<title>Test Auto Translate - Endeavor Clinical Trials<\/title>\n<meta name=\"robots\" content=\"index, follow, max-snippet:-1, max-image-preview:large, max-video-preview:-1\" \/>\n<link rel=\"canonical\" href=\"https:\/\/endeavorct.com\/es\/test-auto-translate\/\" \/>\n<meta property=\"og:locale\" content=\"es_MX\" \/>\n<meta property=\"og:type\" content=\"article\" \/>\n<meta property=\"og:title\" content=\"Test Auto Translate - Endeavor Clinical Trials\" \/>\n<meta property=\"og:description\" content=\"This is a test of auto translate Strange memories on this nervous night in Las Vegas. Five years later? Six? It seems like a lifetime, or at least a Main Era\u2014the kind of peak that never comes again. San Francisco in the middle sixties was a very special time and place to be a part ... Read more\" \/>\n<meta property=\"og:url\" content=\"https:\/\/endeavorct.com\/es\/test-auto-translate\/\" \/>\n<meta property=\"og:site_name\" content=\"Endeavor Clinical Trials\" \/>\n<meta property=\"article:modified_time\" content=\"2021-02-12T16:38:36+00:00\" \/>\n<meta name=\"twitter:card\" content=\"summary_large_image\" \/>\n<meta name=\"twitter:label1\" content=\"Tiempo de lectura\" \/>\n\t<meta name=\"twitter:data1\" content=\"2 minutos\" \/>\n<script type=\"application\/ld+json\" class=\"yoast-schema-graph\">{\"@context\":\"https:\\\/\\\/schema.org\",\"@graph\":[{\"@type\":\"WebPage\",\"@id\":\"https:\\\/\\\/endeavorct.com\\\/test-auto-translate\\\/\",\"url\":\"https:\\\/\\\/endeavorct.com\\\/test-auto-translate\\\/\",\"name\":\"Test Auto Translate - Endeavor Clinical Trials\",\"isPartOf\":{\"@id\":\"https:\\\/\\\/endeavorct.com\\\/#website\"},\"datePublished\":\"2021-02-12T16:35:53+00:00\",\"dateModified\":\"2021-02-12T16:38:36+00:00\",\"breadcrumb\":{\"@id\":\"https:\\\/\\\/endeavorct.com\\\/test-auto-translate\\\/#breadcrumb\"},\"inLanguage\":\"es\",\"potentialAction\":[{\"@type\":\"ReadAction\",\"target\":[\"https:\\\/\\\/endeavorct.com\\\/test-auto-translate\\\/\"]}]},{\"@type\":\"BreadcrumbList\",\"@id\":\"https:\\\/\\\/endeavorct.com\\\/test-auto-translate\\\/#breadcrumb\",\"itemListElement\":[{\"@type\":\"ListItem\",\"position\":1,\"name\":\"Home\",\"item\":\"https:\\\/\\\/endeavorct.com\\\/\"},{\"@type\":\"ListItem\",\"position\":2,\"name\":\"Test Auto Translate\"}]},{\"@type\":\"WebSite\",\"@id\":\"https:\\\/\\\/endeavorct.com\\\/#website\",\"url\":\"https:\\\/\\\/endeavorct.com\\\/\",\"name\":\"Endeavor Clinical Trials\",\"description\":\"Clinical research in San Antonio, TX\",\"publisher\":{\"@id\":\"https:\\\/\\\/endeavorct.com\\\/#organization\"},\"potentialAction\":[{\"@type\":\"SearchAction\",\"target\":{\"@type\":\"EntryPoint\",\"urlTemplate\":\"https:\\\/\\\/endeavorct.com\\\/?s={search_term_string}\"},\"query-input\":{\"@type\":\"PropertyValueSpecification\",\"valueRequired\":true,\"valueName\":\"search_term_string\"}}],\"inLanguage\":\"es\"},{\"@type\":\"Organization\",\"@id\":\"https:\\\/\\\/endeavorct.com\\\/#organization\",\"name\":\"Endeavor Clinical Trials\",\"url\":\"https:\\\/\\\/endeavorct.com\\\/\",\"logo\":{\"@type\":\"ImageObject\",\"inLanguage\":\"es\",\"@id\":\"https:\\\/\\\/endeavorct.com\\\/#\\\/schema\\\/logo\\\/image\\\/\",\"url\":\"https:\\\/\\\/endeavorct.com\\\/wp-content\\\/uploads\\\/2026\\\/02\\\/ECT-Blue-Logo-300x159-1-copy.webp\",\"contentUrl\":\"https:\\\/\\\/endeavorct.com\\\/wp-content\\\/uploads\\\/2026\\\/02\\\/ECT-Blue-Logo-300x159-1-copy.webp\",\"width\":300,\"height\":159,\"caption\":\"Endeavor Clinical Trials\"},\"image\":{\"@id\":\"https:\\\/\\\/endeavorct.com\\\/#\\\/schema\\\/logo\\\/image\\\/\"}}]}<\/script>\n<!-- \/ Yoast SEO plugin. -->","yoast_head_json":{"title":"Test Auto Translate - Endeavor Clinical Trials","robots":{"index":"index","follow":"follow","max-snippet":"max-snippet:-1","max-image-preview":"max-image-preview:large","max-video-preview":"max-video-preview:-1"},"canonical":"https:\/\/endeavorct.com\/es\/test-auto-translate\/","og_locale":"es_MX","og_type":"article","og_title":"Test Auto Translate - Endeavor Clinical Trials","og_description":"This is a test of auto translate Strange memories on this nervous night in Las Vegas. Five years later? Six? It seems like a lifetime, or at least a Main Era\u2014the kind of peak that never comes again. San Francisco in the middle sixties was a very special time and place to be a part ... Read more","og_url":"https:\/\/endeavorct.com\/es\/test-auto-translate\/","og_site_name":"Endeavor Clinical Trials","article_modified_time":"2021-02-12T16:38:36+00:00","twitter_card":"summary_large_image","twitter_misc":{"Tiempo de lectura":"2 minutos"},"schema":{"@context":"https:\/\/schema.org","@graph":[{"@type":"WebPage","@id":"https:\/\/endeavorct.com\/test-auto-translate\/","url":"https:\/\/endeavorct.com\/test-auto-translate\/","name":"Test Auto Translate - Endeavor Clinical Trials","isPartOf":{"@id":"https:\/\/endeavorct.com\/#website"},"datePublished":"2021-02-12T16:35:53+00:00","dateModified":"2021-02-12T16:38:36+00:00","breadcrumb":{"@id":"https:\/\/endeavorct.com\/test-auto-translate\/#breadcrumb"},"inLanguage":"es","potentialAction":[{"@type":"ReadAction","target":["https:\/\/endeavorct.com\/test-auto-translate\/"]}]},{"@type":"BreadcrumbList","@id":"https:\/\/endeavorct.com\/test-auto-translate\/#breadcrumb","itemListElement":[{"@type":"ListItem","position":1,"name":"Home","item":"https:\/\/endeavorct.com\/"},{"@type":"ListItem","position":2,"name":"Test Auto Translate"}]},{"@type":"WebSite","@id":"https:\/\/endeavorct.com\/#website","url":"https:\/\/endeavorct.com\/","name":"Ensayos cl\u00ednicos de esfuerzo","description":"Investigaci\u00f3n cl\u00ednica en San Antonio, TX","publisher":{"@id":"https:\/\/endeavorct.com\/#organization"},"potentialAction":[{"@type":"SearchAction","target":{"@type":"EntryPoint","urlTemplate":"https:\/\/endeavorct.com\/?s={search_term_string}"},"query-input":{"@type":"PropertyValueSpecification","valueRequired":true,"valueName":"search_term_string"}}],"inLanguage":"es"},{"@type":"Organization","@id":"https:\/\/endeavorct.com\/#organization","name":"Ensayos cl\u00ednicos de esfuerzo","url":"https:\/\/endeavorct.com\/","logo":{"@type":"ImageObject","inLanguage":"es","@id":"https:\/\/endeavorct.com\/#\/schema\/logo\/image\/","url":"https:\/\/endeavorct.com\/wp-content\/uploads\/2026\/02\/ECT-Blue-Logo-300x159-1-copy.webp","contentUrl":"https:\/\/endeavorct.com\/wp-content\/uploads\/2026\/02\/ECT-Blue-Logo-300x159-1-copy.webp","width":300,"height":159,"caption":"Endeavor Clinical Trials"},"image":{"@id":"https:\/\/endeavorct.com\/#\/schema\/logo\/image\/"}}]}},"_links":{"self":[{"href":"https:\/\/endeavorct.com\/es\/wp-json\/wp\/v2\/pages\/304","targetHints":{"allow":["GET"]}}],"collection":[{"href":"https:\/\/endeavorct.com\/es\/wp-json\/wp\/v2\/pages"}],"about":[{"href":"https:\/\/endeavorct.com\/es\/wp-json\/wp\/v2\/types\/page"}],"author":[{"embeddable":true,"href":"https:\/\/endeavorct.com\/es\/wp-json\/wp\/v2\/users\/1"}],"replies":[{"embeddable":true,"href":"https:\/\/endeavorct.com\/es\/wp-json\/wp\/v2\/comments?post=304"}],"version-history":[{"count":0,"href":"https:\/\/endeavorct.com\/es\/wp-json\/wp\/v2\/pages\/304\/revisions"}],"wp:attachment":[{"href":"https:\/\/endeavorct.com\/es\/wp-json\/wp\/v2\/media?parent=304"}],"curies":[{"name":"gracias","href":"https:\/\/api.w.org\/{rel}","templated":true}]}}