{"id":852,"date":"2021-04-09T18:26:42","date_gmt":"2021-04-09T18:26:42","guid":{"rendered":"https:\/\/ectpro.wpengine.com\/?page_id=852"},"modified":"2024-03-13T14:36:19","modified_gmt":"2024-03-13T19:36:19","slug":"research-and-clinical-trial-experience","status":"publish","type":"page","link":"https:\/\/endeavorct.com\/es\/sponsor-cro-info\/research-and-clinical-trial-experience\/","title":{"rendered":"Experiencia en investigaci\u00f3n y ensayos cl\u00ednicos"},"content":{"rendered":"\t\t<div data-elementor-type=\"wp-page\" data-elementor-id=\"852\" class=\"elementor elementor-852\" data-elementor-post-type=\"page\">\n\t\t\t\t\t\t<section class=\"elementor-section elementor-top-section elementor-element elementor-element-39f0173 elementor-section-stretched elementor-section-height-min-height elementor-section-boxed elementor-section-height-default elementor-section-items-middle\" data-id=\"39f0173\" data-element_type=\"section\" data-e-type=\"section\" data-settings=\"{&quot;stretch_section&quot;:&quot;section-stretched&quot;,&quot;background_background&quot;:&quot;classic&quot;,&quot;background_motion_fx_motion_fx_scrolling&quot;:&quot;yes&quot;,&quot;background_motion_fx_translateY_effect&quot;:&quot;yes&quot;,&quot;shape_divider_bottom&quot;:&quot;arrow&quot;,&quot;shape_divider_bottom_negative&quot;:&quot;yes&quot;,&quot;background_motion_fx_translateY_speed&quot;:{&quot;unit&quot;:&quot;px&quot;,&quot;size&quot;:4,&quot;sizes&quot;:[]},&quot;background_motion_fx_translateY_affectedRange&quot;:{&quot;unit&quot;:&quot;%&quot;,&quot;size&quot;:&quot;&quot;,&quot;sizes&quot;:{&quot;start&quot;:0,&quot;end&quot;:100}},&quot;background_motion_fx_devices&quot;:[&quot;desktop&quot;,&quot;tablet&quot;,&quot;mobile&quot;]}\">\n\t\t\t\t\t\t\t<div class=\"elementor-background-overlay\"><\/div>\n\t\t\t\t\t\t<div class=\"elementor-shape elementor-shape-bottom\" aria-hidden=\"true\" data-negative=\"true\">\n\t\t\t<svg xmlns=\"http:\/\/www.w3.org\/2000\/svg\" viewBox=\"0 0 700 10\" preserveAspectRatio=\"none\">\n\t<path class=\"elementor-shape-fill\" d=\"M360 0L350 9.9 340 0 0 0 0 10 700 10 700 0\"\/>\n<\/svg>\t\t<\/div>\n\t\t\t\t\t<div class=\"elementor-container elementor-column-gap-default\">\n\t\t\t\t\t<div class=\"elementor-column elementor-col-100 elementor-top-column elementor-element elementor-element-f9b904f\" data-id=\"f9b904f\" data-element_type=\"column\" data-e-type=\"column\">\n\t\t\t<div class=\"elementor-widget-wrap elementor-element-populated\">\n\t\t\t\t\t\t<div class=\"elementor-element elementor-element-4fe1271 elementor-invisible elementor-widget elementor-widget-heading\" data-id=\"4fe1271\" data-element_type=\"widget\" data-e-type=\"widget\" data-settings=\"{&quot;_animation&quot;:&quot;fadeInRight&quot;}\" data-widget_type=\"heading.default\">\n\t\t\t\t\t<h1 class=\"elementor-heading-title elementor-size-default\">Research and Clinical<br \/>Trial Experience<\/h1>\t\t\t\t<\/div>\n\t\t\t\t\t<\/div>\n\t\t<\/div>\n\t\t\t\t\t<\/div>\n\t\t<\/section>\n\t\t\t\t<section class=\"elementor-section elementor-top-section elementor-element elementor-element-cf7f1f3 elementor-section-boxed elementor-section-height-default elementor-section-height-default\" data-id=\"cf7f1f3\" data-element_type=\"section\" data-e-type=\"section\">\n\t\t\t\t\t\t<div class=\"elementor-container elementor-column-gap-wider\">\n\t\t\t\t\t<div class=\"elementor-column elementor-col-50 elementor-top-column elementor-element elementor-element-76aa55d\" data-id=\"76aa55d\" data-element_type=\"column\" data-e-type=\"column\">\n\t\t\t<div class=\"elementor-widget-wrap elementor-element-populated\">\n\t\t\t\t\t\t<div class=\"elementor-element elementor-element-dda4b7e elementor-widget elementor-widget-image\" data-id=\"dda4b7e\" data-element_type=\"widget\" data-e-type=\"widget\" data-widget_type=\"image.default\">\n\t\t\t\t\t\t\t\t\t\t\t\t\t\t\t<img fetchpriority=\"high\" decoding=\"async\" width=\"768\" height=\"405\" src=\"https:\/\/endeavorct.com\/wp-content\/uploads\/2022\/01\/AdobeStock_259288299-768x405.jpeg\" class=\"attachment-medium_large size-medium_large wp-image-1100\" alt=\"Scientist looking through microscope in laboratory\" srcset=\"https:\/\/endeavorct.com\/wp-content\/uploads\/2022\/01\/AdobeStock_259288299-768x405.jpeg 768w, https:\/\/endeavorct.com\/wp-content\/uploads\/2022\/01\/AdobeStock_259288299-300x158.jpeg 300w, https:\/\/endeavorct.com\/wp-content\/uploads\/2022\/01\/AdobeStock_259288299.jpeg 1000w\" sizes=\"(max-width: 768px) 100vw, 768px\" \/>\t\t\t\t\t\t\t\t\t\t\t\t\t\t\t<\/div>\n\t\t\t\t\t<\/div>\n\t\t<\/div>\n\t\t\t\t<div class=\"elementor-column elementor-col-50 elementor-top-column elementor-element elementor-element-2127af7\" data-id=\"2127af7\" data-element_type=\"column\" data-e-type=\"column\">\n\t\t\t<div class=\"elementor-widget-wrap elementor-element-populated\">\n\t\t\t\t\t\t<div class=\"elementor-element elementor-element-05f8e48 elementor-widget elementor-widget-heading\" data-id=\"05f8e48\" data-element_type=\"widget\" data-e-type=\"widget\" data-widget_type=\"heading.default\">\n\t\t\t\t\t<h2 class=\"elementor-heading-title elementor-size-default\">Our Clinical Trials Have Successfully Helped Thousands Of Patients Everywhere\n<\/h2>\t\t\t\t<\/div>\n\t\t\t\t<div class=\"elementor-element elementor-element-c3aa4cf elementor-widget elementor-widget-text-editor\" data-id=\"c3aa4cf\" data-element_type=\"widget\" data-e-type=\"widget\" data-widget_type=\"text-editor.default\">\n\t\t\t\t\t\t\t\t\tBelow you can see a list of our Core Competencies and research and clinical trial experience in each section. Endeavor Clinical Trials is always working to develop and expand our scope of research and clinical trial experience by adding expert investigators to our team.\n\t\t\t\t\t\t\t\t<\/div>\n\t\t\t\t\t<\/div>\n\t\t<\/div>\n\t\t\t\t\t<\/div>\n\t\t<\/section>\n\t\t\t\t<section class=\"elementor-section elementor-top-section elementor-element elementor-element-22ba01a elementor-section-boxed elementor-section-height-default elementor-section-height-default\" data-id=\"22ba01a\" data-element_type=\"section\" data-e-type=\"section\">\n\t\t\t\t\t\t<div class=\"elementor-container elementor-column-gap-default\">\n\t\t\t\t\t<div class=\"elementor-column elementor-col-100 elementor-top-column elementor-element elementor-element-7987b94\" data-id=\"7987b94\" data-element_type=\"column\" data-e-type=\"column\">\n\t\t\t<div class=\"elementor-widget-wrap elementor-element-populated\">\n\t\t\t\t\t\t<div class=\"elementor-element elementor-element-ffb0974 elementor-widget elementor-widget-heading\" data-id=\"ffb0974\" data-element_type=\"widget\" data-e-type=\"widget\" data-widget_type=\"heading.default\">\n\t\t\t\t\t<h2 class=\"elementor-heading-title elementor-size-default\">Core Competencies<\/h2>\t\t\t\t<\/div>\n\t\t\t\t\t<\/div>\n\t\t<\/div>\n\t\t\t\t\t<\/div>\n\t\t<\/section>\n\t\t\t\t<section class=\"elementor-section elementor-top-section elementor-element elementor-element-a2fc63d elementor-section-boxed elementor-section-height-default elementor-section-height-default\" data-id=\"a2fc63d\" data-element_type=\"section\" data-e-type=\"section\">\n\t\t\t\t\t\t<div class=\"elementor-container elementor-column-gap-default\">\n\t\t\t\t\t<div class=\"elementor-column elementor-col-33 elementor-top-column elementor-element elementor-element-b21c9df\" data-id=\"b21c9df\" data-element_type=\"column\" data-e-type=\"column\">\n\t\t\t<div class=\"elementor-widget-wrap elementor-element-populated\">\n\t\t\t\t\t\t<div class=\"elementor-element elementor-element-be24b55 elementor-widget elementor-widget-text-editor\" data-id=\"be24b55\" data-element_type=\"widget\" data-e-type=\"widget\" data-widget_type=\"text-editor.default\">\n\t\t\t\t\t\t\t\t\t<p><strong>Podiatry<\/strong><\/p>\n<ul>\n<li>Amputated Foot Wounds<\/li>\n<li>Diabetic Foot Infections<\/li>\n<li>Diabetic Foot Ulcers<\/li>\n<li>Diabetic Neuropathy<\/li>\n<li>Gout<\/li>\n<li>Infection \u2013 Secondary Wound<\/li>\n<li>Infection \u2013 Skin<\/li>\n<li>Low extremity skin ulcer<\/li>\n<li>Onychomycosis<\/li>\n<li>Post Op Pain \u2013 Bunionectomy<\/li>\n<li>Tinea Pedis<\/li>\n<li>Wound Dressing<\/li>\n<\/ul>\t\t\t\t\t\t\t\t<\/div>\n\t\t\t\t\t<\/div>\n\t\t<\/div>\n\t\t\t\t<div class=\"elementor-column elementor-col-33 elementor-top-column elementor-element elementor-element-020039b\" data-id=\"020039b\" data-element_type=\"column\" data-e-type=\"column\">\n\t\t\t<div class=\"elementor-widget-wrap elementor-element-populated\">\n\t\t\t\t\t\t<div class=\"elementor-element elementor-element-dd52203 elementor-widget elementor-widget-text-editor\" data-id=\"dd52203\" data-element_type=\"widget\" data-e-type=\"widget\" data-widget_type=\"text-editor.default\">\n\t\t\t\t\t\t\t\t\t<p><strong>Orthopedics &amp; Sports Med<\/strong><\/p>\n<ul>\n<li>Distal Radius Fracture<\/li>\n<li>Osteoarthritis \u2013 Knee<\/li>\n<li>Osteoarthritis \u2013 Knee &amp; Hip<\/li>\n<li>Osteoarthritis Pain<\/li>\n<li>Post Op Pain \u2013 ACL<\/li>\n<li>Post Op Pain \u2013 Hip<\/li>\n<li>Post Op Pain \u2013 Knee<\/li>\n<li>Total Knee Replacement \u2013 VTE<\/li>\n<\/ul>\t\t\t\t\t\t\t\t<\/div>\n\t\t\t\t\t<\/div>\n\t\t<\/div>\n\t\t\t\t<div class=\"elementor-column elementor-col-33 elementor-top-column elementor-element elementor-element-21b4697\" data-id=\"21b4697\" data-element_type=\"column\" data-e-type=\"column\">\n\t\t\t<div class=\"elementor-widget-wrap elementor-element-populated\">\n\t\t\t\t\t\t<div class=\"elementor-element elementor-element-7c56dda elementor-widget elementor-widget-text-editor\" data-id=\"7c56dda\" data-element_type=\"widget\" data-e-type=\"widget\" data-widget_type=\"text-editor.default\">\n\t\t\t\t\t\t\t\t\t<strong>Neurology<\/strong>\n<ul>\n \t<li>Alzheimer\u2019s<\/li>\n \t<li>Diabetic Peripheral Neuropathy<\/li>\n \t<li>Diabetic Polyneuropathy<\/li>\n \t<li>Epilepsy<\/li>\n \t<li>Essential Tremor<\/li>\n \t<li>Multiple Sclerosis<\/li>\n \t<li>Parkinson\u2019s Disease<\/li>\n \t<li>Pompe Disease<\/li>\n \t<li>Restless Leg Syndrome<\/li>\n<\/ul>\n\t\t\t\t\t\t\t\t<\/div>\n\t\t\t\t\t<\/div>\n\t\t<\/div>\n\t\t\t\t\t<\/div>\n\t\t<\/section>\n\t\t\t\t<section class=\"elementor-section elementor-top-section elementor-element elementor-element-4e07aae elementor-section-boxed elementor-section-height-default elementor-section-height-default\" data-id=\"4e07aae\" data-element_type=\"section\" data-e-type=\"section\">\n\t\t\t\t\t\t<div class=\"elementor-container elementor-column-gap-default\">\n\t\t\t\t\t<div class=\"elementor-column elementor-col-33 elementor-top-column elementor-element elementor-element-17da6e3\" data-id=\"17da6e3\" data-element_type=\"column\" data-e-type=\"column\">\n\t\t\t<div class=\"elementor-widget-wrap elementor-element-populated\">\n\t\t\t\t\t\t<div class=\"elementor-element elementor-element-7d43404 elementor-widget elementor-widget-text-editor\" data-id=\"7d43404\" data-element_type=\"widget\" data-e-type=\"widget\" data-widget_type=\"text-editor.default\">\n\t\t\t\t\t\t\t\t\t<p><strong>Internal Medicine<\/strong><\/p>\n<ul>\n<li>Anemia<\/li>\n<li>Congestive Heart Failure<\/li>\n<li>COPD<\/li>\n<li>Diabetes<\/li>\n<li>Dyslipidemia\/Hypercholesteroemia<\/li>\n<li>Hypertension<\/li>\n<li>Insomnia<\/li>\n<li>Irritable Bowel Syndrome<\/li>\n<li>Low Back Pain<\/li>\n<li>Migraine<\/li>\n<li>Nocturia<\/li>\n<li>Obesity<\/li>\n<li>Osteoarthritis<\/li>\n<li>Overactive Bladder<\/li>\n<li>Post-Menopause<\/li>\n<li>Rheumatiod Arthritis<\/li>\n<\/ul>\t\t\t\t\t\t\t\t<\/div>\n\t\t\t\t\t<\/div>\n\t\t<\/div>\n\t\t\t\t<div class=\"elementor-column elementor-col-33 elementor-top-column elementor-element elementor-element-e9e5b50\" data-id=\"e9e5b50\" data-element_type=\"column\" data-e-type=\"column\">\n\t\t\t<div class=\"elementor-widget-wrap elementor-element-populated\">\n\t\t\t\t\t\t<div class=\"elementor-element elementor-element-e8a22e6 elementor-widget elementor-widget-text-editor\" data-id=\"e8a22e6\" data-element_type=\"widget\" data-e-type=\"widget\" data-widget_type=\"text-editor.default\">\n\t\t\t\t\t\t\t\t\t<p><strong>Surgical \/ Other<\/strong><\/p><ul><li>Benign Prostatic Hyperplasia<\/li><li>Post Op Pain \u2013 Abdominal<\/li><li>Post-Operative Ileus<\/li><li>Stem Cell Therapy<\/li><li>Ventral Hernia<\/li><li>Smoking Cessation<\/li><li>Dysmenorrhea<\/li><li>Erosive Esophagitis<\/li><\/ul>\t\t\t\t\t\t\t\t<\/div>\n\t\t\t\t\t<\/div>\n\t\t<\/div>\n\t\t\t\t<div class=\"elementor-column elementor-col-33 elementor-top-column elementor-element elementor-element-c1fefb6\" data-id=\"c1fefb6\" data-element_type=\"column\" data-e-type=\"column\">\n\t\t\t<div class=\"elementor-widget-wrap elementor-element-populated\">\n\t\t\t\t\t\t<div class=\"elementor-element elementor-element-6b16831 elementor-widget elementor-widget-text-editor\" data-id=\"6b16831\" data-element_type=\"widget\" data-e-type=\"widget\" data-widget_type=\"text-editor.default\">\n\t\t\t\t\t\t\t\t\t<p><strong>Vaccines<\/strong><\/p>\n<ul>\n<li>Vaccine \u2013 CDIFF<\/li>\n<li>Vaccine \u2013 Seasonal Flu<\/li>\n<li>Vaccine \u2013 Herpes Zoster<\/li>\n<\/ul>\t\t\t\t\t\t\t\t<\/div>\n\t\t\t\t\t<\/div>\n\t\t<\/div>\n\t\t\t\t\t<\/div>\n\t\t<\/section>\n\t\t\t\t<section class=\"elementor-section elementor-top-section elementor-element elementor-element-d5df515 elementor-section-boxed elementor-section-height-default elementor-section-height-default\" data-id=\"d5df515\" data-element_type=\"section\" data-e-type=\"section\">\n\t\t\t\t\t\t<div class=\"elementor-container elementor-column-gap-default\">\n\t\t\t\t\t<div class=\"elementor-column elementor-col-100 elementor-top-column elementor-element elementor-element-2444949\" data-id=\"2444949\" data-element_type=\"column\" data-e-type=\"column\">\n\t\t\t<div class=\"elementor-widget-wrap elementor-element-populated\">\n\t\t\t\t\t\t<div class=\"elementor-element elementor-element-34ee498 elementor-widget elementor-widget-text-editor\" data-id=\"34ee498\" data-element_type=\"widget\" data-e-type=\"widget\" data-widget_type=\"text-editor.default\">\n\t\t\t\t\t\t\t\t\t<h2>Other Capabilities<\/h2><p>In addition to its areas of core competencies, Endeavor Clinical Trials also has capabilities in the following study areas:<\/p><ul><li>Plastic Surgery<\/li><li>Bariatric Surgery \/ Medical Weight Loss<\/li><li>General Surgery<\/li><li>Hand Surgery<\/li><li>Dental Surgery<\/li><li>OB\/GYN &amp; Women\u2019s Health<\/li><li>Dermatology<\/li><li>Vaccine Studies<\/li><li>Device Studies<\/li><\/ul>\t\t\t\t\t\t\t\t<\/div>\n\t\t\t\t\t<\/div>\n\t\t<\/div>\n\t\t\t\t\t<\/div>\n\t\t<\/section>\n\t\t\t\t<\/div>\n\t\t","protected":false},"excerpt":{"rendered":"<p>Experiencia en investigaci\u00f3n y ensayos cl\u00ednicos Nuestros ensayos cl\u00ednicos han ayudado con \u00e9xito a miles de pacientes en todo el mundo A continuaci\u00f3n, puede ver una lista de nuestras competencias principales y nuestra experiencia en investigaci\u00f3n y ensayos cl\u00ednicos en cada secci\u00f3n. Endeavor Clinical Trials siempre est\u00e1 trabajando para desarrollar y expandir nuestro alcance de investigaci\u00f3n y experiencia en ensayos cl\u00ednicos agregando expertos\u2026 <\/p>\n<p class=\"read-more-container\"><a title=\"Experiencia en investigaci\u00f3n y ensayos cl\u00ednicos\" class=\"read-more button\" href=\"https:\/\/endeavorct.com\/es\/sponsor-cro-info\/research-and-clinical-trial-experience\/#more-852\" aria-label=\"Leer m\u00e1s sobre Experiencia en Investigaci\u00f3n y Ensayos Cl\u00ednicos\">Leer m\u00e1s<\/a><\/p>","protected":false},"author":1,"featured_media":0,"parent":15,"menu_order":0,"comment_status":"closed","ping_status":"closed","template":"","meta":{"footnotes":""},"class_list":["post-852","page","type-page","status-publish"],"yoast_head":"<!-- This site is optimized with the Yoast SEO plugin v27.4 - https:\/\/yoast.com\/product\/yoast-seo-wordpress\/ -->\n<title>Research and Clinical Trial Experience | Endeavor Clinical Trials<\/title>\n<meta name=\"description\" content=\"Research and Clinical Trial Experience - View our list of our core competencies. We are always looking to expand our research experience.\" \/>\n<meta name=\"robots\" content=\"index, follow, max-snippet:-1, max-image-preview:large, max-video-preview:-1\" \/>\n<link rel=\"canonical\" href=\"https:\/\/endeavorct.com\/es\/sponsor-cro-info\/research-and-clinical-trial-experience\/\" \/>\n<meta property=\"og:locale\" content=\"es_MX\" \/>\n<meta property=\"og:type\" content=\"article\" \/>\n<meta property=\"og:title\" content=\"Research and Clinical Trial Experience | Endeavor Clinical Trials\" \/>\n<meta property=\"og:description\" content=\"Research and Clinical Trial Experience - View our list of our core competencies. We are always looking to expand our research experience.\" \/>\n<meta property=\"og:url\" content=\"https:\/\/endeavorct.com\/es\/sponsor-cro-info\/research-and-clinical-trial-experience\/\" \/>\n<meta property=\"og:site_name\" content=\"Endeavor Clinical Trials\" \/>\n<meta property=\"article:modified_time\" content=\"2024-03-13T19:36:19+00:00\" \/>\n<meta property=\"og:image\" content=\"https:\/\/ectpro.wpengine.com\/wp-content\/uploads\/2022\/01\/AdobeStock_259288299-768x405.jpeg\" \/>\n<meta name=\"twitter:card\" content=\"summary_large_image\" \/>\n<meta name=\"twitter:label1\" content=\"Tiempo de lectura\" \/>\n\t<meta name=\"twitter:data1\" content=\"2 minutos\" \/>\n<script type=\"application\/ld+json\" class=\"yoast-schema-graph\">{\"@context\":\"https:\\\/\\\/schema.org\",\"@graph\":[{\"@type\":\"WebPage\",\"@id\":\"https:\\\/\\\/endeavorct.com\\\/sponsor-cro-info\\\/research-and-clinical-trial-experience\\\/\",\"url\":\"https:\\\/\\\/endeavorct.com\\\/sponsor-cro-info\\\/research-and-clinical-trial-experience\\\/\",\"name\":\"Research and Clinical Trial Experience | Endeavor Clinical Trials\",\"isPartOf\":{\"@id\":\"https:\\\/\\\/endeavorct.com\\\/#website\"},\"primaryImageOfPage\":{\"@id\":\"https:\\\/\\\/endeavorct.com\\\/sponsor-cro-info\\\/research-and-clinical-trial-experience\\\/#primaryimage\"},\"image\":{\"@id\":\"https:\\\/\\\/endeavorct.com\\\/sponsor-cro-info\\\/research-and-clinical-trial-experience\\\/#primaryimage\"},\"thumbnailUrl\":\"https:\\\/\\\/ectpro.wpengine.com\\\/wp-content\\\/uploads\\\/2022\\\/01\\\/AdobeStock_259288299-768x405.jpeg\",\"datePublished\":\"2021-04-09T18:26:42+00:00\",\"dateModified\":\"2024-03-13T19:36:19+00:00\",\"description\":\"Research and Clinical Trial Experience - View our list of our core competencies. We are always looking to expand our research experience.\",\"breadcrumb\":{\"@id\":\"https:\\\/\\\/endeavorct.com\\\/sponsor-cro-info\\\/research-and-clinical-trial-experience\\\/#breadcrumb\"},\"inLanguage\":\"es\",\"potentialAction\":[{\"@type\":\"ReadAction\",\"target\":[\"https:\\\/\\\/endeavorct.com\\\/sponsor-cro-info\\\/research-and-clinical-trial-experience\\\/\"]}]},{\"@type\":\"ImageObject\",\"inLanguage\":\"es\",\"@id\":\"https:\\\/\\\/endeavorct.com\\\/sponsor-cro-info\\\/research-and-clinical-trial-experience\\\/#primaryimage\",\"url\":\"https:\\\/\\\/ectpro.wpengine.com\\\/wp-content\\\/uploads\\\/2022\\\/01\\\/AdobeStock_259288299-768x405.jpeg\",\"contentUrl\":\"https:\\\/\\\/ectpro.wpengine.com\\\/wp-content\\\/uploads\\\/2022\\\/01\\\/AdobeStock_259288299-768x405.jpeg\"},{\"@type\":\"BreadcrumbList\",\"@id\":\"https:\\\/\\\/endeavorct.com\\\/sponsor-cro-info\\\/research-and-clinical-trial-experience\\\/#breadcrumb\",\"itemListElement\":[{\"@type\":\"ListItem\",\"position\":1,\"name\":\"Home\",\"item\":\"https:\\\/\\\/endeavorct.com\\\/\"},{\"@type\":\"ListItem\",\"position\":2,\"name\":\"Sponsor\\\/CRO Info\",\"item\":\"https:\\\/\\\/endeavorct.com\\\/sponsor-cro-info\\\/\"},{\"@type\":\"ListItem\",\"position\":3,\"name\":\"Research and Clinical Trial Experience\"}]},{\"@type\":\"WebSite\",\"@id\":\"https:\\\/\\\/endeavorct.com\\\/#website\",\"url\":\"https:\\\/\\\/endeavorct.com\\\/\",\"name\":\"Endeavor Clinical Trials\",\"description\":\"Clinical research in San Antonio, TX\",\"publisher\":{\"@id\":\"https:\\\/\\\/endeavorct.com\\\/#organization\"},\"potentialAction\":[{\"@type\":\"SearchAction\",\"target\":{\"@type\":\"EntryPoint\",\"urlTemplate\":\"https:\\\/\\\/endeavorct.com\\\/?s={search_term_string}\"},\"query-input\":{\"@type\":\"PropertyValueSpecification\",\"valueRequired\":true,\"valueName\":\"search_term_string\"}}],\"inLanguage\":\"es\"},{\"@type\":\"Organization\",\"@id\":\"https:\\\/\\\/endeavorct.com\\\/#organization\",\"name\":\"Endeavor Clinical Trials\",\"url\":\"https:\\\/\\\/endeavorct.com\\\/\",\"logo\":{\"@type\":\"ImageObject\",\"inLanguage\":\"es\",\"@id\":\"https:\\\/\\\/endeavorct.com\\\/#\\\/schema\\\/logo\\\/image\\\/\",\"url\":\"https:\\\/\\\/endeavorct.com\\\/wp-content\\\/uploads\\\/2026\\\/02\\\/ECT-Blue-Logo-300x159-1-copy.webp\",\"contentUrl\":\"https:\\\/\\\/endeavorct.com\\\/wp-content\\\/uploads\\\/2026\\\/02\\\/ECT-Blue-Logo-300x159-1-copy.webp\",\"width\":300,\"height\":159,\"caption\":\"Endeavor Clinical Trials\"},\"image\":{\"@id\":\"https:\\\/\\\/endeavorct.com\\\/#\\\/schema\\\/logo\\\/image\\\/\"}}]}<\/script>\n<!-- \/ Yoast SEO plugin. -->","yoast_head_json":{"title":"Experiencia en investigaci\u00f3n y ensayos cl\u00ednicos | Endeavor Clinical Trials","description":"Experiencia en investigaci\u00f3n y ensayos cl\u00ednicos: consulte nuestra lista de competencias clave. Buscamos constantemente ampliar nuestra experiencia en investigaci\u00f3n.","robots":{"index":"index","follow":"follow","max-snippet":"max-snippet:-1","max-image-preview":"max-image-preview:large","max-video-preview":"max-video-preview:-1"},"canonical":"https:\/\/endeavorct.com\/es\/sponsor-cro-info\/research-and-clinical-trial-experience\/","og_locale":"es_MX","og_type":"article","og_title":"Research and Clinical Trial Experience | Endeavor Clinical Trials","og_description":"Research and Clinical Trial Experience - View our list of our core competencies. We are always looking to expand our research experience.","og_url":"https:\/\/endeavorct.com\/es\/sponsor-cro-info\/research-and-clinical-trial-experience\/","og_site_name":"Endeavor Clinical Trials","article_modified_time":"2024-03-13T19:36:19+00:00","og_image":[{"url":"https:\/\/ectpro.wpengine.com\/wp-content\/uploads\/2022\/01\/AdobeStock_259288299-768x405.jpeg","type":"","width":"","height":""}],"twitter_card":"summary_large_image","twitter_misc":{"Tiempo de lectura":"2 minutos"},"schema":{"@context":"https:\/\/schema.org","@graph":[{"@type":"WebPage","@id":"https:\/\/endeavorct.com\/sponsor-cro-info\/research-and-clinical-trial-experience\/","url":"https:\/\/endeavorct.com\/sponsor-cro-info\/research-and-clinical-trial-experience\/","name":"Experiencia en investigaci\u00f3n y ensayos cl\u00ednicos | Endeavor Clinical Trials","isPartOf":{"@id":"https:\/\/endeavorct.com\/#website"},"primaryImageOfPage":{"@id":"https:\/\/endeavorct.com\/sponsor-cro-info\/research-and-clinical-trial-experience\/#primaryimage"},"image":{"@id":"https:\/\/endeavorct.com\/sponsor-cro-info\/research-and-clinical-trial-experience\/#primaryimage"},"thumbnailUrl":"https:\/\/ectpro.wpengine.com\/wp-content\/uploads\/2022\/01\/AdobeStock_259288299-768x405.jpeg","datePublished":"2021-04-09T18:26:42+00:00","dateModified":"2024-03-13T19:36:19+00:00","description":"Experiencia en investigaci\u00f3n y ensayos cl\u00ednicos: consulte nuestra lista de competencias clave. Buscamos constantemente ampliar nuestra experiencia en investigaci\u00f3n.","breadcrumb":{"@id":"https:\/\/endeavorct.com\/sponsor-cro-info\/research-and-clinical-trial-experience\/#breadcrumb"},"inLanguage":"es","potentialAction":[{"@type":"ReadAction","target":["https:\/\/endeavorct.com\/sponsor-cro-info\/research-and-clinical-trial-experience\/"]}]},{"@type":"ImageObject","inLanguage":"es","@id":"https:\/\/endeavorct.com\/sponsor-cro-info\/research-and-clinical-trial-experience\/#primaryimage","url":"https:\/\/ectpro.wpengine.com\/wp-content\/uploads\/2022\/01\/AdobeStock_259288299-768x405.jpeg","contentUrl":"https:\/\/ectpro.wpengine.com\/wp-content\/uploads\/2022\/01\/AdobeStock_259288299-768x405.jpeg"},{"@type":"BreadcrumbList","@id":"https:\/\/endeavorct.com\/sponsor-cro-info\/research-and-clinical-trial-experience\/#breadcrumb","itemListElement":[{"@type":"ListItem","position":1,"name":"Home","item":"https:\/\/endeavorct.com\/"},{"@type":"ListItem","position":2,"name":"Sponsor\/CRO Info","item":"https:\/\/endeavorct.com\/sponsor-cro-info\/"},{"@type":"ListItem","position":3,"name":"Research and Clinical Trial Experience"}]},{"@type":"WebSite","@id":"https:\/\/endeavorct.com\/#website","url":"https:\/\/endeavorct.com\/","name":"Ensayos cl\u00ednicos de esfuerzo","description":"Investigaci\u00f3n cl\u00ednica en San Antonio, TX","publisher":{"@id":"https:\/\/endeavorct.com\/#organization"},"potentialAction":[{"@type":"SearchAction","target":{"@type":"EntryPoint","urlTemplate":"https:\/\/endeavorct.com\/?s={search_term_string}"},"query-input":{"@type":"PropertyValueSpecification","valueRequired":true,"valueName":"search_term_string"}}],"inLanguage":"es"},{"@type":"Organization","@id":"https:\/\/endeavorct.com\/#organization","name":"Ensayos cl\u00ednicos de esfuerzo","url":"https:\/\/endeavorct.com\/","logo":{"@type":"ImageObject","inLanguage":"es","@id":"https:\/\/endeavorct.com\/#\/schema\/logo\/image\/","url":"https:\/\/endeavorct.com\/wp-content\/uploads\/2026\/02\/ECT-Blue-Logo-300x159-1-copy.webp","contentUrl":"https:\/\/endeavorct.com\/wp-content\/uploads\/2026\/02\/ECT-Blue-Logo-300x159-1-copy.webp","width":300,"height":159,"caption":"Endeavor Clinical Trials"},"image":{"@id":"https:\/\/endeavorct.com\/#\/schema\/logo\/image\/"}}]}},"_links":{"self":[{"href":"https:\/\/endeavorct.com\/es\/wp-json\/wp\/v2\/pages\/852","targetHints":{"allow":["GET"]}}],"collection":[{"href":"https:\/\/endeavorct.com\/es\/wp-json\/wp\/v2\/pages"}],"about":[{"href":"https:\/\/endeavorct.com\/es\/wp-json\/wp\/v2\/types\/page"}],"author":[{"embeddable":true,"href":"https:\/\/endeavorct.com\/es\/wp-json\/wp\/v2\/users\/1"}],"replies":[{"embeddable":true,"href":"https:\/\/endeavorct.com\/es\/wp-json\/wp\/v2\/comments?post=852"}],"version-history":[{"count":0,"href":"https:\/\/endeavorct.com\/es\/wp-json\/wp\/v2\/pages\/852\/revisions"}],"up":[{"embeddable":true,"href":"https:\/\/endeavorct.com\/es\/wp-json\/wp\/v2\/pages\/15"}],"wp:attachment":[{"href":"https:\/\/endeavorct.com\/es\/wp-json\/wp\/v2\/media?parent=852"}],"curies":[{"name":"gracias","href":"https:\/\/api.w.org\/{rel}","templated":true}]}}