{"id":855,"date":"2021-04-09T18:43:17","date_gmt":"2021-04-09T18:43:17","guid":{"rendered":"https:\/\/ectpro.wpengine.com\/?page_id=855"},"modified":"2022-01-20T19:59:06","modified_gmt":"2022-01-20T19:59:06","slug":"our-san-antonio-research-facility","status":"publish","type":"page","link":"https:\/\/endeavorct.com\/es\/sponsor-cro-info\/our-san-antonio-research-facility\/","title":{"rendered":"Nuestro centro de investigaci\u00f3n de San Antonio"},"content":{"rendered":"\t\t<div data-elementor-type=\"wp-page\" data-elementor-id=\"855\" class=\"elementor elementor-855\" data-elementor-post-type=\"page\">\n\t\t\t\t\t\t<section class=\"elementor-section elementor-top-section elementor-element elementor-element-39f0173 elementor-section-stretched elementor-section-height-min-height elementor-section-boxed elementor-section-height-default elementor-section-items-middle\" data-id=\"39f0173\" data-element_type=\"section\" data-e-type=\"section\" data-settings=\"{&quot;stretch_section&quot;:&quot;section-stretched&quot;,&quot;background_background&quot;:&quot;classic&quot;,&quot;background_motion_fx_motion_fx_scrolling&quot;:&quot;yes&quot;,&quot;background_motion_fx_translateY_effect&quot;:&quot;yes&quot;,&quot;shape_divider_bottom&quot;:&quot;arrow&quot;,&quot;shape_divider_bottom_negative&quot;:&quot;yes&quot;,&quot;background_motion_fx_translateY_speed&quot;:{&quot;unit&quot;:&quot;px&quot;,&quot;size&quot;:4,&quot;sizes&quot;:[]},&quot;background_motion_fx_translateY_affectedRange&quot;:{&quot;unit&quot;:&quot;%&quot;,&quot;size&quot;:&quot;&quot;,&quot;sizes&quot;:{&quot;start&quot;:0,&quot;end&quot;:100}},&quot;background_motion_fx_devices&quot;:[&quot;desktop&quot;,&quot;tablet&quot;,&quot;mobile&quot;]}\">\n\t\t\t\t\t\t\t<div class=\"elementor-background-overlay\"><\/div>\n\t\t\t\t\t\t<div class=\"elementor-shape elementor-shape-bottom\" aria-hidden=\"true\" data-negative=\"true\">\n\t\t\t<svg xmlns=\"http:\/\/www.w3.org\/2000\/svg\" viewBox=\"0 0 700 10\" preserveAspectRatio=\"none\">\n\t<path class=\"elementor-shape-fill\" d=\"M360 0L350 9.9 340 0 0 0 0 10 700 10 700 0\"\/>\n<\/svg>\t\t<\/div>\n\t\t\t\t\t<div class=\"elementor-container elementor-column-gap-default\">\n\t\t\t\t\t<div class=\"elementor-column elementor-col-100 elementor-top-column elementor-element elementor-element-f9b904f\" data-id=\"f9b904f\" data-element_type=\"column\" data-e-type=\"column\">\n\t\t\t<div class=\"elementor-widget-wrap elementor-element-populated\">\n\t\t\t\t\t\t<div class=\"elementor-element elementor-element-4fe1271 elementor-invisible elementor-widget elementor-widget-heading\" data-id=\"4fe1271\" data-element_type=\"widget\" data-e-type=\"widget\" data-settings=\"{&quot;_animation&quot;:&quot;fadeInRight&quot;}\" data-widget_type=\"heading.default\">\n\t\t\t\t\t<h1 class=\"elementor-heading-title elementor-size-default\">Our San Antonio<br \/>\nResearch Facility<\/h1>\t\t\t\t<\/div>\n\t\t\t\t\t<\/div>\n\t\t<\/div>\n\t\t\t\t\t<\/div>\n\t\t<\/section>\n\t\t\t\t<section class=\"elementor-section elementor-top-section elementor-element elementor-element-cf7f1f3 elementor-section-boxed elementor-section-height-default elementor-section-height-default\" data-id=\"cf7f1f3\" data-element_type=\"section\" data-e-type=\"section\">\n\t\t\t\t\t\t<div class=\"elementor-container elementor-column-gap-wider\">\n\t\t\t\t\t<div class=\"elementor-column elementor-col-50 elementor-top-column elementor-element elementor-element-d6d74c9\" data-id=\"d6d74c9\" data-element_type=\"column\" data-e-type=\"column\">\n\t\t\t<div class=\"elementor-widget-wrap elementor-element-populated\">\n\t\t\t\t\t\t<div class=\"elementor-element elementor-element-acafcd6 elementor-widget elementor-widget-image\" data-id=\"acafcd6\" data-element_type=\"widget\" data-e-type=\"widget\" data-widget_type=\"image.default\">\n\t\t\t\t\t\t\t\t\t\t\t\t\t\t\t<img fetchpriority=\"high\" decoding=\"async\" width=\"800\" height=\"534\" src=\"https:\/\/endeavorct.com\/wp-content\/uploads\/2022\/01\/AdobeStock_177965230.jpeg\" class=\"attachment-large size-large wp-image-1096\" alt=\"Female doctor talking and touching woman patient for encourageme\" srcset=\"https:\/\/endeavorct.com\/wp-content\/uploads\/2022\/01\/AdobeStock_177965230.jpeg 800w, https:\/\/endeavorct.com\/wp-content\/uploads\/2022\/01\/AdobeStock_177965230-300x200.jpeg 300w, https:\/\/endeavorct.com\/wp-content\/uploads\/2022\/01\/AdobeStock_177965230-768x513.jpeg 768w\" sizes=\"(max-width: 800px) 100vw, 800px\" \/>\t\t\t\t\t\t\t\t\t\t\t\t\t\t\t<\/div>\n\t\t\t\t\t<\/div>\n\t\t<\/div>\n\t\t\t\t<div class=\"elementor-column elementor-col-50 elementor-top-column elementor-element elementor-element-76aa55d\" data-id=\"76aa55d\" data-element_type=\"column\" data-e-type=\"column\">\n\t\t\t<div class=\"elementor-widget-wrap elementor-element-populated\">\n\t\t\t\t\t\t<div class=\"elementor-element elementor-element-05f8e48 elementor-widget elementor-widget-heading\" data-id=\"05f8e48\" data-element_type=\"widget\" data-e-type=\"widget\" data-widget_type=\"heading.default\">\n\t\t\t\t\t<h2 class=\"elementor-heading-title elementor-size-default\">Committed To The Discovery Of New Medicine To Improve The Lives Of People Everywhere<\/h2>\t\t\t\t<\/div>\n\t\t\t\t<div class=\"elementor-element elementor-element-c3aa4cf elementor-widget elementor-widget-text-editor\" data-id=\"c3aa4cf\" data-element_type=\"widget\" data-e-type=\"widget\" data-widget_type=\"text-editor.default\">\n\t\t\t\t\t\t\t\t\tHoused in over 1600 square feet, our research and clinical trial facility contains five examination rooms, dedicated monitoring rooms with high-speed internet connections, a private patient waiting room, a dedicated laboratory-processing area with ambient and refrigerated calibrated centrifuges, a locked binder room, locked drug cabinets and administrative offices for our staff.\t\t\t\t\t\t\t\t<\/div>\n\t\t\t\t\t<\/div>\n\t\t<\/div>\n\t\t\t\t\t<\/div>\n\t\t<\/section>\n\t\t\t\t<section class=\"elementor-section elementor-top-section elementor-element elementor-element-a2fc63d elementor-section-boxed elementor-section-height-default elementor-section-height-default\" data-id=\"a2fc63d\" data-element_type=\"section\" data-e-type=\"section\">\n\t\t\t\t\t\t<div class=\"elementor-container elementor-column-gap-default\">\n\t\t\t\t\t<div class=\"elementor-column elementor-col-100 elementor-top-column elementor-element elementor-element-b21c9df\" data-id=\"b21c9df\" data-element_type=\"column\" data-e-type=\"column\">\n\t\t\t<div class=\"elementor-widget-wrap elementor-element-populated\">\n\t\t\t\t\t\t<div class=\"elementor-element elementor-element-83758c7 elementor-widget elementor-widget-heading\" data-id=\"83758c7\" data-element_type=\"widget\" data-e-type=\"widget\" data-widget_type=\"heading.default\">\n\t\t\t\t\t<h2 class=\"elementor-heading-title elementor-size-default\">Core Competencies<\/h2>\t\t\t\t<\/div>\n\t\t\t\t\t<\/div>\n\t\t<\/div>\n\t\t\t\t\t<\/div>\n\t\t<\/section>\n\t\t\t\t<section class=\"elementor-section elementor-top-section elementor-element elementor-element-fb5e57a elementor-section-boxed elementor-section-height-default elementor-section-height-default\" data-id=\"fb5e57a\" data-element_type=\"section\" data-e-type=\"section\">\n\t\t\t\t\t\t<div class=\"elementor-container elementor-column-gap-default\">\n\t\t\t\t\t<div class=\"elementor-column elementor-col-33 elementor-top-column elementor-element elementor-element-71f18ec\" data-id=\"71f18ec\" data-element_type=\"column\" data-e-type=\"column\">\n\t\t\t<div class=\"elementor-widget-wrap elementor-element-populated\">\n\t\t\t\t\t\t<div class=\"elementor-element elementor-element-be24b55 elementor-widget elementor-widget-text-editor\" data-id=\"be24b55\" data-element_type=\"widget\" data-e-type=\"widget\" data-widget_type=\"text-editor.default\">\n\t\t\t\t\t\t\t\t\t<strong>Our equipment includes:\u00a0<\/strong>\n<ul>\n \t<li>X-Ray<\/li>\n \t<li>Diagnostic Ultrasound<\/li>\n \t<li>ABI Machine<\/li>\n \t<li>Onsite CLIA Waived Laboratory<\/li>\n \t<li>Adjustable Exam Tables<\/li>\n \t<li>12 Lead ECG Machine<\/li>\n<\/ul>\t\t\t\t\t\t\t\t<\/div>\n\t\t\t\t\t<\/div>\n\t\t<\/div>\n\t\t\t\t<div class=\"elementor-column elementor-col-33 elementor-top-column elementor-element elementor-element-0a18fb0\" data-id=\"0a18fb0\" data-element_type=\"column\" data-e-type=\"column\">\n\t\t\t<div class=\"elementor-widget-wrap elementor-element-populated\">\n\t\t\t\t\t\t<div class=\"elementor-element elementor-element-2ed49ba elementor-widget elementor-widget-text-editor\" data-id=\"2ed49ba\" data-element_type=\"widget\" data-e-type=\"widget\" data-widget_type=\"text-editor.default\">\n\t\t\t\t\t\t\t\t\t<ul>\n \t<li>Blood Pressure\/Vital Signs Monitoring Equipment<\/li>\n \t<li>Pulse Oximetry<\/li>\n \t<li>Microscope<\/li>\n \t<li>Height\/Weight Scale<\/li>\n \t<li>2-8 Degree, Temperature Monitored Refrigerator\u00a0Drug Storage<\/li>\n \t<li>2-8 Degree, Temperature Monitored Vaccine<\/li>\n<\/ul>\t\t\t\t\t\t\t\t<\/div>\n\t\t\t\t\t<\/div>\n\t\t<\/div>\n\t\t\t\t<div class=\"elementor-column elementor-col-33 elementor-top-column elementor-element elementor-element-2a4d8aa\" data-id=\"2a4d8aa\" data-element_type=\"column\" data-e-type=\"column\">\n\t\t\t<div class=\"elementor-widget-wrap elementor-element-populated\">\n\t\t\t\t\t\t<div class=\"elementor-element elementor-element-e393143 elementor-widget elementor-widget-text-editor\" data-id=\"e393143\" data-element_type=\"widget\" data-e-type=\"widget\" data-widget_type=\"text-editor.default\">\n\t\t\t\t\t\t\t\t\t<ul><li>Refrigerator for Drug Storage<\/li><li>-20 Degree, Temperature Monitored Deep Freezer for Frozen Lab Specimen Storage<\/li><li>-70 Degree, Temperature Monitored Deep Freezer for Frozen Lab Specimen Storage<\/li><li>Broadband Internet Access with Wireless Access<\/li><li>Refrigerated Centrifuge<\/li><li>Synchronous Atomic Clocks &amp; Watches<\/li><\/ul>\t\t\t\t\t\t\t\t<\/div>\n\t\t\t\t\t<\/div>\n\t\t<\/div>\n\t\t\t\t\t<\/div>\n\t\t<\/section>\n\t\t\t\t<\/div>\n\t\t","protected":false},"excerpt":{"rendered":"<p>Nuestras instalaciones de investigaci\u00f3n de San Antonio est\u00e1n comprometidas con el descubrimiento de nuevos medicamentos para mejorar la vida de las personas en todas partes. Ubicadas en m\u00e1s de 1600 pies cuadrados, nuestras instalaciones de investigaci\u00f3n y ensayos cl\u00ednicos contienen cinco salas de examen, salas de monitoreo dedicadas con conexiones a Internet de alta velocidad, una sala de espera privada para pacientes, un \u00e1rea de procesamiento de laboratorio dedicada con ambiente y refrigerado\u2026 <\/p>\n<p class=\"read-more-container\"><a title=\"Nuestro centro de investigaci\u00f3n de San Antonio\" class=\"read-more button\" href=\"https:\/\/endeavorct.com\/es\/sponsor-cro-info\/our-san-antonio-research-facility\/#more-855\" aria-label=\"Leer m\u00e1s sobre Nuestro Centro de Investigaci\u00f3n de San Antonio\">Leer m\u00e1s<\/a><\/p>","protected":false},"author":1,"featured_media":0,"parent":15,"menu_order":0,"comment_status":"closed","ping_status":"closed","template":"","meta":{"footnotes":""},"class_list":["post-855","page","type-page","status-publish"],"yoast_head":"<!-- This site is optimized with the Yoast SEO plugin v27.4 - https:\/\/yoast.com\/product\/yoast-seo-wordpress\/ -->\n<title>Our San Antonio Research Facility | Endeavor Clinical Trials in Texas<\/title>\n<meta name=\"description\" content=\"Our San Antonio Research Facility - Learn more about our 1600 square foot research facility located in the medical center of San Antonio, TX.\" \/>\n<meta name=\"robots\" content=\"index, follow, max-snippet:-1, max-image-preview:large, max-video-preview:-1\" \/>\n<link rel=\"canonical\" href=\"https:\/\/endeavorct.com\/es\/sponsor-cro-info\/our-san-antonio-research-facility\/\" \/>\n<meta property=\"og:locale\" content=\"es_MX\" \/>\n<meta property=\"og:type\" content=\"article\" \/>\n<meta property=\"og:title\" content=\"Our San Antonio Research Facility | Endeavor Clinical Trials in Texas\" \/>\n<meta property=\"og:description\" content=\"Our San Antonio Research Facility - Learn more about our 1600 square foot research facility located in the medical center of San Antonio, TX.\" \/>\n<meta property=\"og:url\" content=\"https:\/\/endeavorct.com\/es\/sponsor-cro-info\/our-san-antonio-research-facility\/\" \/>\n<meta property=\"og:site_name\" content=\"Endeavor Clinical Trials\" \/>\n<meta property=\"article:modified_time\" content=\"2022-01-20T19:59:06+00:00\" \/>\n<meta property=\"og:image\" content=\"https:\/\/ectpro.wpengine.com\/wp-content\/uploads\/2022\/01\/AdobeStock_177965230.jpeg\" \/>\n<meta name=\"twitter:card\" content=\"summary_large_image\" \/>\n<meta name=\"twitter:label1\" content=\"Tiempo de lectura\" \/>\n\t<meta name=\"twitter:data1\" content=\"1 minuto\" \/>\n<script type=\"application\/ld+json\" class=\"yoast-schema-graph\">{\"@context\":\"https:\\\/\\\/schema.org\",\"@graph\":[{\"@type\":\"WebPage\",\"@id\":\"https:\\\/\\\/endeavorct.com\\\/sponsor-cro-info\\\/our-san-antonio-research-facility\\\/\",\"url\":\"https:\\\/\\\/endeavorct.com\\\/sponsor-cro-info\\\/our-san-antonio-research-facility\\\/\",\"name\":\"Our San Antonio Research Facility | Endeavor Clinical Trials in Texas\",\"isPartOf\":{\"@id\":\"https:\\\/\\\/endeavorct.com\\\/#website\"},\"primaryImageOfPage\":{\"@id\":\"https:\\\/\\\/endeavorct.com\\\/sponsor-cro-info\\\/our-san-antonio-research-facility\\\/#primaryimage\"},\"image\":{\"@id\":\"https:\\\/\\\/endeavorct.com\\\/sponsor-cro-info\\\/our-san-antonio-research-facility\\\/#primaryimage\"},\"thumbnailUrl\":\"https:\\\/\\\/ectpro.wpengine.com\\\/wp-content\\\/uploads\\\/2022\\\/01\\\/AdobeStock_177965230.jpeg\",\"datePublished\":\"2021-04-09T18:43:17+00:00\",\"dateModified\":\"2022-01-20T19:59:06+00:00\",\"description\":\"Our San Antonio Research Facility - Learn more about our 1600 square foot research facility located in the medical center of San Antonio, TX.\",\"breadcrumb\":{\"@id\":\"https:\\\/\\\/endeavorct.com\\\/sponsor-cro-info\\\/our-san-antonio-research-facility\\\/#breadcrumb\"},\"inLanguage\":\"es\",\"potentialAction\":[{\"@type\":\"ReadAction\",\"target\":[\"https:\\\/\\\/endeavorct.com\\\/sponsor-cro-info\\\/our-san-antonio-research-facility\\\/\"]}]},{\"@type\":\"ImageObject\",\"inLanguage\":\"es\",\"@id\":\"https:\\\/\\\/endeavorct.com\\\/sponsor-cro-info\\\/our-san-antonio-research-facility\\\/#primaryimage\",\"url\":\"https:\\\/\\\/ectpro.wpengine.com\\\/wp-content\\\/uploads\\\/2022\\\/01\\\/AdobeStock_177965230.jpeg\",\"contentUrl\":\"https:\\\/\\\/ectpro.wpengine.com\\\/wp-content\\\/uploads\\\/2022\\\/01\\\/AdobeStock_177965230.jpeg\"},{\"@type\":\"BreadcrumbList\",\"@id\":\"https:\\\/\\\/endeavorct.com\\\/sponsor-cro-info\\\/our-san-antonio-research-facility\\\/#breadcrumb\",\"itemListElement\":[{\"@type\":\"ListItem\",\"position\":1,\"name\":\"Home\",\"item\":\"https:\\\/\\\/endeavorct.com\\\/\"},{\"@type\":\"ListItem\",\"position\":2,\"name\":\"Sponsor\\\/CRO Info\",\"item\":\"https:\\\/\\\/endeavorct.com\\\/sponsor-cro-info\\\/\"},{\"@type\":\"ListItem\",\"position\":3,\"name\":\"Our San Antonio Research Facility\"}]},{\"@type\":\"WebSite\",\"@id\":\"https:\\\/\\\/endeavorct.com\\\/#website\",\"url\":\"https:\\\/\\\/endeavorct.com\\\/\",\"name\":\"Endeavor Clinical Trials\",\"description\":\"Clinical research in San Antonio, TX\",\"publisher\":{\"@id\":\"https:\\\/\\\/endeavorct.com\\\/#organization\"},\"potentialAction\":[{\"@type\":\"SearchAction\",\"target\":{\"@type\":\"EntryPoint\",\"urlTemplate\":\"https:\\\/\\\/endeavorct.com\\\/?s={search_term_string}\"},\"query-input\":{\"@type\":\"PropertyValueSpecification\",\"valueRequired\":true,\"valueName\":\"search_term_string\"}}],\"inLanguage\":\"es\"},{\"@type\":\"Organization\",\"@id\":\"https:\\\/\\\/endeavorct.com\\\/#organization\",\"name\":\"Endeavor Clinical Trials\",\"url\":\"https:\\\/\\\/endeavorct.com\\\/\",\"logo\":{\"@type\":\"ImageObject\",\"inLanguage\":\"es\",\"@id\":\"https:\\\/\\\/endeavorct.com\\\/#\\\/schema\\\/logo\\\/image\\\/\",\"url\":\"https:\\\/\\\/endeavorct.com\\\/wp-content\\\/uploads\\\/2026\\\/02\\\/ECT-Blue-Logo-300x159-1-copy.webp\",\"contentUrl\":\"https:\\\/\\\/endeavorct.com\\\/wp-content\\\/uploads\\\/2026\\\/02\\\/ECT-Blue-Logo-300x159-1-copy.webp\",\"width\":300,\"height\":159,\"caption\":\"Endeavor Clinical Trials\"},\"image\":{\"@id\":\"https:\\\/\\\/endeavorct.com\\\/#\\\/schema\\\/logo\\\/image\\\/\"}}]}<\/script>\n<!-- \/ Yoast SEO plugin. -->","yoast_head_json":{"title":"Nuestro Centro de Investigaci\u00f3n en San Antonio | Ensayos Cl\u00ednicos Endeavor en Texas","description":"Nuestras instalaciones de investigaci\u00f3n de San Antonio: obtenga m\u00e1s informaci\u00f3n sobre nuestras instalaciones de investigaci\u00f3n de 1600 pies cuadrados ubicadas en el centro m\u00e9dico de San Antonio, TX.","robots":{"index":"index","follow":"follow","max-snippet":"max-snippet:-1","max-image-preview":"max-image-preview:large","max-video-preview":"max-video-preview:-1"},"canonical":"https:\/\/endeavorct.com\/es\/sponsor-cro-info\/our-san-antonio-research-facility\/","og_locale":"es_MX","og_type":"article","og_title":"Our San Antonio Research Facility | Endeavor Clinical Trials in Texas","og_description":"Our San Antonio Research Facility - Learn more about our 1600 square foot research facility located in the medical center of San Antonio, TX.","og_url":"https:\/\/endeavorct.com\/es\/sponsor-cro-info\/our-san-antonio-research-facility\/","og_site_name":"Endeavor Clinical Trials","article_modified_time":"2022-01-20T19:59:06+00:00","og_image":[{"url":"https:\/\/ectpro.wpengine.com\/wp-content\/uploads\/2022\/01\/AdobeStock_177965230.jpeg","type":"","width":"","height":""}],"twitter_card":"summary_large_image","twitter_misc":{"Tiempo de lectura":"1 minuto"},"schema":{"@context":"https:\/\/schema.org","@graph":[{"@type":"WebPage","@id":"https:\/\/endeavorct.com\/sponsor-cro-info\/our-san-antonio-research-facility\/","url":"https:\/\/endeavorct.com\/sponsor-cro-info\/our-san-antonio-research-facility\/","name":"Nuestro Centro de Investigaci\u00f3n en San Antonio | Ensayos Cl\u00ednicos Endeavor en Texas","isPartOf":{"@id":"https:\/\/endeavorct.com\/#website"},"primaryImageOfPage":{"@id":"https:\/\/endeavorct.com\/sponsor-cro-info\/our-san-antonio-research-facility\/#primaryimage"},"image":{"@id":"https:\/\/endeavorct.com\/sponsor-cro-info\/our-san-antonio-research-facility\/#primaryimage"},"thumbnailUrl":"https:\/\/ectpro.wpengine.com\/wp-content\/uploads\/2022\/01\/AdobeStock_177965230.jpeg","datePublished":"2021-04-09T18:43:17+00:00","dateModified":"2022-01-20T19:59:06+00:00","description":"Nuestras instalaciones de investigaci\u00f3n de San Antonio: obtenga m\u00e1s informaci\u00f3n sobre nuestras instalaciones de investigaci\u00f3n de 1600 pies cuadrados ubicadas en el centro m\u00e9dico de San Antonio, TX.","breadcrumb":{"@id":"https:\/\/endeavorct.com\/sponsor-cro-info\/our-san-antonio-research-facility\/#breadcrumb"},"inLanguage":"es","potentialAction":[{"@type":"ReadAction","target":["https:\/\/endeavorct.com\/sponsor-cro-info\/our-san-antonio-research-facility\/"]}]},{"@type":"ImageObject","inLanguage":"es","@id":"https:\/\/endeavorct.com\/sponsor-cro-info\/our-san-antonio-research-facility\/#primaryimage","url":"https:\/\/ectpro.wpengine.com\/wp-content\/uploads\/2022\/01\/AdobeStock_177965230.jpeg","contentUrl":"https:\/\/ectpro.wpengine.com\/wp-content\/uploads\/2022\/01\/AdobeStock_177965230.jpeg"},{"@type":"BreadcrumbList","@id":"https:\/\/endeavorct.com\/sponsor-cro-info\/our-san-antonio-research-facility\/#breadcrumb","itemListElement":[{"@type":"ListItem","position":1,"name":"Home","item":"https:\/\/endeavorct.com\/"},{"@type":"ListItem","position":2,"name":"Sponsor\/CRO Info","item":"https:\/\/endeavorct.com\/sponsor-cro-info\/"},{"@type":"ListItem","position":3,"name":"Our San Antonio Research Facility"}]},{"@type":"WebSite","@id":"https:\/\/endeavorct.com\/#website","url":"https:\/\/endeavorct.com\/","name":"Ensayos cl\u00ednicos de esfuerzo","description":"Investigaci\u00f3n cl\u00ednica en San Antonio, TX","publisher":{"@id":"https:\/\/endeavorct.com\/#organization"},"potentialAction":[{"@type":"SearchAction","target":{"@type":"EntryPoint","urlTemplate":"https:\/\/endeavorct.com\/?s={search_term_string}"},"query-input":{"@type":"PropertyValueSpecification","valueRequired":true,"valueName":"search_term_string"}}],"inLanguage":"es"},{"@type":"Organization","@id":"https:\/\/endeavorct.com\/#organization","name":"Ensayos cl\u00ednicos de esfuerzo","url":"https:\/\/endeavorct.com\/","logo":{"@type":"ImageObject","inLanguage":"es","@id":"https:\/\/endeavorct.com\/#\/schema\/logo\/image\/","url":"https:\/\/endeavorct.com\/wp-content\/uploads\/2026\/02\/ECT-Blue-Logo-300x159-1-copy.webp","contentUrl":"https:\/\/endeavorct.com\/wp-content\/uploads\/2026\/02\/ECT-Blue-Logo-300x159-1-copy.webp","width":300,"height":159,"caption":"Endeavor Clinical Trials"},"image":{"@id":"https:\/\/endeavorct.com\/#\/schema\/logo\/image\/"}}]}},"_links":{"self":[{"href":"https:\/\/endeavorct.com\/es\/wp-json\/wp\/v2\/pages\/855","targetHints":{"allow":["GET"]}}],"collection":[{"href":"https:\/\/endeavorct.com\/es\/wp-json\/wp\/v2\/pages"}],"about":[{"href":"https:\/\/endeavorct.com\/es\/wp-json\/wp\/v2\/types\/page"}],"author":[{"embeddable":true,"href":"https:\/\/endeavorct.com\/es\/wp-json\/wp\/v2\/users\/1"}],"replies":[{"embeddable":true,"href":"https:\/\/endeavorct.com\/es\/wp-json\/wp\/v2\/comments?post=855"}],"version-history":[{"count":0,"href":"https:\/\/endeavorct.com\/es\/wp-json\/wp\/v2\/pages\/855\/revisions"}],"up":[{"embeddable":true,"href":"https:\/\/endeavorct.com\/es\/wp-json\/wp\/v2\/pages\/15"}],"wp:attachment":[{"href":"https:\/\/endeavorct.com\/es\/wp-json\/wp\/v2\/media?parent=855"}],"curies":[{"name":"gracias","href":"https:\/\/api.w.org\/{rel}","templated":true}]}}