{"id":857,"date":"2021-04-09T18:48:28","date_gmt":"2021-04-09T18:48:28","guid":{"rendered":"https:\/\/ectpro.wpengine.com\/?page_id=857"},"modified":"2022-01-20T20:00:23","modified_gmt":"2022-01-20T20:00:23","slug":"past-sponsor-cro-for-clinical-research","status":"publish","type":"page","link":"https:\/\/endeavorct.com\/es\/sponsor-cro-info\/past-sponsor-cro-for-clinical-research\/","title":{"rendered":"Patrocinadores anteriores de San Antonio Research Studies"},"content":{"rendered":"\t\t<div data-elementor-type=\"wp-page\" data-elementor-id=\"857\" class=\"elementor elementor-857\" data-elementor-post-type=\"page\">\n\t\t\t\t\t\t<section class=\"elementor-section elementor-top-section elementor-element elementor-element-39f0173 elementor-section-stretched elementor-section-height-min-height elementor-section-boxed elementor-section-height-default elementor-section-items-middle\" data-id=\"39f0173\" data-element_type=\"section\" data-e-type=\"section\" data-settings=\"{&quot;stretch_section&quot;:&quot;section-stretched&quot;,&quot;background_background&quot;:&quot;classic&quot;,&quot;background_motion_fx_motion_fx_scrolling&quot;:&quot;yes&quot;,&quot;background_motion_fx_translateY_effect&quot;:&quot;yes&quot;,&quot;shape_divider_bottom&quot;:&quot;arrow&quot;,&quot;shape_divider_bottom_negative&quot;:&quot;yes&quot;,&quot;background_motion_fx_translateY_speed&quot;:{&quot;unit&quot;:&quot;px&quot;,&quot;size&quot;:4,&quot;sizes&quot;:[]},&quot;background_motion_fx_translateY_affectedRange&quot;:{&quot;unit&quot;:&quot;%&quot;,&quot;size&quot;:&quot;&quot;,&quot;sizes&quot;:{&quot;start&quot;:0,&quot;end&quot;:100}},&quot;background_motion_fx_devices&quot;:[&quot;desktop&quot;,&quot;tablet&quot;,&quot;mobile&quot;]}\">\n\t\t\t\t\t\t\t<div class=\"elementor-background-overlay\"><\/div>\n\t\t\t\t\t\t<div class=\"elementor-shape elementor-shape-bottom\" aria-hidden=\"true\" data-negative=\"true\">\n\t\t\t<svg xmlns=\"http:\/\/www.w3.org\/2000\/svg\" viewBox=\"0 0 700 10\" preserveAspectRatio=\"none\">\n\t<path class=\"elementor-shape-fill\" d=\"M360 0L350 9.9 340 0 0 0 0 10 700 10 700 0\"\/>\n<\/svg>\t\t<\/div>\n\t\t\t\t\t<div class=\"elementor-container elementor-column-gap-default\">\n\t\t\t\t\t<div class=\"elementor-column elementor-col-100 elementor-top-column elementor-element elementor-element-f9b904f\" data-id=\"f9b904f\" data-element_type=\"column\" data-e-type=\"column\">\n\t\t\t<div class=\"elementor-widget-wrap elementor-element-populated\">\n\t\t\t\t\t\t<div class=\"elementor-element elementor-element-4fe1271 elementor-invisible elementor-widget elementor-widget-heading\" data-id=\"4fe1271\" data-element_type=\"widget\" data-e-type=\"widget\" data-settings=\"{&quot;_animation&quot;:&quot;fadeInRight&quot;}\" data-widget_type=\"heading.default\">\n\t\t\t\t\t<h1 class=\"elementor-heading-title elementor-size-default\">Past Sponsors &amp; CROs<\/h1>\t\t\t\t<\/div>\n\t\t\t\t\t<\/div>\n\t\t<\/div>\n\t\t\t\t\t<\/div>\n\t\t<\/section>\n\t\t\t\t<section class=\"elementor-section elementor-top-section elementor-element elementor-element-5a6af5c elementor-section-boxed elementor-section-height-default elementor-section-height-default\" data-id=\"5a6af5c\" data-element_type=\"section\" data-e-type=\"section\">\n\t\t\t\t\t\t<div class=\"elementor-container elementor-column-gap-default\">\n\t\t\t\t\t<div class=\"elementor-column elementor-col-100 elementor-top-column elementor-element elementor-element-1fe9077\" data-id=\"1fe9077\" data-element_type=\"column\" data-e-type=\"column\">\n\t\t\t<div class=\"elementor-widget-wrap elementor-element-populated\">\n\t\t\t\t\t\t<div class=\"elementor-element elementor-element-05f8e48 elementor-widget elementor-widget-heading\" data-id=\"05f8e48\" data-element_type=\"widget\" data-e-type=\"widget\" data-widget_type=\"heading.default\">\n\t\t\t\t\t<h2 class=\"elementor-heading-title elementor-size-default\">Our Clinical Trials Have Successfully Helped Thousands Of Patients Everywhere<\/h2>\t\t\t\t<\/div>\n\t\t\t\t\t<\/div>\n\t\t<\/div>\n\t\t\t\t\t<\/div>\n\t\t<\/section>\n\t\t\t\t<section class=\"elementor-section elementor-top-section elementor-element elementor-element-a2fc63d elementor-section-boxed elementor-section-height-default elementor-section-height-default\" data-id=\"a2fc63d\" data-element_type=\"section\" data-e-type=\"section\">\n\t\t\t\t\t\t<div class=\"elementor-container elementor-column-gap-default\">\n\t\t\t\t\t<div class=\"elementor-column elementor-col-100 elementor-top-column elementor-element elementor-element-b21c9df\" data-id=\"b21c9df\" data-element_type=\"column\" data-e-type=\"column\">\n\t\t\t<div class=\"elementor-widget-wrap elementor-element-populated\">\n\t\t\t\t\t\t<div class=\"elementor-element elementor-element-be24b55 elementor-widget elementor-widget-text-editor\" data-id=\"be24b55\" data-element_type=\"widget\" data-e-type=\"widget\" data-widget_type=\"text-editor.default\">\n\t\t\t\t\t\t\t\t\tHere is a list of our past sponsors and CROs.\t\t\t\t\t\t\t\t<\/div>\n\t\t\t\t\t<\/div>\n\t\t<\/div>\n\t\t\t\t\t<\/div>\n\t\t<\/section>\n\t\t\t\t<section class=\"elementor-section elementor-top-section elementor-element elementor-element-2dcb96f elementor-section-boxed elementor-section-height-default elementor-section-height-default\" data-id=\"2dcb96f\" data-element_type=\"section\" data-e-type=\"section\">\n\t\t\t\t\t\t<div class=\"elementor-container elementor-column-gap-default\">\n\t\t\t\t\t<div class=\"elementor-column elementor-col-33 elementor-top-column elementor-element elementor-element-095e00c\" data-id=\"095e00c\" data-element_type=\"column\" data-e-type=\"column\">\n\t\t\t<div class=\"elementor-widget-wrap elementor-element-populated\">\n\t\t\t\t\t\t<div class=\"elementor-element elementor-element-75f0a0d elementor-widget elementor-widget-text-editor\" data-id=\"75f0a0d\" data-element_type=\"widget\" data-e-type=\"widget\" data-widget_type=\"text-editor.default\">\n\t\t\t\t\t\t\t\t\t<ul><li>Abbott<\/li><li>Bertek<\/li><li>AcelRx Pharma<\/li><li>Biogentis<\/li><li>Advanced Tissue Sciences<\/li><li>Camargo<\/li><li>Anacor<\/li><li>Cato<\/li><li>Anchen Pharma<\/li><li>Clinical Professionals Inc.<\/li><li>Anesiva<\/li><li>Clinimetrics<\/li><li>Arthro Care<\/li><li>Constella Clinical Informatics<\/li><li>Avanir<\/li><li>Corning Besselaare, Inc.<\/li><li>Barrier Therapeutics<\/li><li>Covance<\/li><li>Bistol Meyer Squibb<\/li><li>Covance<\/li><li>Boehringer Ingelheim<\/li><li>Cu-Tech<\/li><li>Calibra Medical<\/li><li>Duke Clinical Reseach institute<\/li><li>Celgene Coperation<\/li><li>Gruenenthal<\/li><li>Celleration, Inc.<\/li><li>ICON<\/li><li>Celtic Pharma<\/li><li>INC Research<\/li><li>Cempra Pharm, Inc.<\/li><li>Integrium<\/li><li>Centrexion Corporation<\/li><li>IRC<\/li><li>Cipher Pharmaceuticals<\/li><li>Kendle<\/li><li>Clay-Park Labs, Inc.<\/li><li>Lotus<\/li><li>Cool Systems<\/li><li>Medpace<\/li><li>Cytomedix, Inc.<\/li><li>MRA<\/li><li>Daiichi Sankyo Pharma<\/li><li>National\u00a0Medical Research<\/li><li>Derma Sciences Inc<\/li><li>Novum<\/li><li>Dermacor Inc<\/li><li>Parexel<\/li><li>Dermik Laboratories<\/li><li>Pharmanet<\/li><li>Dexcom<\/li><li>PharmaResearch<\/li><li>Dow Pharmaceutical Sciences, Inc<\/li><li>Pharm-Olam International<\/li><li>EliLilly<\/li><li>PharPoint Research, Inc<\/li><li>Elite<\/li><li>PPD<\/li><li>Ethicon<\/li><li>PREMIER RESEARCH GROUP<\/li><li>Excaliard<\/li><li>Quintiles<\/li><li>G.D. Searle<\/li><li>RCI<\/li><li>Genentech<\/li><li>Research Point<\/li><li>Genzyme<\/li><li>Rho World<\/li><li>GlaxoSmithKline<\/li><li>RPS<\/li><li>Glenmark<\/li><li>Scirex<\/li><li>Sol Gen<\/li><\/ul>\t\t\t\t\t\t\t\t<\/div>\n\t\t\t\t\t<\/div>\n\t\t<\/div>\n\t\t\t\t<div class=\"elementor-column elementor-col-33 elementor-top-column elementor-element elementor-element-a6037f0\" data-id=\"a6037f0\" data-element_type=\"column\" data-e-type=\"column\">\n\t\t\t<div class=\"elementor-widget-wrap elementor-element-populated\">\n\t\t\t\t\t\t<div class=\"elementor-element elementor-element-c6dd266 elementor-widget elementor-widget-text-editor\" data-id=\"c6dd266\" data-element_type=\"widget\" data-e-type=\"widget\" data-widget_type=\"text-editor.default\">\n\t\t\t\t\t\t\t\t\t<ul><li>Grifols Therapeutics, Inc<\/li><li>Symbio<\/li><li>Grunentha<\/li><li>Synteract<\/li><li>HalcyGen Limited<\/li><li>TKL Research, IncHealthpoint<\/li><li>Topical Solutions, LTD<\/li><li>Heron<\/li><li>Humco Holding Group, LLC<\/li><li>Incell<\/li><li>Innocoll Inc<\/li><li>INSYS<\/li><li>Janssen<\/li><li>Javelin<\/li><li>Johnson &amp; Johnson<\/li><li>Johnson Pharmaceutical Research<\/li><li>Institute<\/li><li>KCI<\/li><li>KeraCure, Inc<\/li><li>King Pharmaceuticals<\/li><li>Luitpold<\/li><li>Pharmaceuticals, Inc.<\/li><li>Magainin<\/li><li>Mallinckrodt<\/li><li>Medicis Pharmaceutical Corp.<\/li><li>MediVector<\/li><li>Medtronic -Covidien<\/li><li>MejiSeik<\/li><li>Merck Merz<\/li><li>NanoBio<\/li><li>NIAID<\/li><li>NitricBio<\/li><li>Novartis<\/li><li>Novo Nordisk<\/li><li>Omeros<\/li><li>Organogenesis<\/li><li>Orthologic<\/li><li>Paddock<\/li><li>Laboratories<\/li><li>PamLab<\/li><li>PathoLase<\/li><li>Penederm<\/li><li>Pfizer<\/li><li>Pharmacia<\/li><li>PLIVA R&amp;D Ltd<\/li><li>Progenics Pharmaceuticals, Inc<\/li><li>Promius<\/li><li>QRxPharma<\/li><li>Quigley<\/li><li>Recro Pharma, Inc.Regenesis Biomedical, Inc.<\/li><li>Renaissance<\/li><li>Sandoz Pharmaceuticals Corporation<\/li><li>Sanofi-Aventis Groupe<\/li><li>Sanofi-Pasteur<\/li><li>Schering-Plough<\/li><li>Seikagaku<\/li><li>Skingenix, Inc<\/li><li>Sol-Gel<\/li><li>Takeda<\/li><li>Taro Pharmaceutical USA, Inc<\/li><li>TEVA<\/li><li>Theravance Inc.<\/li><li>Tolmar Inc.<\/li><li>Topica Pharmaceuticals Inc.<\/li><li>Trevena<\/li><li>UCB Pharma<\/li><li>Valeant<\/li><li>Vernalis<\/li><li>Viamet<\/li><li>Wave RX Inc<\/li><li>Wyeth Pharmaceuticals<\/li><\/ul>\t\t\t\t\t\t\t\t<\/div>\n\t\t\t\t\t<\/div>\n\t\t<\/div>\n\t\t\t\t<div class=\"elementor-column elementor-col-33 elementor-top-column elementor-element elementor-element-5518c1f\" data-id=\"5518c1f\" data-element_type=\"column\" data-e-type=\"column\">\n\t\t\t<div class=\"elementor-widget-wrap elementor-element-populated\">\n\t\t\t\t\t\t<div class=\"elementor-element elementor-element-38f1568 elementor-widget elementor-widget-image\" data-id=\"38f1568\" data-element_type=\"widget\" data-e-type=\"widget\" data-widget_type=\"image.default\">\n\t\t\t\t\t\t\t\t\t\t\t\t\t\t\t<img fetchpriority=\"high\" decoding=\"async\" width=\"800\" height=\"533\" src=\"https:\/\/endeavorct.com\/wp-content\/uploads\/2022\/01\/AdobeStock_83991175.jpeg\" class=\"attachment-large size-large wp-image-1098\" alt=\"Doctor speaking to clinical trials sponsor\" srcset=\"https:\/\/endeavorct.com\/wp-content\/uploads\/2022\/01\/AdobeStock_83991175.jpeg 800w, https:\/\/endeavorct.com\/wp-content\/uploads\/2022\/01\/AdobeStock_83991175-300x200.jpeg 300w, https:\/\/endeavorct.com\/wp-content\/uploads\/2022\/01\/AdobeStock_83991175-768x512.jpeg 768w\" sizes=\"(max-width: 800px) 100vw, 800px\" \/>\t\t\t\t\t\t\t\t\t\t\t\t\t\t\t<\/div>\n\t\t\t\t\t<\/div>\n\t\t<\/div>\n\t\t\t\t\t<\/div>\n\t\t<\/section>\n\t\t\t\t<\/div>\n\t\t","protected":false},"excerpt":{"rendered":"<p>Patrocinadores y CRO anteriores Nuestros ensayos cl\u00ednicos han ayudado con \u00e9xito a miles de pacientes en todo el mundo. Aqu\u00ed hay una lista de nuestros patrocinadores y CRO anteriores: Abbott Bertek AcelRx Pharma Biogentis Advanced Tissue Sciences Camargo Anacor Cato Anchen Pharma Clinical Professionals Inc. Anesiva Clinimetrics Arthro Care Constella Clinical Informatics Avanir Corning Besselaare, Inc. Barrier Therapeutics Covance Bistol\u2026 <\/p>\n<p class=\"read-more-container\"><a title=\"Patrocinadores anteriores de San Antonio Research Studies\" class=\"read-more button\" href=\"https:\/\/endeavorct.com\/es\/sponsor-cro-info\/past-sponsor-cro-for-clinical-research\/#more-857\" aria-label=\"Leer m\u00e1s sobre Past Sponsors with San Antonio Research Studies\">Leer m\u00e1s<\/a><\/p>","protected":false},"author":1,"featured_media":0,"parent":15,"menu_order":0,"comment_status":"closed","ping_status":"closed","template":"","meta":{"footnotes":""},"class_list":["post-857","page","type-page","status-publish"],"yoast_head":"<!-- This site is optimized with the Yoast SEO plugin v27.3 - https:\/\/yoast.com\/product\/yoast-seo-wordpress\/ -->\n<title>Past Sponsors with Endeavor Clinical Trials in San Antonio, TX<\/title>\n<meta name=\"description\" content=\"Past Sponsors - View our list of our past sponsors and CROs that have conducted successful clinical trials with Endeavor Clinical Trials.\" \/>\n<meta name=\"robots\" content=\"index, follow, max-snippet:-1, max-image-preview:large, max-video-preview:-1\" \/>\n<link rel=\"canonical\" href=\"https:\/\/endeavorct.com\/es\/sponsor-cro-info\/past-sponsor-cro-for-clinical-research\/\" \/>\n<meta property=\"og:locale\" content=\"es_MX\" \/>\n<meta property=\"og:type\" content=\"article\" \/>\n<meta property=\"og:title\" content=\"Past Sponsors with Endeavor Clinical Trials in San Antonio, TX\" \/>\n<meta property=\"og:description\" content=\"Past Sponsors - View our list of our past sponsors and CROs that have conducted successful clinical trials with Endeavor Clinical Trials.\" \/>\n<meta property=\"og:url\" content=\"https:\/\/endeavorct.com\/es\/sponsor-cro-info\/past-sponsor-cro-for-clinical-research\/\" \/>\n<meta property=\"og:site_name\" content=\"Endeavor Clinical Trials\" \/>\n<meta property=\"article:modified_time\" content=\"2022-01-20T20:00:23+00:00\" \/>\n<meta property=\"og:image\" content=\"https:\/\/ectpro.wpengine.com\/wp-content\/uploads\/2022\/01\/AdobeStock_83991175.jpeg\" \/>\n<meta name=\"twitter:card\" content=\"summary_large_image\" \/>\n<meta name=\"twitter:label1\" content=\"Tiempo de lectura\" \/>\n\t<meta name=\"twitter:data1\" content=\"2 minutos\" \/>\n<script type=\"application\/ld+json\" class=\"yoast-schema-graph\">{\"@context\":\"https:\\\/\\\/schema.org\",\"@graph\":[{\"@type\":\"WebPage\",\"@id\":\"https:\\\/\\\/endeavorct.com\\\/sponsor-cro-info\\\/past-sponsor-cro-for-clinical-research\\\/\",\"url\":\"https:\\\/\\\/endeavorct.com\\\/sponsor-cro-info\\\/past-sponsor-cro-for-clinical-research\\\/\",\"name\":\"Past Sponsors with Endeavor Clinical Trials in San Antonio, TX\",\"isPartOf\":{\"@id\":\"https:\\\/\\\/endeavorct.com\\\/#website\"},\"primaryImageOfPage\":{\"@id\":\"https:\\\/\\\/endeavorct.com\\\/sponsor-cro-info\\\/past-sponsor-cro-for-clinical-research\\\/#primaryimage\"},\"image\":{\"@id\":\"https:\\\/\\\/endeavorct.com\\\/sponsor-cro-info\\\/past-sponsor-cro-for-clinical-research\\\/#primaryimage\"},\"thumbnailUrl\":\"https:\\\/\\\/ectpro.wpengine.com\\\/wp-content\\\/uploads\\\/2022\\\/01\\\/AdobeStock_83991175.jpeg\",\"datePublished\":\"2021-04-09T18:48:28+00:00\",\"dateModified\":\"2022-01-20T20:00:23+00:00\",\"description\":\"Past Sponsors - View our list of our past sponsors and CROs that have conducted successful clinical trials with Endeavor Clinical Trials.\",\"breadcrumb\":{\"@id\":\"https:\\\/\\\/endeavorct.com\\\/sponsor-cro-info\\\/past-sponsor-cro-for-clinical-research\\\/#breadcrumb\"},\"inLanguage\":\"es\",\"potentialAction\":[{\"@type\":\"ReadAction\",\"target\":[\"https:\\\/\\\/endeavorct.com\\\/sponsor-cro-info\\\/past-sponsor-cro-for-clinical-research\\\/\"]}]},{\"@type\":\"ImageObject\",\"inLanguage\":\"es\",\"@id\":\"https:\\\/\\\/endeavorct.com\\\/sponsor-cro-info\\\/past-sponsor-cro-for-clinical-research\\\/#primaryimage\",\"url\":\"https:\\\/\\\/ectpro.wpengine.com\\\/wp-content\\\/uploads\\\/2022\\\/01\\\/AdobeStock_83991175.jpeg\",\"contentUrl\":\"https:\\\/\\\/ectpro.wpengine.com\\\/wp-content\\\/uploads\\\/2022\\\/01\\\/AdobeStock_83991175.jpeg\"},{\"@type\":\"BreadcrumbList\",\"@id\":\"https:\\\/\\\/endeavorct.com\\\/sponsor-cro-info\\\/past-sponsor-cro-for-clinical-research\\\/#breadcrumb\",\"itemListElement\":[{\"@type\":\"ListItem\",\"position\":1,\"name\":\"Home\",\"item\":\"https:\\\/\\\/endeavorct.com\\\/\"},{\"@type\":\"ListItem\",\"position\":2,\"name\":\"Sponsor\\\/CRO Info\",\"item\":\"https:\\\/\\\/endeavorct.com\\\/sponsor-cro-info\\\/\"},{\"@type\":\"ListItem\",\"position\":3,\"name\":\"Past Sponsors with San Antonio Research Studies\"}]},{\"@type\":\"WebSite\",\"@id\":\"https:\\\/\\\/endeavorct.com\\\/#website\",\"url\":\"https:\\\/\\\/endeavorct.com\\\/\",\"name\":\"Endeavor Clinical Trials\",\"description\":\"Clinical research in San Antonio, TX\",\"publisher\":{\"@id\":\"https:\\\/\\\/endeavorct.com\\\/#organization\"},\"potentialAction\":[{\"@type\":\"SearchAction\",\"target\":{\"@type\":\"EntryPoint\",\"urlTemplate\":\"https:\\\/\\\/endeavorct.com\\\/?s={search_term_string}\"},\"query-input\":{\"@type\":\"PropertyValueSpecification\",\"valueRequired\":true,\"valueName\":\"search_term_string\"}}],\"inLanguage\":\"es\"},{\"@type\":\"Organization\",\"@id\":\"https:\\\/\\\/endeavorct.com\\\/#organization\",\"name\":\"Endeavor Clinical Trials\",\"url\":\"https:\\\/\\\/endeavorct.com\\\/\",\"logo\":{\"@type\":\"ImageObject\",\"inLanguage\":\"es\",\"@id\":\"https:\\\/\\\/endeavorct.com\\\/#\\\/schema\\\/logo\\\/image\\\/\",\"url\":\"https:\\\/\\\/endeavorct.com\\\/wp-content\\\/uploads\\\/2026\\\/02\\\/ECT-Blue-Logo-300x159-1-copy.webp\",\"contentUrl\":\"https:\\\/\\\/endeavorct.com\\\/wp-content\\\/uploads\\\/2026\\\/02\\\/ECT-Blue-Logo-300x159-1-copy.webp\",\"width\":300,\"height\":159,\"caption\":\"Endeavor Clinical Trials\"},\"image\":{\"@id\":\"https:\\\/\\\/endeavorct.com\\\/#\\\/schema\\\/logo\\\/image\\\/\"}}]}<\/script>\n<!-- \/ Yoast SEO plugin. -->","yoast_head_json":{"title":"Past Sponsors with Endeavor Clinical Trials in San Antonio, TX","description":"Past Sponsors - View our list of our past sponsors and CROs that have conducted successful clinical trials with Endeavor Clinical Trials.","robots":{"index":"index","follow":"follow","max-snippet":"max-snippet:-1","max-image-preview":"max-image-preview:large","max-video-preview":"max-video-preview:-1"},"canonical":"https:\/\/endeavorct.com\/es\/sponsor-cro-info\/past-sponsor-cro-for-clinical-research\/","og_locale":"es_MX","og_type":"article","og_title":"Past Sponsors with Endeavor Clinical Trials in San Antonio, TX","og_description":"Past Sponsors - View our list of our past sponsors and CROs that have conducted successful clinical trials with Endeavor Clinical Trials.","og_url":"https:\/\/endeavorct.com\/es\/sponsor-cro-info\/past-sponsor-cro-for-clinical-research\/","og_site_name":"Endeavor Clinical Trials","article_modified_time":"2022-01-20T20:00:23+00:00","og_image":[{"url":"https:\/\/ectpro.wpengine.com\/wp-content\/uploads\/2022\/01\/AdobeStock_83991175.jpeg","type":"","width":"","height":""}],"twitter_card":"summary_large_image","twitter_misc":{"Tiempo de lectura":"2 minutos"},"schema":{"@context":"https:\/\/schema.org","@graph":[{"@type":"WebPage","@id":"https:\/\/endeavorct.com\/sponsor-cro-info\/past-sponsor-cro-for-clinical-research\/","url":"https:\/\/endeavorct.com\/sponsor-cro-info\/past-sponsor-cro-for-clinical-research\/","name":"Past Sponsors with Endeavor Clinical Trials in San Antonio, TX","isPartOf":{"@id":"https:\/\/endeavorct.com\/#website"},"primaryImageOfPage":{"@id":"https:\/\/endeavorct.com\/sponsor-cro-info\/past-sponsor-cro-for-clinical-research\/#primaryimage"},"image":{"@id":"https:\/\/endeavorct.com\/sponsor-cro-info\/past-sponsor-cro-for-clinical-research\/#primaryimage"},"thumbnailUrl":"https:\/\/ectpro.wpengine.com\/wp-content\/uploads\/2022\/01\/AdobeStock_83991175.jpeg","datePublished":"2021-04-09T18:48:28+00:00","dateModified":"2022-01-20T20:00:23+00:00","description":"Past Sponsors - View our list of our past sponsors and CROs that have conducted successful clinical trials with Endeavor Clinical Trials.","breadcrumb":{"@id":"https:\/\/endeavorct.com\/sponsor-cro-info\/past-sponsor-cro-for-clinical-research\/#breadcrumb"},"inLanguage":"es","potentialAction":[{"@type":"ReadAction","target":["https:\/\/endeavorct.com\/sponsor-cro-info\/past-sponsor-cro-for-clinical-research\/"]}]},{"@type":"ImageObject","inLanguage":"es","@id":"https:\/\/endeavorct.com\/sponsor-cro-info\/past-sponsor-cro-for-clinical-research\/#primaryimage","url":"https:\/\/ectpro.wpengine.com\/wp-content\/uploads\/2022\/01\/AdobeStock_83991175.jpeg","contentUrl":"https:\/\/ectpro.wpengine.com\/wp-content\/uploads\/2022\/01\/AdobeStock_83991175.jpeg"},{"@type":"BreadcrumbList","@id":"https:\/\/endeavorct.com\/sponsor-cro-info\/past-sponsor-cro-for-clinical-research\/#breadcrumb","itemListElement":[{"@type":"ListItem","position":1,"name":"Home","item":"https:\/\/endeavorct.com\/"},{"@type":"ListItem","position":2,"name":"Sponsor\/CRO Info","item":"https:\/\/endeavorct.com\/sponsor-cro-info\/"},{"@type":"ListItem","position":3,"name":"Past Sponsors with San Antonio Research Studies"}]},{"@type":"WebSite","@id":"https:\/\/endeavorct.com\/#website","url":"https:\/\/endeavorct.com\/","name":"Ensayos cl\u00ednicos de esfuerzo","description":"Investigaci\u00f3n cl\u00ednica en San Antonio, TX","publisher":{"@id":"https:\/\/endeavorct.com\/#organization"},"potentialAction":[{"@type":"SearchAction","target":{"@type":"EntryPoint","urlTemplate":"https:\/\/endeavorct.com\/?s={search_term_string}"},"query-input":{"@type":"PropertyValueSpecification","valueRequired":true,"valueName":"search_term_string"}}],"inLanguage":"es"},{"@type":"Organization","@id":"https:\/\/endeavorct.com\/#organization","name":"Ensayos cl\u00ednicos de esfuerzo","url":"https:\/\/endeavorct.com\/","logo":{"@type":"ImageObject","inLanguage":"es","@id":"https:\/\/endeavorct.com\/#\/schema\/logo\/image\/","url":"https:\/\/endeavorct.com\/wp-content\/uploads\/2026\/02\/ECT-Blue-Logo-300x159-1-copy.webp","contentUrl":"https:\/\/endeavorct.com\/wp-content\/uploads\/2026\/02\/ECT-Blue-Logo-300x159-1-copy.webp","width":300,"height":159,"caption":"Endeavor Clinical Trials"},"image":{"@id":"https:\/\/endeavorct.com\/#\/schema\/logo\/image\/"}}]}},"_links":{"self":[{"href":"https:\/\/endeavorct.com\/es\/wp-json\/wp\/v2\/pages\/857","targetHints":{"allow":["GET"]}}],"collection":[{"href":"https:\/\/endeavorct.com\/es\/wp-json\/wp\/v2\/pages"}],"about":[{"href":"https:\/\/endeavorct.com\/es\/wp-json\/wp\/v2\/types\/page"}],"author":[{"embeddable":true,"href":"https:\/\/endeavorct.com\/es\/wp-json\/wp\/v2\/users\/1"}],"replies":[{"embeddable":true,"href":"https:\/\/endeavorct.com\/es\/wp-json\/wp\/v2\/comments?post=857"}],"version-history":[{"count":0,"href":"https:\/\/endeavorct.com\/es\/wp-json\/wp\/v2\/pages\/857\/revisions"}],"up":[{"embeddable":true,"href":"https:\/\/endeavorct.com\/es\/wp-json\/wp\/v2\/pages\/15"}],"wp:attachment":[{"href":"https:\/\/endeavorct.com\/es\/wp-json\/wp\/v2\/media?parent=857"}],"curies":[{"name":"gracias","href":"https:\/\/api.w.org\/{rel}","templated":true}]}}