{"id":864,"date":"2021-04-09T19:08:58","date_gmt":"2021-04-09T19:08:58","guid":{"rendered":"https:\/\/ectpro.wpengine.com\/?page_id=864"},"modified":"2024-03-13T10:38:14","modified_gmt":"2024-03-13T15:38:14","slug":"why-endeavor-clinical-trials-and-podiatry-research-study-of-san-antonio-tx","status":"publish","type":"page","link":"https:\/\/endeavorct.com\/es\/participant-info\/why-endeavor-clinical-trials-and-podiatry-research-study-of-san-antonio-tx\/","title":{"rendered":"Nuestro centro de investigaci\u00f3n de San Antonio"},"content":{"rendered":"\t\t<div data-elementor-type=\"wp-page\" data-elementor-id=\"864\" class=\"elementor elementor-864\" data-elementor-post-type=\"page\">\n\t\t\t\t\t\t<section class=\"elementor-section elementor-top-section elementor-element elementor-element-39f0173 elementor-section-stretched elementor-section-height-min-height elementor-section-boxed elementor-section-height-default elementor-section-items-middle\" data-id=\"39f0173\" data-element_type=\"section\" data-e-type=\"section\" data-settings=\"{&quot;stretch_section&quot;:&quot;section-stretched&quot;,&quot;background_background&quot;:&quot;classic&quot;,&quot;background_motion_fx_motion_fx_scrolling&quot;:&quot;yes&quot;,&quot;background_motion_fx_translateY_effect&quot;:&quot;yes&quot;,&quot;shape_divider_bottom&quot;:&quot;arrow&quot;,&quot;shape_divider_bottom_negative&quot;:&quot;yes&quot;,&quot;background_motion_fx_translateY_speed&quot;:{&quot;unit&quot;:&quot;px&quot;,&quot;size&quot;:4,&quot;sizes&quot;:[]},&quot;background_motion_fx_translateY_affectedRange&quot;:{&quot;unit&quot;:&quot;%&quot;,&quot;size&quot;:&quot;&quot;,&quot;sizes&quot;:{&quot;start&quot;:0,&quot;end&quot;:100}},&quot;background_motion_fx_devices&quot;:[&quot;desktop&quot;,&quot;tablet&quot;,&quot;mobile&quot;]}\">\n\t\t\t\t\t\t\t<div class=\"elementor-background-overlay\"><\/div>\n\t\t\t\t\t\t<div class=\"elementor-shape elementor-shape-bottom\" aria-hidden=\"true\" data-negative=\"true\">\n\t\t\t<svg xmlns=\"http:\/\/www.w3.org\/2000\/svg\" viewBox=\"0 0 700 10\" preserveAspectRatio=\"none\">\n\t<path class=\"elementor-shape-fill\" d=\"M360 0L350 9.9 340 0 0 0 0 10 700 10 700 0\"\/>\n<\/svg>\t\t<\/div>\n\t\t\t\t\t<div class=\"elementor-container elementor-column-gap-default\">\n\t\t\t\t\t<div class=\"elementor-column elementor-col-100 elementor-top-column elementor-element elementor-element-f9b904f\" data-id=\"f9b904f\" data-element_type=\"column\" data-e-type=\"column\">\n\t\t\t<div class=\"elementor-widget-wrap elementor-element-populated\">\n\t\t\t\t\t\t<div class=\"elementor-element elementor-element-4fe1271 elementor-invisible elementor-widget elementor-widget-heading\" data-id=\"4fe1271\" data-element_type=\"widget\" data-e-type=\"widget\" data-settings=\"{&quot;_animation&quot;:&quot;fadeInRight&quot;}\" data-widget_type=\"heading.default\">\n\t\t\t\t\t<h1 class=\"elementor-heading-title elementor-size-default\">Why Endeavor Clinical Trials<br \/> Of San Antonio, TX?\n<\/h1>\t\t\t\t<\/div>\n\t\t\t\t\t<\/div>\n\t\t<\/div>\n\t\t\t\t\t<\/div>\n\t\t<\/section>\n\t\t\t\t<section class=\"elementor-section elementor-top-section elementor-element elementor-element-b361c7b elementor-section-boxed elementor-section-height-default elementor-section-height-default\" data-id=\"b361c7b\" data-element_type=\"section\" data-e-type=\"section\">\n\t\t\t\t\t\t<div class=\"elementor-container elementor-column-gap-default\">\n\t\t\t\t\t<div class=\"elementor-column elementor-col-100 elementor-top-column elementor-element elementor-element-15c574f\" data-id=\"15c574f\" data-element_type=\"column\" data-e-type=\"column\">\n\t\t\t<div class=\"elementor-widget-wrap elementor-element-populated\">\n\t\t\t\t\t\t<div class=\"elementor-element elementor-element-b0e56a0 elementor-widget elementor-widget-heading\" data-id=\"b0e56a0\" data-element_type=\"widget\" data-e-type=\"widget\" data-widget_type=\"heading.default\">\n\t\t\t\t\t<h3 class=\"elementor-heading-title elementor-size-default\">Extensive Experience Working With Podiatric Patients\n<\/h3>\t\t\t\t<\/div>\n\t\t\t\t<div class=\"elementor-element elementor-element-5619149 elementor-widget elementor-widget-text-editor\" data-id=\"5619149\" data-element_type=\"widget\" data-e-type=\"widget\" data-widget_type=\"text-editor.default\">\n\t\t\t\t\t\t\t\t\t<img fetchpriority=\"high\" decoding=\"async\" class=\"wp-image-942 size-medium alignright\" src=\"\/wp-content\/uploads\/2022\/01\/AdobeStock_208663514.jpeg\" alt=\"\" width=\"300\" height=\"200\" \/>Dr. Pollak and his team, Dr. Richard Bellacosa, Dr. Russell Stanley, and Dr. Asiya Ansari all have extensive\u00a0experience working with podiatric patients. Dr. Pollak is an expert in multiple areas of podiatry including toenail fungus, athlete\u2019s foot and diabetic foot ulcers. He has been in private practice for 37 years at San Antonio Podiatry Associates, P.C. along with the other doctors on this team. Each physician has many years of specialized podiatric training which you can read about in depth on our\u00a0<a href=\"http:\/\/endeavorct.com\/\">website<\/a>. We are confident we can help you find the right study at Endeavor Clinical Trials.\t\t\t\t\t\t\t\t<\/div>\n\t\t\t\t\t<\/div>\n\t\t<\/div>\n\t\t\t\t\t<\/div>\n\t\t<\/section>\n\t\t\t\t<section class=\"elementor-section elementor-top-section elementor-element elementor-element-b248d3e elementor-section-boxed elementor-section-height-default elementor-section-height-default\" data-id=\"b248d3e\" data-element_type=\"section\" data-e-type=\"section\">\n\t\t\t\t\t\t<div class=\"elementor-container elementor-column-gap-default\">\n\t\t\t\t\t<div class=\"elementor-column elementor-col-100 elementor-top-column elementor-element elementor-element-8932542\" data-id=\"8932542\" data-element_type=\"column\" data-e-type=\"column\">\n\t\t\t<div class=\"elementor-widget-wrap elementor-element-populated\">\n\t\t\t\t\t\t<div class=\"elementor-element elementor-element-184e244 elementor-widget-divider--view-line elementor-widget elementor-widget-divider\" data-id=\"184e244\" data-element_type=\"widget\" data-e-type=\"widget\" data-widget_type=\"divider.default\">\n\t\t\t\t\t\t\t<div class=\"elementor-divider\">\n\t\t\t<span class=\"elementor-divider-separator\">\n\t\t\t\t\t\t<\/span>\n\t\t<\/div>\n\t\t\t\t\t\t<\/div>\n\t\t\t\t\t<\/div>\n\t\t<\/div>\n\t\t\t\t\t<\/div>\n\t\t<\/section>\n\t\t\t\t<section class=\"elementor-section elementor-top-section elementor-element elementor-element-5714d0f elementor-section-boxed elementor-section-height-default elementor-section-height-default\" data-id=\"5714d0f\" data-element_type=\"section\" data-e-type=\"section\">\n\t\t\t\t\t\t<div class=\"elementor-container elementor-column-gap-default\">\n\t\t\t\t\t<div class=\"elementor-column elementor-col-100 elementor-top-column elementor-element elementor-element-5cb7e64\" data-id=\"5cb7e64\" data-element_type=\"column\" data-e-type=\"column\">\n\t\t\t<div class=\"elementor-widget-wrap elementor-element-populated\">\n\t\t\t\t\t\t<div class=\"elementor-element elementor-element-56fc54b elementor-widget elementor-widget-heading\" data-id=\"56fc54b\" data-element_type=\"widget\" data-e-type=\"widget\" data-widget_type=\"heading.default\">\n\t\t\t\t\t<h3 class=\"elementor-heading-title elementor-size-default\">Board-Certified San Antonio Podiatrists\n<\/h3>\t\t\t\t<\/div>\n\t\t\t\t<div class=\"elementor-element elementor-element-dca981a elementor-widget elementor-widget-text-editor\" data-id=\"dca981a\" data-element_type=\"widget\" data-e-type=\"widget\" data-widget_type=\"text-editor.default\">\n\t\t\t\t\t\t\t\t\t<img decoding=\"async\" class=\"wp-image-867 size-full alignleft\" src=\"\/wp-content\/uploads\/2022\/01\/AdobeStock_41376380.jpeg\" alt=\"\" width=\"300\" height=\"200\" \/>\n\nDr. Pollak and Dr. Bellacosa are board-certified by the American Board of Foot and Ankle Surgery, and are members of the Texas Podiatric Medical Association, American Podiatric Medical Association and Bexar County Medical Society. They are Diplomats of the American Board of Podiatric Surgery and Fellows of the American College of Foot and Ankle Surgeons. Although being board-certified is not a requirement, we have your best interest in mind. Endeavor Clinical Trials is always finding a way to enhance our performance. Our team completes board certifications in order to better serve you and your needs!\t\t\t\t\t\t\t\t<\/div>\n\t\t\t\t\t<\/div>\n\t\t<\/div>\n\t\t\t\t\t<\/div>\n\t\t<\/section>\n\t\t\t\t<section class=\"elementor-section elementor-top-section elementor-element elementor-element-1ac524f elementor-section-boxed elementor-section-height-default elementor-section-height-default\" data-id=\"1ac524f\" data-element_type=\"section\" data-e-type=\"section\">\n\t\t\t\t\t\t<div class=\"elementor-container elementor-column-gap-default\">\n\t\t\t\t\t<div class=\"elementor-column elementor-col-100 elementor-top-column elementor-element elementor-element-a8f065d\" data-id=\"a8f065d\" data-element_type=\"column\" data-e-type=\"column\">\n\t\t\t<div class=\"elementor-widget-wrap elementor-element-populated\">\n\t\t\t\t\t\t<div class=\"elementor-element elementor-element-8233d46 elementor-widget-divider--view-line elementor-widget elementor-widget-divider\" data-id=\"8233d46\" data-element_type=\"widget\" data-e-type=\"widget\" data-widget_type=\"divider.default\">\n\t\t\t\t\t\t\t<div class=\"elementor-divider\">\n\t\t\t<span class=\"elementor-divider-separator\">\n\t\t\t\t\t\t<\/span>\n\t\t<\/div>\n\t\t\t\t\t\t<\/div>\n\t\t\t\t\t<\/div>\n\t\t<\/div>\n\t\t\t\t\t<\/div>\n\t\t<\/section>\n\t\t\t\t<section class=\"elementor-section elementor-top-section elementor-element elementor-element-bad1388 elementor-section-boxed elementor-section-height-default elementor-section-height-default\" data-id=\"bad1388\" data-element_type=\"section\" data-e-type=\"section\">\n\t\t\t\t\t\t<div class=\"elementor-container elementor-column-gap-default\">\n\t\t\t\t\t<div class=\"elementor-column elementor-col-100 elementor-top-column elementor-element elementor-element-1da6ca6\" data-id=\"1da6ca6\" data-element_type=\"column\" data-e-type=\"column\">\n\t\t\t<div class=\"elementor-widget-wrap elementor-element-populated\">\n\t\t\t\t\t\t<div class=\"elementor-element elementor-element-9051946 elementor-widget elementor-widget-heading\" data-id=\"9051946\" data-element_type=\"widget\" data-e-type=\"widget\" data-widget_type=\"heading.default\">\n\t\t\t\t\t<h3 class=\"elementor-heading-title elementor-size-default\">Advanced Technology<\/h3>\t\t\t\t<\/div>\n\t\t\t\t<div class=\"elementor-element elementor-element-743ee7f elementor-widget elementor-widget-text-editor\" data-id=\"743ee7f\" data-element_type=\"widget\" data-e-type=\"widget\" data-widget_type=\"text-editor.default\">\n\t\t\t\t\t\t\t\t\t<img decoding=\"async\" class=\"wp-image-869 size-full alignright\" src=\"\/wp-content\/uploads\/2022\/01\/AdobeStock_266297976.jpeg\" alt=\"\" width=\"300\" height=\"200\" \/>\n\nEndeavor Clinical Trials uses cutting-edge advanced technology in its clinical research trials to maximize the success of every trial. Our technologies and products allow us to better serve the participants in clinical trials. Some of our many technologies are, x-rays, diagnostic ultrasounds, and even an onsite laboratory. As a participant in Endeavor Clinical Trails, we want you to know that our specialists are equipped with the most advanced technological to assist you throughout the study.\t\t\t\t\t\t\t\t<\/div>\n\t\t\t\t\t<\/div>\n\t\t<\/div>\n\t\t\t\t\t<\/div>\n\t\t<\/section>\n\t\t\t\t<section class=\"elementor-section elementor-top-section elementor-element elementor-element-029852d elementor-section-boxed elementor-section-height-default elementor-section-height-default\" data-id=\"029852d\" data-element_type=\"section\" data-e-type=\"section\">\n\t\t\t\t\t\t<div class=\"elementor-container elementor-column-gap-default\">\n\t\t\t\t\t<div class=\"elementor-column elementor-col-100 elementor-top-column elementor-element elementor-element-ded2eb4\" data-id=\"ded2eb4\" data-element_type=\"column\" data-e-type=\"column\">\n\t\t\t<div class=\"elementor-widget-wrap elementor-element-populated\">\n\t\t\t\t\t\t<div class=\"elementor-element elementor-element-d5d4381 elementor-widget-divider--view-line elementor-widget elementor-widget-divider\" data-id=\"d5d4381\" data-element_type=\"widget\" data-e-type=\"widget\" data-widget_type=\"divider.default\">\n\t\t\t\t\t\t\t<div class=\"elementor-divider\">\n\t\t\t<span class=\"elementor-divider-separator\">\n\t\t\t\t\t\t<\/span>\n\t\t<\/div>\n\t\t\t\t\t\t<\/div>\n\t\t\t\t\t<\/div>\n\t\t<\/div>\n\t\t\t\t\t<\/div>\n\t\t<\/section>\n\t\t\t\t<section class=\"elementor-section elementor-top-section elementor-element elementor-element-c2f0e58 elementor-section-boxed elementor-section-height-default elementor-section-height-default\" data-id=\"c2f0e58\" data-element_type=\"section\" data-e-type=\"section\">\n\t\t\t\t\t\t<div class=\"elementor-container elementor-column-gap-default\">\n\t\t\t\t\t<div class=\"elementor-column elementor-col-100 elementor-top-column elementor-element elementor-element-5812afc\" data-id=\"5812afc\" data-element_type=\"column\" data-e-type=\"column\">\n\t\t\t<div class=\"elementor-widget-wrap elementor-element-populated\">\n\t\t\t\t\t\t<div class=\"elementor-element elementor-element-7d6e5be elementor-widget elementor-widget-heading\" data-id=\"7d6e5be\" data-element_type=\"widget\" data-e-type=\"widget\" data-widget_type=\"heading.default\">\n\t\t\t\t\t<h3 class=\"elementor-heading-title elementor-size-default\">Convenient Research Facility In San Antonio, TX<\/h3>\t\t\t\t<\/div>\n\t\t\t\t<div class=\"elementor-element elementor-element-7dc7d11 elementor-widget elementor-widget-text-editor\" data-id=\"7dc7d11\" data-element_type=\"widget\" data-e-type=\"widget\" data-widget_type=\"text-editor.default\">\n\t\t\t\t\t\t\t\t\t<img loading=\"lazy\" decoding=\"async\" class=\"wp-image-870 size-full alignleft\" src=\"\/wp-content\/uploads\/2022\/01\/AdobeStock_302254724.jpeg\" alt=\"\" width=\"300\" height=\"200\" \/>\n\nEndeavor Clinical Trials is conveniently located in San Antonio, TX making it easy for San Antonio-based physicians and patients to participate in our research studies. Having a centralized location for our physicians and patients is important. You won\u2019t find yourself scrambling to find a hidden location, simply to participate in our trials. We understand that our patients travel from all over to participate in studies that change the world, this is why our practice in located in the heart of San Antonio, Texas. Find out more about our current studies and how you can participate by calling\u00a0<a href=\"tel:2109490807\">(210) 949-0807<\/a>.\t\t\t\t\t\t\t\t<\/div>\n\t\t\t\t\t<\/div>\n\t\t<\/div>\n\t\t\t\t\t<\/div>\n\t\t<\/section>\n\t\t\t\t<\/div>\n\t\t","protected":false},"excerpt":{"rendered":"<p>\u00bfPor qu\u00e9 elegir Endeavor Clinical Trials de San Antonio, TX? Amplia experiencia trabajando con pacientes podi\u00e1tricos El Dr. Pollak y su equipo, el Dr. Richard Bellacosa, el Dr. Russell Stanley y la Dra. Asiya Ansari, tienen una amplia experiencia trabajando con pacientes podi\u00e1tricos. El Dr. Pollak es un experto en m\u00faltiples \u00e1reas de la podolog\u00eda, incluidos los hongos en las u\u00f1as de los pies, el pie de atleta y las \u00falceras del pie diab\u00e9tico. \u2026 <\/p>\n<p class=\"read-more-container\"><a title=\"Nuestro centro de investigaci\u00f3n de San Antonio\" class=\"read-more button\" href=\"https:\/\/endeavorct.com\/es\/participant-info\/why-endeavor-clinical-trials-and-podiatry-research-study-of-san-antonio-tx\/#more-864\" aria-label=\"Leer m\u00e1s sobre Nuestro Centro de Investigaci\u00f3n de San Antonio\">Leer m\u00e1s<\/a><\/p>","protected":false},"author":1,"featured_media":0,"parent":12,"menu_order":0,"comment_status":"closed","ping_status":"closed","template":"","meta":{"footnotes":""},"class_list":["post-864","page","type-page","status-publish"],"yoast_head":"<!-- This site is optimized with the Yoast SEO plugin v27.2 - https:\/\/yoast.com\/product\/yoast-seo-wordpress\/ -->\n<title>Our San Antonio Research Facility | Endeavor Clinical Trials<\/title>\n<meta name=\"description\" content=\"Our San Antonio Research Facility - Learn more why you should enroll in a clinical study at Endeavor Clinical Trials in San Antonio, Texas.\" \/>\n<meta name=\"robots\" content=\"index, follow, max-snippet:-1, max-image-preview:large, max-video-preview:-1\" \/>\n<link rel=\"canonical\" href=\"https:\/\/endeavorct.com\/es\/participant-info\/why-endeavor-clinical-trials-and-podiatry-research-study-of-san-antonio-tx\/\" \/>\n<meta property=\"og:locale\" content=\"es_MX\" \/>\n<meta property=\"og:type\" content=\"article\" \/>\n<meta property=\"og:title\" content=\"Our San Antonio Research Facility | Endeavor Clinical Trials\" \/>\n<meta property=\"og:description\" content=\"Our San Antonio Research Facility - Learn more why you should enroll in a clinical study at Endeavor Clinical Trials in San Antonio, Texas.\" \/>\n<meta property=\"og:url\" content=\"https:\/\/endeavorct.com\/es\/participant-info\/why-endeavor-clinical-trials-and-podiatry-research-study-of-san-antonio-tx\/\" \/>\n<meta property=\"og:site_name\" content=\"Endeavor Clinical Trials\" \/>\n<meta property=\"article:modified_time\" content=\"2024-03-13T15:38:14+00:00\" \/>\n<meta name=\"twitter:card\" content=\"summary_large_image\" \/>\n<meta name=\"twitter:label1\" content=\"Tiempo de lectura\" \/>\n\t<meta name=\"twitter:data1\" content=\"3 minutos\" \/>\n<script type=\"application\/ld+json\" class=\"yoast-schema-graph\">{\"@context\":\"https:\/\/schema.org\",\"@graph\":[{\"@type\":\"WebPage\",\"@id\":\"https:\/\/endeavorct.com\/participant-info\/why-endeavor-clinical-trials-and-podiatry-research-study-of-san-antonio-tx\/\",\"url\":\"https:\/\/endeavorct.com\/participant-info\/why-endeavor-clinical-trials-and-podiatry-research-study-of-san-antonio-tx\/\",\"name\":\"Our San Antonio Research Facility | Endeavor Clinical Trials\",\"isPartOf\":{\"@id\":\"https:\/\/endeavorct.com\/#website\"},\"datePublished\":\"2021-04-09T19:08:58+00:00\",\"dateModified\":\"2024-03-13T15:38:14+00:00\",\"description\":\"Our San Antonio Research Facility - Learn more why you should enroll in a clinical study at Endeavor Clinical Trials in San Antonio, Texas.\",\"breadcrumb\":{\"@id\":\"https:\/\/endeavorct.com\/participant-info\/why-endeavor-clinical-trials-and-podiatry-research-study-of-san-antonio-tx\/#breadcrumb\"},\"inLanguage\":\"es\",\"potentialAction\":[{\"@type\":\"ReadAction\",\"target\":[\"https:\/\/endeavorct.com\/participant-info\/why-endeavor-clinical-trials-and-podiatry-research-study-of-san-antonio-tx\/\"]}]},{\"@type\":\"BreadcrumbList\",\"@id\":\"https:\/\/endeavorct.com\/participant-info\/why-endeavor-clinical-trials-and-podiatry-research-study-of-san-antonio-tx\/#breadcrumb\",\"itemListElement\":[{\"@type\":\"ListItem\",\"position\":1,\"name\":\"Home\",\"item\":\"https:\/\/endeavorct.com\/\"},{\"@type\":\"ListItem\",\"position\":2,\"name\":\"Participant Info\",\"item\":\"https:\/\/endeavorct.com\/participant-info\/\"},{\"@type\":\"ListItem\",\"position\":3,\"name\":\"Our San Antonio Research Facility\"}]},{\"@type\":\"WebSite\",\"@id\":\"https:\/\/endeavorct.com\/#website\",\"url\":\"https:\/\/endeavorct.com\/\",\"name\":\"Endeavor Clinical Trials\",\"description\":\"Clinical research in San Antonio, TX\",\"publisher\":{\"@id\":\"https:\/\/endeavorct.com\/#organization\"},\"potentialAction\":[{\"@type\":\"SearchAction\",\"target\":{\"@type\":\"EntryPoint\",\"urlTemplate\":\"https:\/\/endeavorct.com\/?s={search_term_string}\"},\"query-input\":{\"@type\":\"PropertyValueSpecification\",\"valueRequired\":true,\"valueName\":\"search_term_string\"}}],\"inLanguage\":\"es\"},{\"@type\":\"Organization\",\"@id\":\"https:\/\/endeavorct.com\/#organization\",\"name\":\"Endeavor Clinical Trials\",\"url\":\"https:\/\/endeavorct.com\/\",\"logo\":{\"@type\":\"ImageObject\",\"inLanguage\":\"es\",\"@id\":\"https:\/\/endeavorct.com\/#\/schema\/logo\/image\/\",\"url\":\"https:\/\/endeavorct.com\/wp-content\/uploads\/2026\/02\/ECT-Blue-Logo-300x159-1-copy.webp\",\"contentUrl\":\"https:\/\/endeavorct.com\/wp-content\/uploads\/2026\/02\/ECT-Blue-Logo-300x159-1-copy.webp\",\"width\":300,\"height\":159,\"caption\":\"Endeavor Clinical Trials\"},\"image\":{\"@id\":\"https:\/\/endeavorct.com\/#\/schema\/logo\/image\/\"}}]}<\/script>\n<!-- \/ Yoast SEO plugin. -->","yoast_head_json":{"title":"Nuestro Centro de Investigaci\u00f3n en San Antonio | Ensayos Cl\u00ednicos Endeavor","description":"Nuestro centro de investigaci\u00f3n de San Antonio: obtenga m\u00e1s informaci\u00f3n sobre por qu\u00e9 deber\u00eda inscribirse en un estudio cl\u00ednico en Endeavor Clinical Trials en San Antonio, Texas.","robots":{"index":"index","follow":"follow","max-snippet":"max-snippet:-1","max-image-preview":"max-image-preview:large","max-video-preview":"max-video-preview:-1"},"canonical":"https:\/\/endeavorct.com\/es\/participant-info\/why-endeavor-clinical-trials-and-podiatry-research-study-of-san-antonio-tx\/","og_locale":"es_MX","og_type":"article","og_title":"Our San Antonio Research Facility | Endeavor Clinical Trials","og_description":"Our San Antonio Research Facility - Learn more why you should enroll in a clinical study at Endeavor Clinical Trials in San Antonio, Texas.","og_url":"https:\/\/endeavorct.com\/es\/participant-info\/why-endeavor-clinical-trials-and-podiatry-research-study-of-san-antonio-tx\/","og_site_name":"Endeavor Clinical Trials","article_modified_time":"2024-03-13T15:38:14+00:00","twitter_card":"summary_large_image","twitter_misc":{"Tiempo de lectura":"3 minutos"},"schema":{"@context":"https:\/\/schema.org","@graph":[{"@type":"WebPage","@id":"https:\/\/endeavorct.com\/participant-info\/why-endeavor-clinical-trials-and-podiatry-research-study-of-san-antonio-tx\/","url":"https:\/\/endeavorct.com\/participant-info\/why-endeavor-clinical-trials-and-podiatry-research-study-of-san-antonio-tx\/","name":"Nuestro Centro de Investigaci\u00f3n en San Antonio | Ensayos Cl\u00ednicos Endeavor","isPartOf":{"@id":"https:\/\/endeavorct.com\/#website"},"datePublished":"2021-04-09T19:08:58+00:00","dateModified":"2024-03-13T15:38:14+00:00","description":"Nuestro centro de investigaci\u00f3n de San Antonio: obtenga m\u00e1s informaci\u00f3n sobre por qu\u00e9 deber\u00eda inscribirse en un estudio cl\u00ednico en Endeavor Clinical Trials en San Antonio, Texas.","breadcrumb":{"@id":"https:\/\/endeavorct.com\/participant-info\/why-endeavor-clinical-trials-and-podiatry-research-study-of-san-antonio-tx\/#breadcrumb"},"inLanguage":"es","potentialAction":[{"@type":"ReadAction","target":["https:\/\/endeavorct.com\/participant-info\/why-endeavor-clinical-trials-and-podiatry-research-study-of-san-antonio-tx\/"]}]},{"@type":"BreadcrumbList","@id":"https:\/\/endeavorct.com\/participant-info\/why-endeavor-clinical-trials-and-podiatry-research-study-of-san-antonio-tx\/#breadcrumb","itemListElement":[{"@type":"ListItem","position":1,"name":"Home","item":"https:\/\/endeavorct.com\/"},{"@type":"ListItem","position":2,"name":"Participant Info","item":"https:\/\/endeavorct.com\/participant-info\/"},{"@type":"ListItem","position":3,"name":"Our San Antonio Research Facility"}]},{"@type":"WebSite","@id":"https:\/\/endeavorct.com\/#website","url":"https:\/\/endeavorct.com\/","name":"Ensayos cl\u00ednicos de esfuerzo","description":"Investigaci\u00f3n cl\u00ednica en San Antonio, TX","publisher":{"@id":"https:\/\/endeavorct.com\/#organization"},"potentialAction":[{"@type":"SearchAction","target":{"@type":"EntryPoint","urlTemplate":"https:\/\/endeavorct.com\/?s={search_term_string}"},"query-input":{"@type":"PropertyValueSpecification","valueRequired":true,"valueName":"search_term_string"}}],"inLanguage":"es"},{"@type":"Organization","@id":"https:\/\/endeavorct.com\/#organization","name":"Ensayos cl\u00ednicos de esfuerzo","url":"https:\/\/endeavorct.com\/","logo":{"@type":"ImageObject","inLanguage":"es","@id":"https:\/\/endeavorct.com\/#\/schema\/logo\/image\/","url":"https:\/\/endeavorct.com\/wp-content\/uploads\/2026\/02\/ECT-Blue-Logo-300x159-1-copy.webp","contentUrl":"https:\/\/endeavorct.com\/wp-content\/uploads\/2026\/02\/ECT-Blue-Logo-300x159-1-copy.webp","width":300,"height":159,"caption":"Endeavor Clinical Trials"},"image":{"@id":"https:\/\/endeavorct.com\/#\/schema\/logo\/image\/"}}]}},"_links":{"self":[{"href":"https:\/\/endeavorct.com\/es\/wp-json\/wp\/v2\/pages\/864","targetHints":{"allow":["GET"]}}],"collection":[{"href":"https:\/\/endeavorct.com\/es\/wp-json\/wp\/v2\/pages"}],"about":[{"href":"https:\/\/endeavorct.com\/es\/wp-json\/wp\/v2\/types\/page"}],"author":[{"embeddable":true,"href":"https:\/\/endeavorct.com\/es\/wp-json\/wp\/v2\/users\/1"}],"replies":[{"embeddable":true,"href":"https:\/\/endeavorct.com\/es\/wp-json\/wp\/v2\/comments?post=864"}],"version-history":[{"count":0,"href":"https:\/\/endeavorct.com\/es\/wp-json\/wp\/v2\/pages\/864\/revisions"}],"up":[{"embeddable":true,"href":"https:\/\/endeavorct.com\/es\/wp-json\/wp\/v2\/pages\/12"}],"wp:attachment":[{"href":"https:\/\/endeavorct.com\/es\/wp-json\/wp\/v2\/media?parent=864"}],"curies":[{"name":"gracias","href":"https:\/\/api.w.org\/{rel}","templated":true}]}}