{"id":872,"date":"2021-04-09T19:34:01","date_gmt":"2021-04-09T19:34:01","guid":{"rendered":"https:\/\/ectpro.wpengine.com\/?page_id=872"},"modified":"2024-03-13T14:48:48","modified_gmt":"2024-03-13T19:48:48","slug":"reviews","status":"publish","type":"page","link":"https:\/\/endeavorct.com\/es\/about\/reviews\/","title":{"rendered":"Rese\u00f1as"},"content":{"rendered":"\t\t<div data-elementor-type=\"wp-page\" data-elementor-id=\"872\" class=\"elementor elementor-872\" data-elementor-post-type=\"page\">\n\t\t\t\t\t\t<section class=\"elementor-section elementor-top-section elementor-element elementor-element-39f0173 elementor-section-stretched elementor-section-height-min-height elementor-section-boxed elementor-section-height-default elementor-section-items-middle\" data-id=\"39f0173\" data-element_type=\"section\" data-e-type=\"section\" data-settings=\"{&quot;stretch_section&quot;:&quot;section-stretched&quot;,&quot;background_background&quot;:&quot;classic&quot;,&quot;background_motion_fx_motion_fx_scrolling&quot;:&quot;yes&quot;,&quot;background_motion_fx_translateY_effect&quot;:&quot;yes&quot;,&quot;shape_divider_bottom&quot;:&quot;arrow&quot;,&quot;shape_divider_bottom_negative&quot;:&quot;yes&quot;,&quot;background_motion_fx_translateY_speed&quot;:{&quot;unit&quot;:&quot;px&quot;,&quot;size&quot;:4,&quot;sizes&quot;:[]},&quot;background_motion_fx_translateY_affectedRange&quot;:{&quot;unit&quot;:&quot;%&quot;,&quot;size&quot;:&quot;&quot;,&quot;sizes&quot;:{&quot;start&quot;:0,&quot;end&quot;:100}},&quot;background_motion_fx_devices&quot;:[&quot;desktop&quot;,&quot;tablet&quot;,&quot;mobile&quot;]}\">\n\t\t\t\t\t\t\t<div class=\"elementor-background-overlay\"><\/div>\n\t\t\t\t\t\t<div class=\"elementor-shape elementor-shape-bottom\" aria-hidden=\"true\" data-negative=\"true\">\n\t\t\t<svg xmlns=\"http:\/\/www.w3.org\/2000\/svg\" viewBox=\"0 0 700 10\" preserveAspectRatio=\"none\">\n\t<path class=\"elementor-shape-fill\" d=\"M360 0L350 9.9 340 0 0 0 0 10 700 10 700 0\"\/>\n<\/svg>\t\t<\/div>\n\t\t\t\t\t<div class=\"elementor-container elementor-column-gap-default\">\n\t\t\t\t\t<div class=\"elementor-column elementor-col-100 elementor-top-column elementor-element elementor-element-f9b904f\" data-id=\"f9b904f\" data-element_type=\"column\" data-e-type=\"column\">\n\t\t\t<div class=\"elementor-widget-wrap elementor-element-populated\">\n\t\t\t\t\t\t<div class=\"elementor-element elementor-element-4fe1271 elementor-invisible elementor-widget elementor-widget-heading\" data-id=\"4fe1271\" data-element_type=\"widget\" data-e-type=\"widget\" data-settings=\"{&quot;_animation&quot;:&quot;fadeInRight&quot;}\" data-widget_type=\"heading.default\">\n\t\t\t\t\t<h1 class=\"elementor-heading-title elementor-size-default\">Reviews<\/h1>\t\t\t\t<\/div>\n\t\t\t\t\t<\/div>\n\t\t<\/div>\n\t\t\t\t\t<\/div>\n\t\t<\/section>\n\t\t\t\t<section class=\"elementor-section elementor-top-section elementor-element elementor-element-4f13f2f elementor-section-boxed elementor-section-height-default elementor-section-height-default\" data-id=\"4f13f2f\" data-element_type=\"section\" data-e-type=\"section\">\n\t\t\t\t\t\t<div class=\"elementor-container elementor-column-gap-default\">\n\t\t\t\t\t<div class=\"elementor-column elementor-col-100 elementor-top-column elementor-element elementor-element-c62c5fd\" data-id=\"c62c5fd\" data-element_type=\"column\" data-e-type=\"column\">\n\t\t\t<div class=\"elementor-widget-wrap elementor-element-populated\">\n\t\t\t\t\t\t<div class=\"elementor-element elementor-element-9ece960 elementor-widget elementor-widget-text-editor\" data-id=\"9ece960\" data-element_type=\"widget\" data-e-type=\"widget\" data-widget_type=\"text-editor.default\">\n\t\t\t\t\t\t\t\t\t<h2>Committed To The Discovery Of New Medicine To Improve The Lives Of People Everywhere<\/h2>\t\t\t\t\t\t\t\t<\/div>\n\t\t\t\t\t<\/div>\n\t\t<\/div>\n\t\t\t\t\t<\/div>\n\t\t<\/section>\n\t\t\t\t<section class=\"elementor-section elementor-top-section elementor-element elementor-element-f0d00c7 elementor-section-boxed elementor-section-height-default elementor-section-height-default\" data-id=\"f0d00c7\" data-element_type=\"section\" data-e-type=\"section\">\n\t\t\t\t\t\t<div class=\"elementor-container elementor-column-gap-default\">\n\t\t\t\t\t<div class=\"elementor-column elementor-col-100 elementor-top-column elementor-element elementor-element-7318a53\" data-id=\"7318a53\" data-element_type=\"column\" data-e-type=\"column\">\n\t\t\t<div class=\"elementor-widget-wrap elementor-element-populated\">\n\t\t\t\t\t\t<div class=\"elementor-element elementor-element-eef78ad elementor-widget elementor-widget-text-editor\" data-id=\"eef78ad\" data-element_type=\"widget\" data-e-type=\"widget\" data-widget_type=\"text-editor.default\">\n\t\t\t\t\t\t\t\t\t<p><em>&#8220;My experience with this study started with all the personnel, both the doctor&#8217;s office and Endeavor&#8217;s office, always being professional. My foot is healing perfectly and everything went as planned. I will be happy to return to do another surgery on my left foot in a future study. I felt well-treated all the time!<\/em>&#8220;<\/p><p align=\"left\"><img decoding=\"async\" class=\"alignright size-full wp-image-265\" src=\"\/wp-content\/uploads\/2021\/04\/5-star.png\" alt=\"best clinical research office san antonio tx\" width=\"114\" height=\"22\" \/><strong>Maria, O.<\/strong><br \/>San Antonio, TX<\/p><p><em>&#8220;I had bunion surgery through Endeavor.\u00a0 Everything went great!\u00a0 Professional service from first visit until the last.\u00a0 Nursing staff at the study site were great.\u00a0 Dr. Pollak did excellent work, as well, and was very reassuring about process and expected outcome.\u00a0 Thanks!<\/em>&#8220;<\/p><p align=\"left\"><img decoding=\"async\" class=\"alignright size-full wp-image-265\" src=\"\/wp-content\/uploads\/2021\/04\/5-star.png\" alt=\"best clinical research office san antonio tx\" width=\"114\" height=\"22\" \/><strong>Kyle W.<\/strong><br \/>San Antonio, TX<\/p><p><em>&#8220;I have done two trials with Endeavor.\u00a0 The first time was great &#8212; wonderful staff, very professional, helpful, and informative.\u00a0 The second time I also received the same level of professionalism and care.\u00a0 Excellent level of care throughout the trials.\u00a0 Great staff and follow up.<\/em>&#8220;<\/p><p align=\"left\"><img decoding=\"async\" class=\"alignright size-full wp-image-265\" src=\"\/wp-content\/uploads\/2021\/04\/5-star.png\" alt=\"best clinical research office san antonio tx\" width=\"114\" height=\"22\" \/><strong>Dora P.<\/strong><br \/>San Antonio, TX<\/p><p><em>&#8220;My experience was great!\u00a0 All appointments were accurate.\u00a0 Everything was explained and happened exactly the same.\u00a0 Thank you staff and thank you Dr. Pollak.<\/em>&#8220;<\/p><p align=\"left\"><img decoding=\"async\" class=\"alignright size-full wp-image-265\" src=\"\/wp-content\/uploads\/2021\/04\/5-star.png\" alt=\"best clinical research office san antonio tx\" width=\"114\" height=\"22\" \/><strong>Karina V.<\/strong><br \/>San Antonio, TX<\/p><p><em>&#8220;Very happy with my procedure.\u00a0 Dr. Pollak explained everything that was going to be done very well.\u00a0 Facility where procedure\u00a0was done was very clean and staff very nice.\u00a0 I am one very happy camper.\u00a0 Thank you Dr. Pollak and staff.<\/em>&#8220;<\/p><p align=\"left\"><img decoding=\"async\" class=\"alignright size-full wp-image-265\" src=\"\/wp-content\/uploads\/2021\/04\/5-star.png\" alt=\"best clinical research office san antonio tx\" width=\"114\" height=\"22\" \/><strong>Janet M.<\/strong><br \/>San Antonio, TX<\/p><p><em>&#8220;The clinical trial was a good experience for me overall.\u00a0 It was my first surgery ever.\u00a0 All of my pre-screening was smooth and efficient.\u00a0 The telephone reps and nurses were always very knowledgeable and helpful.\u00a0 The in-patient facility where I stayed was nicer than I expected.\u00a0 I had my own room and got plenty of sleep &#8212; in between the med administration and assessments. All the nursing staff was great!\u00a0 The cowbells that we used to call them were pretty amusing.\u00a0 Dr. Pollak was pretty great, too.\u00a0 He explained every process to me and made sure I always understood the next step.\u00a0 Thank you all for the experience.<\/em>&#8220;<\/p><p align=\"left\"><img decoding=\"async\" class=\"alignright size-full wp-image-265\" src=\"\/wp-content\/uploads\/2021\/04\/5-star.png\" alt=\"best clinical research office san antonio tx\" width=\"114\" height=\"22\" \/><strong>Joyce M.<\/strong><br \/>San Antonio, TX<\/p><p><em>&#8220;Great experience from start to finish! The nurses took great care of me and answered\u00a0all my questions and concerns.\u00a0 Dr. Pollak is an amazing surgeon.\u00a0 He made me feel comfortable before and after the procedure.\u00a0 I highly recommend Endeavor Clinical Trials.\u00a0 Thank you!<\/em>&#8220;<\/p><p align=\"left\"><img decoding=\"async\" class=\"alignright size-full wp-image-265\" src=\"\/wp-content\/uploads\/2021\/04\/5-star.png\" alt=\"best clinical research office san antonio tx\" width=\"114\" height=\"22\" \/><strong>Nydia P.<\/strong><br \/>San Antonio, TX<\/p><p><em>&#8220;From my first appointment for the screening to today&#8217;s follow-up, the experience has been amazing.\u00a0 Dr. Pollak and the Endeavor team in the office, the screening, and the in-patient location is top notch.\u00a0 I expected pain levels to be higher, but it was completely managed by the medication and following the protocol!\u00a0 Here&#8217;s looking forward to the next bunion!<\/em>&#8220;<\/p><p align=\"left\"><img decoding=\"async\" class=\"alignright size-full wp-image-265\" src=\"\/wp-content\/uploads\/2021\/04\/5-star.png\" alt=\"best clinical research office san antonio tx\" width=\"114\" height=\"22\" \/><strong>Jennifer T.<\/strong><br \/>San Antonio, TX<\/p><p><em>&#8220;I was beyond impressed with my Bunion Research Program experience. When I first met Dr. Russell Stanley, DPM, I was blown away by how helpful and kind he was toward me. A lot of doctors also don\u2019t realize how important it is to have an administrator like Charvette Patrick, EMT-P, who, from first point of contact, was incredibly supportive. <\/em><\/p><p><em>The staff at the Foundation Surgical Hospital genuinely care, they&#8217;re very professional, and make an investment in the health and well being of their patients.<\/em><\/p><p><em>My appointment ran on time, Dr. Russell was very knowledgeable, and he made me feel comfortable throughout my time there. If you&#8217;re looking for a doctor whose medical knowledge is amazing, treats the whole person with respect, and takes the time to be caring even while maintaining a very efficient office, then Dr. Russell is someone you should visit.&#8221;<\/em><\/p><p align=\"left\"><img decoding=\"async\" class=\"alignright size-full wp-image-265\" src=\"\/wp-content\/uploads\/2021\/04\/5-star.png\" alt=\"best clinical research office san antonio tx\" width=\"114\" height=\"22\" \/><strong>Natacha S.<\/strong><br \/>Los Angeles, CA<\/p><p><em>&#8220;This was my first time participating in a clinical trial and I wasn&#8217;t sure what to expect, but I could not have been more pleased with the attention and level of care provided by the medical staff at Endeavor Clinical Trial. The nurses made sure I was informed and worked to provide excellent care. I have never had a medical staff work so closely with me before on any procedure. They did a beautiful balance between keeping the integrity of the study while striving to make sure my needs were met. The surgeon gave me beautiful results. I would recommend having the tummy tuck procedure with Endeavor Clinical Trials to a friend because I know they would be in good hands.&#8221;<\/em><\/p><p align=\"left\"><img decoding=\"async\" class=\"alignright size-full wp-image-265\" src=\"\/wp-content\/uploads\/2021\/04\/5-star.png\" alt=\"best clinical research office san antonio tx\" width=\"114\" height=\"22\" \/><strong>Nicole S.<\/strong><\/p><p><em>&#8220;I had bunion surgery in late July, it went well. I am very satisfied with the end result and I highly recommend Dr. Pollak. He was a great surgeon and very compassionate.&#8221;<\/em><\/p><p align=\"left\"><img decoding=\"async\" class=\"alignright size-full wp-image-265\" src=\"\/wp-content\/uploads\/2021\/04\/5-star.png\" alt=\"best clinical research office san antonio tx\" width=\"114\" height=\"22\" \/><strong>Raquel K.<\/strong><\/p><p><em>&#8220;I am very pleased with my left bunion surgery. It has been a great experience, the medication was very good and helped me prevent pain. The scar looks beautiful and I have not had any discomfort. When I left the hospital my foot felt great. Thank you very much Dr. Pollak! &#8220;<\/em><\/p><p align=\"left\"><img decoding=\"async\" class=\"alignright size-full wp-image-265\" src=\"\/wp-content\/uploads\/2021\/04\/5-star.png\" alt=\"best clinical research office san antonio tx\" width=\"114\" height=\"22\" \/><strong>Minerva G.<\/strong><\/p>\t\t\t\t\t\t\t\t<\/div>\n\t\t\t\t\t<\/div>\n\t\t<\/div>\n\t\t\t\t\t<\/div>\n\t\t<\/section>\n\t\t\t\t<\/div>\n\t\t","protected":false},"excerpt":{"rendered":"<p>Rese\u00f1as Comprometidos con el descubrimiento de nuevos medicamentos para mejorar la vida de las personas en todo el mundo \u201cMi experiencia con este estudio comenz\u00f3 con todo el personal, tanto del consultorio del m\u00e9dico como de Endeavor, siempre siendo profesionales. Mi pie est\u00e1 sanando perfectamente y todo sali\u00f3 como estaba previsto. Estar\u00e9 feliz de volver a hacerme otra cirug\u00eda\u2026 <\/p>\n<p class=\"read-more-container\"><a title=\"Rese\u00f1as\" class=\"read-more button\" href=\"https:\/\/endeavorct.com\/es\/about\/reviews\/#more-872\" aria-label=\"Leer m\u00e1s sobre Rese\u00f1as\">Leer m\u00e1s<\/a><\/p>","protected":false},"author":1,"featured_media":0,"parent":16,"menu_order":0,"comment_status":"closed","ping_status":"closed","template":"","meta":{"footnotes":""},"class_list":["post-872","page","type-page","status-publish"],"yoast_head":"<!-- This site is optimized with the Yoast SEO plugin v27.4 - https:\/\/yoast.com\/product\/yoast-seo-wordpress\/ -->\n<title>Reviews | Endeavor Clinical Trials in San Antonio Texas<\/title>\n<meta name=\"description\" content=\"Reviews of Endeavor Clinical Trials in San Antonio Texas - Read our five star reviews and find out information about Endeavor Clinical Trials.\" \/>\n<meta name=\"robots\" content=\"index, follow, max-snippet:-1, max-image-preview:large, max-video-preview:-1\" \/>\n<link rel=\"canonical\" href=\"https:\/\/endeavorct.com\/es\/about\/reviews\/\" \/>\n<meta property=\"og:locale\" content=\"es_MX\" \/>\n<meta property=\"og:type\" content=\"article\" \/>\n<meta property=\"og:title\" content=\"Reviews | Endeavor Clinical Trials in San Antonio Texas\" \/>\n<meta property=\"og:description\" content=\"Reviews of Endeavor Clinical Trials in San Antonio Texas - Read our five star reviews and find out information about Endeavor Clinical Trials.\" \/>\n<meta property=\"og:url\" content=\"https:\/\/endeavorct.com\/es\/about\/reviews\/\" \/>\n<meta property=\"og:site_name\" content=\"Endeavor Clinical Trials\" \/>\n<meta property=\"article:modified_time\" content=\"2024-03-13T19:48:48+00:00\" \/>\n<meta name=\"twitter:card\" content=\"summary_large_image\" \/>\n<meta name=\"twitter:label1\" content=\"Tiempo de lectura\" \/>\n\t<meta name=\"twitter:data1\" content=\"7 minutos\" \/>\n<script type=\"application\/ld+json\" class=\"yoast-schema-graph\">{\"@context\":\"https:\\\/\\\/schema.org\",\"@graph\":[{\"@type\":\"WebPage\",\"@id\":\"https:\\\/\\\/endeavorct.com\\\/about\\\/reviews\\\/\",\"url\":\"https:\\\/\\\/endeavorct.com\\\/about\\\/reviews\\\/\",\"name\":\"Reviews | Endeavor Clinical Trials in San Antonio Texas\",\"isPartOf\":{\"@id\":\"https:\\\/\\\/endeavorct.com\\\/#website\"},\"datePublished\":\"2021-04-09T19:34:01+00:00\",\"dateModified\":\"2024-03-13T19:48:48+00:00\",\"description\":\"Reviews of Endeavor Clinical Trials in San Antonio Texas - Read our five star reviews and find out information about Endeavor Clinical Trials.\",\"breadcrumb\":{\"@id\":\"https:\\\/\\\/endeavorct.com\\\/about\\\/reviews\\\/#breadcrumb\"},\"inLanguage\":\"es\",\"potentialAction\":[{\"@type\":\"ReadAction\",\"target\":[\"https:\\\/\\\/endeavorct.com\\\/about\\\/reviews\\\/\"]}]},{\"@type\":\"BreadcrumbList\",\"@id\":\"https:\\\/\\\/endeavorct.com\\\/about\\\/reviews\\\/#breadcrumb\",\"itemListElement\":[{\"@type\":\"ListItem\",\"position\":1,\"name\":\"Home\",\"item\":\"https:\\\/\\\/endeavorct.com\\\/\"},{\"@type\":\"ListItem\",\"position\":2,\"name\":\"About Endeavor Clinical Trials\",\"item\":\"https:\\\/\\\/endeavorct.com\\\/about\\\/\"},{\"@type\":\"ListItem\",\"position\":3,\"name\":\"Reviews\"}]},{\"@type\":\"WebSite\",\"@id\":\"https:\\\/\\\/endeavorct.com\\\/#website\",\"url\":\"https:\\\/\\\/endeavorct.com\\\/\",\"name\":\"Endeavor Clinical Trials\",\"description\":\"Clinical research in San Antonio, TX\",\"publisher\":{\"@id\":\"https:\\\/\\\/endeavorct.com\\\/#organization\"},\"potentialAction\":[{\"@type\":\"SearchAction\",\"target\":{\"@type\":\"EntryPoint\",\"urlTemplate\":\"https:\\\/\\\/endeavorct.com\\\/?s={search_term_string}\"},\"query-input\":{\"@type\":\"PropertyValueSpecification\",\"valueRequired\":true,\"valueName\":\"search_term_string\"}}],\"inLanguage\":\"es\"},{\"@type\":\"Organization\",\"@id\":\"https:\\\/\\\/endeavorct.com\\\/#organization\",\"name\":\"Endeavor Clinical Trials\",\"url\":\"https:\\\/\\\/endeavorct.com\\\/\",\"logo\":{\"@type\":\"ImageObject\",\"inLanguage\":\"es\",\"@id\":\"https:\\\/\\\/endeavorct.com\\\/#\\\/schema\\\/logo\\\/image\\\/\",\"url\":\"https:\\\/\\\/endeavorct.com\\\/wp-content\\\/uploads\\\/2026\\\/02\\\/ECT-Blue-Logo-300x159-1-copy.webp\",\"contentUrl\":\"https:\\\/\\\/endeavorct.com\\\/wp-content\\\/uploads\\\/2026\\\/02\\\/ECT-Blue-Logo-300x159-1-copy.webp\",\"width\":300,\"height\":159,\"caption\":\"Endeavor Clinical Trials\"},\"image\":{\"@id\":\"https:\\\/\\\/endeavorct.com\\\/#\\\/schema\\\/logo\\\/image\\\/\"}}]}<\/script>\n<!-- \/ Yoast SEO plugin. -->","yoast_head_json":{"title":"Rese\u00f1as | Ensayos cl\u00ednicos Endeavor en San Antonio, Texas","description":"Rese\u00f1as de Endeavor Clinical Trials en San Antonio Texas: lea nuestras rese\u00f1as de cinco estrellas y obtenga informaci\u00f3n sobre Endeavor Clinical Trials.","robots":{"index":"index","follow":"follow","max-snippet":"max-snippet:-1","max-image-preview":"max-image-preview:large","max-video-preview":"max-video-preview:-1"},"canonical":"https:\/\/endeavorct.com\/es\/about\/reviews\/","og_locale":"es_MX","og_type":"article","og_title":"Reviews | Endeavor Clinical Trials in San Antonio Texas","og_description":"Reviews of Endeavor Clinical Trials in San Antonio Texas - Read our five star reviews and find out information about Endeavor Clinical Trials.","og_url":"https:\/\/endeavorct.com\/es\/about\/reviews\/","og_site_name":"Endeavor Clinical Trials","article_modified_time":"2024-03-13T19:48:48+00:00","twitter_card":"summary_large_image","twitter_misc":{"Tiempo de lectura":"7 minutos"},"schema":{"@context":"https:\/\/schema.org","@graph":[{"@type":"WebPage","@id":"https:\/\/endeavorct.com\/about\/reviews\/","url":"https:\/\/endeavorct.com\/about\/reviews\/","name":"Rese\u00f1as | Ensayos cl\u00ednicos Endeavor en San Antonio, Texas","isPartOf":{"@id":"https:\/\/endeavorct.com\/#website"},"datePublished":"2021-04-09T19:34:01+00:00","dateModified":"2024-03-13T19:48:48+00:00","description":"Rese\u00f1as de Endeavor Clinical Trials en San Antonio Texas: lea nuestras rese\u00f1as de cinco estrellas y obtenga informaci\u00f3n sobre Endeavor Clinical Trials.","breadcrumb":{"@id":"https:\/\/endeavorct.com\/about\/reviews\/#breadcrumb"},"inLanguage":"es","potentialAction":[{"@type":"ReadAction","target":["https:\/\/endeavorct.com\/about\/reviews\/"]}]},{"@type":"BreadcrumbList","@id":"https:\/\/endeavorct.com\/about\/reviews\/#breadcrumb","itemListElement":[{"@type":"ListItem","position":1,"name":"Home","item":"https:\/\/endeavorct.com\/"},{"@type":"ListItem","position":2,"name":"About Endeavor Clinical Trials","item":"https:\/\/endeavorct.com\/about\/"},{"@type":"ListItem","position":3,"name":"Reviews"}]},{"@type":"WebSite","@id":"https:\/\/endeavorct.com\/#website","url":"https:\/\/endeavorct.com\/","name":"Ensayos cl\u00ednicos de esfuerzo","description":"Investigaci\u00f3n cl\u00ednica en San Antonio, TX","publisher":{"@id":"https:\/\/endeavorct.com\/#organization"},"potentialAction":[{"@type":"SearchAction","target":{"@type":"EntryPoint","urlTemplate":"https:\/\/endeavorct.com\/?s={search_term_string}"},"query-input":{"@type":"PropertyValueSpecification","valueRequired":true,"valueName":"search_term_string"}}],"inLanguage":"es"},{"@type":"Organization","@id":"https:\/\/endeavorct.com\/#organization","name":"Ensayos cl\u00ednicos de esfuerzo","url":"https:\/\/endeavorct.com\/","logo":{"@type":"ImageObject","inLanguage":"es","@id":"https:\/\/endeavorct.com\/#\/schema\/logo\/image\/","url":"https:\/\/endeavorct.com\/wp-content\/uploads\/2026\/02\/ECT-Blue-Logo-300x159-1-copy.webp","contentUrl":"https:\/\/endeavorct.com\/wp-content\/uploads\/2026\/02\/ECT-Blue-Logo-300x159-1-copy.webp","width":300,"height":159,"caption":"Endeavor Clinical Trials"},"image":{"@id":"https:\/\/endeavorct.com\/#\/schema\/logo\/image\/"}}]}},"_links":{"self":[{"href":"https:\/\/endeavorct.com\/es\/wp-json\/wp\/v2\/pages\/872","targetHints":{"allow":["GET"]}}],"collection":[{"href":"https:\/\/endeavorct.com\/es\/wp-json\/wp\/v2\/pages"}],"about":[{"href":"https:\/\/endeavorct.com\/es\/wp-json\/wp\/v2\/types\/page"}],"author":[{"embeddable":true,"href":"https:\/\/endeavorct.com\/es\/wp-json\/wp\/v2\/users\/1"}],"replies":[{"embeddable":true,"href":"https:\/\/endeavorct.com\/es\/wp-json\/wp\/v2\/comments?post=872"}],"version-history":[{"count":0,"href":"https:\/\/endeavorct.com\/es\/wp-json\/wp\/v2\/pages\/872\/revisions"}],"up":[{"embeddable":true,"href":"https:\/\/endeavorct.com\/es\/wp-json\/wp\/v2\/pages\/16"}],"wp:attachment":[{"href":"https:\/\/endeavorct.com\/es\/wp-json\/wp\/v2\/media?parent=872"}],"curies":[{"name":"gracias","href":"https:\/\/api.w.org\/{rel}","templated":true}]}}