{"id":876,"date":"2021-04-09T19:49:25","date_gmt":"2021-04-09T19:49:25","guid":{"rendered":"https:\/\/ectpro.wpengine.com\/?page_id=876"},"modified":"2025-04-16T17:02:14","modified_gmt":"2025-04-16T22:02:14","slug":"news","status":"publish","type":"page","link":"https:\/\/endeavorct.com\/es\/about\/news\/","title":{"rendered":"Noticias"},"content":{"rendered":"\t\t<div data-elementor-type=\"wp-page\" data-elementor-id=\"876\" class=\"elementor elementor-876\" data-elementor-post-type=\"page\">\n\t\t\t\t\t\t<section class=\"elementor-section elementor-top-section elementor-element elementor-element-39f0173 elementor-section-stretched elementor-section-height-min-height elementor-section-boxed elementor-section-height-default elementor-section-items-middle\" data-id=\"39f0173\" data-element_type=\"section\" data-e-type=\"section\" data-settings=\"{&quot;stretch_section&quot;:&quot;section-stretched&quot;,&quot;background_background&quot;:&quot;classic&quot;,&quot;background_motion_fx_motion_fx_scrolling&quot;:&quot;yes&quot;,&quot;background_motion_fx_translateY_effect&quot;:&quot;yes&quot;,&quot;shape_divider_bottom&quot;:&quot;arrow&quot;,&quot;shape_divider_bottom_negative&quot;:&quot;yes&quot;,&quot;background_motion_fx_translateY_speed&quot;:{&quot;unit&quot;:&quot;px&quot;,&quot;size&quot;:4,&quot;sizes&quot;:[]},&quot;background_motion_fx_translateY_affectedRange&quot;:{&quot;unit&quot;:&quot;%&quot;,&quot;size&quot;:&quot;&quot;,&quot;sizes&quot;:{&quot;start&quot;:0,&quot;end&quot;:100}},&quot;background_motion_fx_devices&quot;:[&quot;desktop&quot;,&quot;tablet&quot;,&quot;mobile&quot;]}\">\n\t\t\t\t\t\t\t<div class=\"elementor-background-overlay\"><\/div>\n\t\t\t\t\t\t<div class=\"elementor-shape elementor-shape-bottom\" aria-hidden=\"true\" data-negative=\"true\">\n\t\t\t<svg xmlns=\"http:\/\/www.w3.org\/2000\/svg\" viewBox=\"0 0 700 10\" preserveAspectRatio=\"none\">\n\t<path class=\"elementor-shape-fill\" d=\"M360 0L350 9.9 340 0 0 0 0 10 700 10 700 0\"\/>\n<\/svg>\t\t<\/div>\n\t\t\t\t\t<div class=\"elementor-container elementor-column-gap-default\">\n\t\t\t\t\t<div class=\"elementor-column elementor-col-100 elementor-top-column elementor-element elementor-element-f9b904f\" data-id=\"f9b904f\" data-element_type=\"column\" data-e-type=\"column\">\n\t\t\t<div class=\"elementor-widget-wrap elementor-element-populated\">\n\t\t\t\t\t\t<div class=\"elementor-element elementor-element-4fe1271 elementor-invisible elementor-widget elementor-widget-heading\" data-id=\"4fe1271\" data-element_type=\"widget\" data-e-type=\"widget\" data-settings=\"{&quot;_animation&quot;:&quot;fadeInRight&quot;}\" data-widget_type=\"heading.default\">\n\t\t\t\t\t<h1 class=\"elementor-heading-title elementor-size-default\">News<\/h1>\t\t\t\t<\/div>\n\t\t\t\t\t<\/div>\n\t\t<\/div>\n\t\t\t\t\t<\/div>\n\t\t<\/section>\n\t\t\t\t<section class=\"elementor-section elementor-top-section elementor-element elementor-element-f0d00c7 elementor-section-boxed elementor-section-height-default elementor-section-height-default\" data-id=\"f0d00c7\" data-element_type=\"section\" data-e-type=\"section\">\n\t\t\t\t\t\t<div class=\"elementor-container elementor-column-gap-default\">\n\t\t\t\t\t<div class=\"elementor-column elementor-col-100 elementor-top-column elementor-element elementor-element-7318a53\" data-id=\"7318a53\" data-element_type=\"column\" data-e-type=\"column\">\n\t\t\t<div class=\"elementor-widget-wrap elementor-element-populated\">\n\t\t\t\t\t\t<div class=\"elementor-element elementor-element-eef78ad elementor-widget elementor-widget-text-editor\" data-id=\"eef78ad\" data-element_type=\"widget\" data-e-type=\"widget\" data-widget_type=\"text-editor.default\">\n\t\t\t\t\t\t\t\t\t<h4>April 15, 2025<\/h4><h2>Here&#8217;s how you can score free knee replacement surgery in SA<\/h2><h2><span style=\"font-family: -apple-system, system-ui, BlinkMacSystemFont, Segoe UI, Helvetica, Arial, sans-serif, Apple Color Emoji, Segoe UI Emoji, Segoe UI Symbol;\"><span style=\"font-size: 17px; font-weight: 400;\">Endeavor Clinical Trials is offering total knee replacement surgery at no cost to those who qualify in San Antonio. Here&#8217;s how you can get a free screening. Read the full article\u00a0<\/span><\/span><a style=\"background-color: #ffffff; font-family: -apple-system, system-ui, BlinkMacSystemFont, 'Segoe UI', Helvetica, Arial, sans-serif, 'Apple Color Emoji', 'Segoe UI Emoji', 'Segoe UI Symbol'; font-size: 17px;\" href=\"https:\/\/www.ksat.com\/video\/sa-live\/2025\/04\/15\/here-s-how-you-can-score-free-knee-replacement-surgery-in-sa\/\" target=\"_blank\" rel=\"noopener\">here<\/a><\/h2><div><span style=\"font-family: -apple-system, system-ui, BlinkMacSystemFont, Segoe UI, Helvetica, Arial, sans-serif, Apple Color Emoji, Segoe UI Emoji, Segoe UI Symbol;\"><span style=\"font-size: 17px; font-weight: 400;\">\u00a0<\/span><\/span><\/div><h4 style=\"font-family: -apple-system, system-ui, BlinkMacSystemFont, 'Segoe UI', Helvetica, Arial, sans-serif, 'Apple Color Emoji', 'Segoe UI Emoji', 'Segoe UI Symbol'; font-size: 17px; font-style: normal;\">May 22, 2024<\/h4><h2><span style=\"font-style: inherit;\">Could a person with Type 1 diabetes re-grow their own pancreas? A San Antonio study is about to find out<\/span><\/h2><h2><span style=\"font-family: -apple-system, system-ui, BlinkMacSystemFont, 'Segoe UI', Helvetica, Arial, sans-serif, 'Apple Color Emoji', 'Segoe UI Emoji', 'Segoe UI Symbol'; font-size: 17px; font-weight: 400;\">Dr. Sherwyn Schwartz is interviewed on KSAT-TV regarding Endeavor Clinical Trials\u2019 entry into research for Type 1 Diabetes treatment.\u00a0 To read the full article\u00a0<\/span><a style=\"background-color: #ffffff; font-family: -apple-system, system-ui, BlinkMacSystemFont, 'Segoe UI', Helvetica, Arial, sans-serif, 'Apple Color Emoji', 'Segoe UI Emoji', 'Segoe UI Symbol'; font-size: 17px;\" href=\"https:\/\/www.ksat.com\/news\/local\/2024\/05\/22\/could-a-person-with-type-1-diabetes-re-grow-their-own-pancreas-a-san-antonio-study-is-about-to-find-out\/\" target=\"_blank\" rel=\"noopener noreferrer\"><strong>CLICK HERE<\/strong><\/a><span style=\"font-family: -apple-system, system-ui, BlinkMacSystemFont, 'Segoe UI', Helvetica, Arial, sans-serif, 'Apple Color Emoji', 'Segoe UI Emoji', 'Segoe UI Symbol'; font-size: 17px; font-weight: 400;\">!<\/span><\/h2><hr \/><h4>June 3, 2019<\/h4><h2>Endeavor Clinical Trials participates in Positive Topline Data from Second Pivotal Phase 3 Study of Intravenous Tramadol in the Management of Postoperative Pain<\/h2><p>Endeavor Clinical Trials was one of the sites that participated in the second pivotal Phase 3 trial of IV tramadol achieved the primary endpoint of a statistically significant improvement in Sum of Pain Intensity Difference over 24 hours (SPID24) compared to placebo in patients with postoperative pain following abdominoplasty surgery. In addition, the trial met all of its key secondary endpoints. The study also includes a standard-of-care IV opioid as an active comparator: IV morphine 4 mg. In this study, IV tramadol also demonstrated similar efficacy and safety to that of IV morphine.<\/p><p><a href=\"http:\/\/ir.avenuetx.com\/investors\/press-releases\/press-release-details\/2019\/Avenue-Therapeutics-Announces-Positive-Topline-Data-from-Second-Pivotal-Phase-3-Study-of-Intravenous-Tramadol-in-the-Management-of-Postoperative-Pain\/default.aspx\" target=\"_blank\" rel=\"noopener noreferrer\"><strong>CLICK HERE to read about the positive topline results from the phase 3 clinical trial<\/strong><\/a><\/p><hr \/><h4>October 3, 2018<\/h4><h2>Endeavor interview on KEDA Radio<\/h2><div><p><img fetchpriority=\"high\" decoding=\"async\" src=\"\/wp-content\/uploads\/2018\/10\/Pic_KEDAinterview03OCT2018-1024x664.jpg\" alt=\"\" width=\"600\" height=\"389\" aria-describedby=\"caption-attachment-661\" \/><\/p><h3 style=\"text-align: center;\">Dr. Sherwyn Schwartz, Lisa Rodriguez, and Henry Rodriguez pose for a picture after their time on-the-air at KEDA radio.<\/h3><\/div><h2>Dr. Sherwyn Schwartz, Lisa Rodriguez, and Henry Rodriguez discuss new initiative to reach San Antonio Hispanic community with Type II Diabetes.<\/h2><hr \/><h4>September 18, 2018<\/h4><h2>TECH SA: New device measures temperatures for diabetics at risk of foot ulcers<\/h2><h3>Device is connected to app for convenience, makers say<\/h3><h2>Endeavor Clinical Trials the sole site selected to study the device prior to going to market.<\/h2><p><a href=\"https:\/\/www.ksat.com\/news\/tech-sa\/tech-sa-new-device-measures-temps-for-diabetics-at-risk-for-foot-ulcers\" target=\"_blank\" rel=\"noopener noreferrer\"><strong>CLICK HERE to read about the device and how it helps diabetics at risk of foot ulcers.<\/strong><\/a><\/p><hr \/><h4>March 20, 2018<\/h4><h2>Endeavor Clinical Trials participates in bringing new non-opioid pain control medicine to the market<\/h2><p>Endeavor Clinical Trials was one of the sites that participated in studies investigating a non-opioid postoperative pain medicine. The sponsor, Heron Therapeutics, has announced positive topline results from its completed Phase 3 studies of the investigational agent HTX-011 in subjects undergoing bunionectomy (Study 301\/EPOCH1) and hernia repair (Study 302\/EPOCH2). HTX-011 achieved all primary and key secondary endpoints in both Phase 3 trials, demonstrating statistically significant reductions in both pain intensity and the use of opioid rescue medications through 72 hours following surgery.<\/p><p><a href=\"https:\/\/herontherapeutics.gcs-web.com\/news-releases\/news-release-details\/heron-announces-positive-topline-results-pivotal-phase-3\" target=\"_blank\" rel=\"noopener noreferrer\"><strong>CLICK HERE to read about the positive topline results from the phase 3 clinical trials.<\/strong><\/a><\/p><hr \/><h4>October 18, 2017<\/h4><h2>Potential Solution to Opioid Addiction Epidemic Being Tested in San Antonio<\/h2><p><a href=\"https:\/\/woai.iheart.com\/content\/2017-10-18-potential-solution-to-opioid-addiction-epidemic-being-tested-in-san-antonio\/\" target=\"_blank\" rel=\"noopener noreferrer\">READ a local news story featuring our very own Dr. Pollak on the opioid crisis and how new studies are working to combat the issue<\/a>.<\/p>\t\t\t\t\t\t\t\t<\/div>\n\t\t\t\t\t<\/div>\n\t\t<\/div>\n\t\t\t\t\t<\/div>\n\t\t<\/section>\n\t\t\t\t<\/div>\n\t\t","protected":false},"excerpt":{"rendered":"<p>Noticias del 15 de abril de 2025: As\u00ed puede obtener una cirug\u00eda de reemplazo de rodilla gratuita en Sud\u00e1frica. Endeavor Clinical Trials ofrece cirug\u00eda de reemplazo total de rodilla sin costo para quienes califiquen en San Antonio. As\u00ed puede obtener una evaluaci\u00f3n gratuita. Lea el art\u00edculo completo aqu\u00ed. 22 de mayo de 2024: \u00bfPodr\u00eda una persona con diabetes tipo...? <\/p>\n<p class=\"read-more-container\"><a title=\"Noticias\" class=\"read-more button\" href=\"https:\/\/endeavorct.com\/es\/about\/news\/#more-876\" aria-label=\"Leer m\u00e1s sobre Noticias\">Leer m\u00e1s<\/a><\/p>","protected":false},"author":1,"featured_media":0,"parent":16,"menu_order":0,"comment_status":"closed","ping_status":"closed","template":"","meta":{"footnotes":""},"class_list":["post-876","page","type-page","status-publish"],"yoast_head":"<!-- This site is optimized with the Yoast SEO plugin v27.3 - https:\/\/yoast.com\/product\/yoast-seo-wordpress\/ -->\n<title>News | Endeavor Clinical Trials in San Antonio, Texas<\/title>\n<meta name=\"description\" content=\"Find out the latest news and clinical trial studies at Endeavor Clinical Trials located in San Antonio, Texas.\" \/>\n<meta name=\"robots\" content=\"index, follow, max-snippet:-1, max-image-preview:large, max-video-preview:-1\" \/>\n<link rel=\"canonical\" href=\"https:\/\/endeavorct.com\/es\/about\/news\/\" \/>\n<meta property=\"og:locale\" content=\"es_MX\" \/>\n<meta property=\"og:type\" content=\"article\" \/>\n<meta property=\"og:title\" content=\"News | Endeavor Clinical Trials in San Antonio, Texas\" \/>\n<meta property=\"og:description\" content=\"Find out the latest news and clinical trial studies at Endeavor Clinical Trials located in San Antonio, Texas.\" \/>\n<meta property=\"og:url\" content=\"https:\/\/endeavorct.com\/es\/about\/news\/\" \/>\n<meta property=\"og:site_name\" content=\"Endeavor Clinical Trials\" \/>\n<meta property=\"article:modified_time\" content=\"2025-04-16T22:02:14+00:00\" \/>\n<meta name=\"twitter:card\" content=\"summary_large_image\" \/>\n<meta name=\"twitter:label1\" content=\"Tiempo de lectura\" \/>\n\t<meta name=\"twitter:data1\" content=\"3 minutos\" \/>\n<script type=\"application\/ld+json\" class=\"yoast-schema-graph\">{\"@context\":\"https:\\\/\\\/schema.org\",\"@graph\":[{\"@type\":\"WebPage\",\"@id\":\"https:\\\/\\\/endeavorct.com\\\/about\\\/news\\\/\",\"url\":\"https:\\\/\\\/endeavorct.com\\\/about\\\/news\\\/\",\"name\":\"News | Endeavor Clinical Trials in San Antonio, Texas\",\"isPartOf\":{\"@id\":\"https:\\\/\\\/endeavorct.com\\\/#website\"},\"datePublished\":\"2021-04-09T19:49:25+00:00\",\"dateModified\":\"2025-04-16T22:02:14+00:00\",\"description\":\"Find out the latest news and clinical trial studies at Endeavor Clinical Trials located in San Antonio, Texas.\",\"breadcrumb\":{\"@id\":\"https:\\\/\\\/endeavorct.com\\\/about\\\/news\\\/#breadcrumb\"},\"inLanguage\":\"es\",\"potentialAction\":[{\"@type\":\"ReadAction\",\"target\":[\"https:\\\/\\\/endeavorct.com\\\/about\\\/news\\\/\"]}]},{\"@type\":\"BreadcrumbList\",\"@id\":\"https:\\\/\\\/endeavorct.com\\\/about\\\/news\\\/#breadcrumb\",\"itemListElement\":[{\"@type\":\"ListItem\",\"position\":1,\"name\":\"Home\",\"item\":\"https:\\\/\\\/endeavorct.com\\\/\"},{\"@type\":\"ListItem\",\"position\":2,\"name\":\"About Endeavor Clinical Trials\",\"item\":\"https:\\\/\\\/endeavorct.com\\\/about\\\/\"},{\"@type\":\"ListItem\",\"position\":3,\"name\":\"News\"}]},{\"@type\":\"WebSite\",\"@id\":\"https:\\\/\\\/endeavorct.com\\\/#website\",\"url\":\"https:\\\/\\\/endeavorct.com\\\/\",\"name\":\"Endeavor Clinical Trials\",\"description\":\"Clinical research in San Antonio, TX\",\"publisher\":{\"@id\":\"https:\\\/\\\/endeavorct.com\\\/#organization\"},\"potentialAction\":[{\"@type\":\"SearchAction\",\"target\":{\"@type\":\"EntryPoint\",\"urlTemplate\":\"https:\\\/\\\/endeavorct.com\\\/?s={search_term_string}\"},\"query-input\":{\"@type\":\"PropertyValueSpecification\",\"valueRequired\":true,\"valueName\":\"search_term_string\"}}],\"inLanguage\":\"es\"},{\"@type\":\"Organization\",\"@id\":\"https:\\\/\\\/endeavorct.com\\\/#organization\",\"name\":\"Endeavor Clinical Trials\",\"url\":\"https:\\\/\\\/endeavorct.com\\\/\",\"logo\":{\"@type\":\"ImageObject\",\"inLanguage\":\"es\",\"@id\":\"https:\\\/\\\/endeavorct.com\\\/#\\\/schema\\\/logo\\\/image\\\/\",\"url\":\"https:\\\/\\\/endeavorct.com\\\/wp-content\\\/uploads\\\/2026\\\/02\\\/ECT-Blue-Logo-300x159-1-copy.webp\",\"contentUrl\":\"https:\\\/\\\/endeavorct.com\\\/wp-content\\\/uploads\\\/2026\\\/02\\\/ECT-Blue-Logo-300x159-1-copy.webp\",\"width\":300,\"height\":159,\"caption\":\"Endeavor Clinical Trials\"},\"image\":{\"@id\":\"https:\\\/\\\/endeavorct.com\\\/#\\\/schema\\\/logo\\\/image\\\/\"}}]}<\/script>\n<!-- \/ Yoast SEO plugin. -->","yoast_head_json":{"title":"Noticias | Ensayos cl\u00ednicos Endeavor en San Antonio, Texas","description":"Descubra las \u00faltimas noticias y estudios de ensayos cl\u00ednicos en Endeavor Clinical Trials ubicado en San Antonio, Texas.","robots":{"index":"index","follow":"follow","max-snippet":"max-snippet:-1","max-image-preview":"max-image-preview:large","max-video-preview":"max-video-preview:-1"},"canonical":"https:\/\/endeavorct.com\/es\/about\/news\/","og_locale":"es_MX","og_type":"article","og_title":"News | Endeavor Clinical Trials in San Antonio, Texas","og_description":"Find out the latest news and clinical trial studies at Endeavor Clinical Trials located in San Antonio, Texas.","og_url":"https:\/\/endeavorct.com\/es\/about\/news\/","og_site_name":"Endeavor Clinical Trials","article_modified_time":"2025-04-16T22:02:14+00:00","twitter_card":"summary_large_image","twitter_misc":{"Tiempo de lectura":"3 minutos"},"schema":{"@context":"https:\/\/schema.org","@graph":[{"@type":"WebPage","@id":"https:\/\/endeavorct.com\/about\/news\/","url":"https:\/\/endeavorct.com\/about\/news\/","name":"Noticias | Ensayos cl\u00ednicos Endeavor en San Antonio, Texas","isPartOf":{"@id":"https:\/\/endeavorct.com\/#website"},"datePublished":"2021-04-09T19:49:25+00:00","dateModified":"2025-04-16T22:02:14+00:00","description":"Descubra las \u00faltimas noticias y estudios de ensayos cl\u00ednicos en Endeavor Clinical Trials ubicado en San Antonio, Texas.","breadcrumb":{"@id":"https:\/\/endeavorct.com\/about\/news\/#breadcrumb"},"inLanguage":"es","potentialAction":[{"@type":"ReadAction","target":["https:\/\/endeavorct.com\/about\/news\/"]}]},{"@type":"BreadcrumbList","@id":"https:\/\/endeavorct.com\/about\/news\/#breadcrumb","itemListElement":[{"@type":"ListItem","position":1,"name":"Home","item":"https:\/\/endeavorct.com\/"},{"@type":"ListItem","position":2,"name":"About Endeavor Clinical Trials","item":"https:\/\/endeavorct.com\/about\/"},{"@type":"ListItem","position":3,"name":"News"}]},{"@type":"WebSite","@id":"https:\/\/endeavorct.com\/#website","url":"https:\/\/endeavorct.com\/","name":"Ensayos cl\u00ednicos de esfuerzo","description":"Investigaci\u00f3n cl\u00ednica en San Antonio, TX","publisher":{"@id":"https:\/\/endeavorct.com\/#organization"},"potentialAction":[{"@type":"SearchAction","target":{"@type":"EntryPoint","urlTemplate":"https:\/\/endeavorct.com\/?s={search_term_string}"},"query-input":{"@type":"PropertyValueSpecification","valueRequired":true,"valueName":"search_term_string"}}],"inLanguage":"es"},{"@type":"Organization","@id":"https:\/\/endeavorct.com\/#organization","name":"Ensayos cl\u00ednicos de esfuerzo","url":"https:\/\/endeavorct.com\/","logo":{"@type":"ImageObject","inLanguage":"es","@id":"https:\/\/endeavorct.com\/#\/schema\/logo\/image\/","url":"https:\/\/endeavorct.com\/wp-content\/uploads\/2026\/02\/ECT-Blue-Logo-300x159-1-copy.webp","contentUrl":"https:\/\/endeavorct.com\/wp-content\/uploads\/2026\/02\/ECT-Blue-Logo-300x159-1-copy.webp","width":300,"height":159,"caption":"Endeavor Clinical Trials"},"image":{"@id":"https:\/\/endeavorct.com\/#\/schema\/logo\/image\/"}}]}},"_links":{"self":[{"href":"https:\/\/endeavorct.com\/es\/wp-json\/wp\/v2\/pages\/876","targetHints":{"allow":["GET"]}}],"collection":[{"href":"https:\/\/endeavorct.com\/es\/wp-json\/wp\/v2\/pages"}],"about":[{"href":"https:\/\/endeavorct.com\/es\/wp-json\/wp\/v2\/types\/page"}],"author":[{"embeddable":true,"href":"https:\/\/endeavorct.com\/es\/wp-json\/wp\/v2\/users\/1"}],"replies":[{"embeddable":true,"href":"https:\/\/endeavorct.com\/es\/wp-json\/wp\/v2\/comments?post=876"}],"version-history":[{"count":0,"href":"https:\/\/endeavorct.com\/es\/wp-json\/wp\/v2\/pages\/876\/revisions"}],"up":[{"embeddable":true,"href":"https:\/\/endeavorct.com\/es\/wp-json\/wp\/v2\/pages\/16"}],"wp:attachment":[{"href":"https:\/\/endeavorct.com\/es\/wp-json\/wp\/v2\/media?parent=876"}],"curies":[{"name":"gracias","href":"https:\/\/api.w.org\/{rel}","templated":true}]}}